{"id":953,"date":"2021-12-08T11:58:53","date_gmt":"2021-12-08T11:58:53","guid":{"rendered":"https:\/\/www.aracartandresidency.com\/?page_id=953"},"modified":"2022-01-28T13:49:05","modified_gmt":"2022-01-28T13:49:05","slug":"larisa-crunteanu-artak350-residency-2","status":"publish","type":"page","link":"https:\/\/www.aracartandresidency.com\/ro\/larisa-crunteanu-artak350-residency-2\/","title":{"rendered":"Larisa Crun\u021beanu &#8211; Artak350 Residency"},"content":{"rendered":"<p>[et_pb_section fb_built=&#8221;1&#8243; _builder_version=&#8221;4.5.1&#8243; _module_preset=&#8221;default&#8221; background_color=&#8221;#0000ee&#8221; background_image=&#8221;https:\/\/www.aracartandresidency.com\/wp-content\/uploads\/2021\/12\/still-Under-the-Bridgel-scaled.jpg&#8221; background_blend=&#8221;multiply&#8221; custom_margin=&#8221;||-93px|||&#8221; custom_padding=&#8221;100px||126px||false|false&#8221;][\/et_pb_section][et_pb_section fb_built=&#8221;1&#8243; _builder_version=&#8221;4.5.1&#8243; _module_preset=&#8221;default&#8221; custom_margin=&#8221;34px|||||&#8221; custom_padding=&#8221;45px|||||&#8221; custom_css_after=&#8221;display: block;||content: &#8221;;||width: 30px;||height:30px;||background:red;||border-radius: 50%;||position: absolute;||right: 10vw;||bottom: 10vh;&#8221;][et_pb_row column_structure=&#8221;2_5,3_5&#8243; _builder_version=&#8221;4.5.1&#8243; _module_preset=&#8221;default&#8221;][et_pb_column type=&#8221;2_5&#8243; _builder_version=&#8221;4.5.1&#8243; _module_preset=&#8221;default&#8221;][et_pb_image src=&#8221;https:\/\/www.aracartandresidency.com\/wp-content\/uploads\/2021\/12\/WhatsApp-Image-2021-12-08-at-13.34.15.jpeg&#8221; alt=&#8221;Adelina Ivan&#8221; title_text=&#8221;WhatsApp Image 2021-12-08 at 13.34.15&#8243; module_class=&#8221;artist-picture&#8221; _builder_version=&#8221;4.5.1&#8243; _module_preset=&#8221;default&#8221; width=&#8221;43%&#8221; max_width=&#8221;43%&#8221;][\/et_pb_image][et_pb_text module_class=&#8221;artist-name&#8221; _builder_version=&#8221;4.5.1&#8243; _module_preset=&#8221;default&#8221; text_text_color=&#8221;#333333&#8243;]<\/p>\n<p>Larisa Crun\u021beanu<\/p>\n<p>[\/et_pb_text][et_pb_text _builder_version=&#8221;4.5.1&#8243; _module_preset=&#8221;default&#8221; text_text_color=&#8221;#333333&#8243;]<\/p>\n<p>The artist&#8217;s practice as performer, video artist and sound collector moves from reality to fiction in an endless conversation with the viewer. Larisa Crun\u021beanu\u2019s works create contexts in which facts and memories are reactivated, encouraging a shared effort and the emergence of new practices. Many of her projects reflect on the notion of collaboration and the ideas existing behind objects and stories. Her works were shown in important institutions such as the National Museum of Contemporary Art in Bucharest, SAVVY Berlin, Zacheta Project RoomWarsaw, RKI Berlin, Museu deArte Brasieira \u2013 MAB FAAP, S\u00e3o Paulo.<\/p>\n<p>Her works are part of important private and public collections, exhibited in the following selected shows: 2021, One day the day will come when the day will not come, Art Encounters Biennial 2021, Timi\u0219oara; 2020-2021, DO IT BY HEART, National Museum of Contemporary Art, Bucharest; 2021, Image Fantome, Anca Potera\u0219u Gallery, Bucharest; 2020-2021, 12 YEARS AFTER. A SURVEY OF ROMANIAN ART IN 180 WORKS, MNAC Bucharest; 2020, Les Films de Cannes \u00e0 Bucarest, Bucharest;2020, New East Poetistas, Alte Feuerwache\u2014Projektraum, Berlin; 2020, A Room Full of Hysterical Women, Artissima Fondamenta, Torino; 2020, The Winner Takes It All, Montez Press Radio, New York; 2020, Wish, wishing and some associations to that, Radio Corax, Halle; 2020, A Room of One\u2019s Own, Anca Potera\u0219u Gallery, as part of NADA New York Gallery Open, Catinca T\u0103b\u0103caru Gallery, New York; 2020, R.A.B.L.A. (Random Archives &amp; Basic Loop Activators), kinema ikon, Arad Art Museum, Arad; 2019, Artissima Telephone, OGR Torino; 2019, A Room Full of Hysterical Women, Artissima ArtFair, Torino; 2019, BLUEPRINT, HALLE9 Leipzig; 2019, Keep Forgetting to Forget Me, Anca Potera\u0219u Gallery, Spinnerei Leipzig;2019, ULTRASANITY, Savvy Contemporary and ifa Galerie, Berlin; 2019, Foreign Artists in Warsaw, Warsaw Biennale, Warsaw; 2018, Aria Mineralia, Anca Potera\u0219u Gallery Bucharest; 2018, Aria Mineralia, Zacheta Project Room Warsaw; 2018, A Small Insignificant Love, tete Berlin;2018, A Small Insignificant Love, INDEX Foundation, Stockholm; 2017, Souvenir from Nowhere, Museu de Arte Brasileira \u2013 MAB FAAP, S\u00e3o Paulo; 2017, Seeds (Planted By Other Women Inside My Head), RKI Gallery, Berlin; 2016, D\u2019EST Prologue, Martin Gropius Bau, Berlin; 2016, Public Speaking \u2013 with Sonja Hornung, District Berlin, Berlin; 2015, Femina Subtetrix \u2013 with Sonja Hornung, Ivan Gallery, Bucharest; 2013, BwO, Atelier 35, Bucharest; 2014, What about Y(our) Memory \u2013 with Xandra Popescu, MNAC, Bucharest;2014, SalonVideo \u2013 with Xandra Popescu, HAU, Berlin; 2013, Dear Money \u2013 with Xandra Popescu, Salonul de Proiecte, Vienna Art Fair, Vienna; 2013, Good Girls, National Museum of Contemporary Art, Bucharest; 2012, I Hear Bucharest \u2013 with Larisa David, Galeria Posibil\u0103, Bucharest; 2012, Casting for a Perfect Gentleman \u2013 with Xandra Popescu, Atelier 35, Bucharest.<\/p>\n<p><b>Read more: <a href=\"https:\/\/ancapoterasu.com\/gallery-artists\/larisa-crunteanu\/\">ancapoterasu.com\/gallery-artists\/larisa-crunteanu<\/a><\/b><\/p>\n<p>[\/et_pb_text][\/et_pb_column][et_pb_column type=&#8221;3_5&#8243; _builder_version=&#8221;4.5.1&#8243; _module_preset=&#8221;default&#8221; custom_padding=&#8221;|||20px|false|false&#8221; custom_padding_tablet=&#8221;|||0px|false|false&#8221; custom_padding_phone=&#8221;&#8221; custom_padding_last_edited=&#8221;on|tablet&#8221; border_width_left=&#8221;1px&#8221; border_width_left_tablet=&#8221;0px&#8221; border_width_left_phone=&#8221;&#8221; border_width_left_last_edited=&#8221;on|tablet&#8221;][et_pb_text _builder_version=&#8221;4.5.1&#8243; _module_preset=&#8221;default&#8221; text_text_color=&#8221;#333&#8243; header_font=&#8221;|||on|||||&#8221; header_font_size=&#8221;50px&#8221;]<\/p>\n<h1 id=\"seo_h1_tag\" class=\"_5gmx\" data-testid=\"event-permalink-event-name\">Insight into the video works of Larisa Crun\u021beanu<\/h1>\n<p>12 &#8211; 17.12.2021 @ Artak350 Residency &#8211; B\u00e6ringsstofa &#8211; Saga Centre, Grundafj\u00f6r\u00f0ur.<\/p>\n<p style=\"text-align: left;\">The word &#8220;video&#8221; comes from Latin and means &#8220;I watch&#8221;. It is used internationally in the art world under the auspices of video art. There are often blurred boundaries between video art, filmmaking and documentary filmmaking, and Larisa Crun\u021beanu\u2019s works are no exception, moving from reality to fiction in an endless conversation with the viewer.<br \/>Selected works will be on display at B\u00e6ringsstofa movie theater in the Saga Centre in Grundafj\u00f6r\u00f0ur on Sunday December 12th from 15 to 19.<\/p>\n<p style=\"text-align: left;\">Larisa is currently doing a residency in Iceland as a part of the RO-CULTURE Program in collaboration with Artak350 where she will be working on a new project over the next three weeks.<\/p>\n<p style=\"text-align: left;\">The artist\u2019s practice as performer, video artist and sound collector creating contexts in which facts and memories are reactivated, encouraging a shared effort and the emergence of new practices. Many of her projects reflect on the notion of collaboration and the ideas existing behind objects and stories.Her works have been shown in important institutions such as the National Museum of Contemporary Art in Bucharest, SAVVY Berlin, Zacheta Project RoomWarsaw, RKI Berlin and Museu deArte Brasieira \u2013 MAB FAAP, S\u00e3o Paulo.<\/p>\n<p style=\"text-align: left;\"><a href=\"https:\/\/www.facebook.com\/events\/1215728995584538\/?ref=newsfeed\">Facebook event<\/a><\/p>\n<p>[\/et_pb_text][et_pb_gallery gallery_ids=&#8221;1068,1069,1070,1071,1072,1073,1074,1075&#8243; posts_number=&#8221;15&#8243; show_title_and_caption=&#8221;off&#8221; module_class=&#8221;gallery-3&#8243; _builder_version=&#8221;4.5.1&#8243; _module_preset=&#8221;default&#8221; hover_enabled=&#8221;0&#8243; custom_css_gallery_item=&#8221;width: 30% !important;||margin: 0 5% 5% 0 !important;||clear: none!important;&#8221;][\/et_pb_gallery][et_pb_code _builder_version=&#8221;4.5.1&#8243; _module_preset=&#8221;default&#8221;]<\/p>\n<style><!-- [et_pb_line_break_holder] -->  .et_pb_gallery.gallery-3 .et_pb_gallery_item:nth-child(3n) {<!-- [et_pb_line_break_holder] -->    margin-right: 0!important;<!-- [et_pb_line_break_holder] -->  }<!-- [et_pb_line_break_holder] -->  .et_pb_section_1.et_pb_section {<!-- [et_pb_line_break_holder] -->    min-height: auto;<!-- [et_pb_line_break_holder] -->  }<!-- [et_pb_line_break_holder] -->  p {<!-- [et_pb_line_break_holder] -->    line-height: 1.5em;<!-- [et_pb_line_break_holder] -->    padding-bottom: 1.5em;<!-- [et_pb_line_break_holder] -->  }<!-- [et_pb_line_break_holder] -->  .artist-name {<!-- [et_pb_line_break_holder] -->    margin-bottom: 6px;<!-- [et_pb_line_break_holder] -->  }<!-- [et_pb_line_break_holder] --><\/style>\n<p>[\/et_pb_code][et_pb_code admin_label=&#8221;styles gallery&#8221; _builder_version=&#8221;4.5.1&#8243; _module_preset=&#8221;default&#8221;][\/et_pb_code][\/et_pb_column][\/et_pb_row][\/et_pb_section]<\/p>","protected":false},"excerpt":{"rendered":"<p>[et_pb_section fb_built=&#8221;1&#8243; _builder_version=&#8221;4.5.1&#8243; _module_preset=&#8221;default&#8221; background_color=&#8221;#0000ee&#8221; background_image=&#8221;https:\/\/www.aracartandresidency.com\/wp-content\/uploads\/2021\/12\/still-Under-the-Bridgel-scaled.jpg&#8221; background_blend=&#8221;multiply&#8221; custom_margin=&#8221;||-93px|||&#8221; custom_padding=&#8221;100px||126px||false|false&#8221;][\/et_pb_section][et_pb_section fb_built=&#8221;1&#8243; _builder_version=&#8221;4.5.1&#8243; _module_preset=&#8221;default&#8221; custom_margin=&#8221;34px|||||&#8221; custom_padding=&#8221;45px|||||&#8221; custom_css_after=&#8221;display: block;||content: &#8221;;||width: 30px;||height:30px;||background:red;||border-radius: 50%;||position: absolute;||right: 10vw;||bottom: 10vh;&#8221;][et_pb_row column_structure=&#8221;2_5,3_5&#8243; _builder_version=&#8221;4.5.1&#8243; _module_preset=&#8221;default&#8221;][et_pb_column type=&#8221;2_5&#8243; _builder_version=&#8221;4.5.1&#8243; _module_preset=&#8221;default&#8221;][et_pb_image src=&#8221;https:\/\/www.aracartandresidency.com\/wp-content\/uploads\/2021\/12\/WhatsApp-Image-2021-12-08-at-13.34.15.jpeg&#8221; alt=&#8221;Adelina Ivan&#8221; title_text=&#8221;WhatsApp Image 2021-12-08 at 13.34.15&#8243; module_class=&#8221;artist-picture&#8221; _builder_version=&#8221;4.5.1&#8243; _module_preset=&#8221;default&#8221; width=&#8221;43%&#8221; max_width=&#8221;43%&#8221;][\/et_pb_image][et_pb_text module_class=&#8221;artist-name&#8221; _builder_version=&#8221;4.5.1&#8243; _module_preset=&#8221;default&#8221; text_text_color=&#8221;#333333&#8243;] Larisa Crun\u021beanu [\/et_pb_text][et_pb_text _builder_version=&#8221;4.5.1&#8243; _module_preset=&#8221;default&#8221; text_text_color=&#8221;#333333&#8243;] The artist&#8217;s practice as [&hellip;]<\/p>","protected":false},"author":3,"featured_media":955,"parent":0,"menu_order":0,"comment_status":"closed","ping_status":"closed","template":"","meta":{"_et_pb_use_builder":"on","_et_pb_old_content":"","_et_gb_content_width":"","footnotes":""},"class_list":["post-953","page","type-page","status-publish","has-post-thumbnail","hentry"],"yoast_head":"<!-- This site is optimized with the Yoast SEO plugin v26.5 - https:\/\/yoast.com\/wordpress\/plugins\/seo\/ -->\n<title>Larisa Crun\u021beanu - Artak350 Residency - Arac Art And Residency<\/title>\n<meta name=\"description\" content=\"Larisa is currently doing a residency in Iceland as a part of the RO-CULTURE Program in collaboration with Artak350 where she will be working on a new project over the next three weeks.\" \/>\n<meta name=\"robots\" content=\"index, follow, max-snippet:-1, max-image-preview:large, max-video-preview:-1\" \/>\n<link rel=\"canonical\" href=\"https:\/\/www.aracartandresidency.com\/ro\/larisa-crunteanu-artak350-residency-2\/\" \/>\n<meta property=\"og:locale\" content=\"ro_RO\" \/>\n<meta property=\"og:type\" content=\"article\" \/>\n<meta property=\"og:title\" content=\"Larisa Crun\u021beanu - Artak350 Residency - Arac Art And Residency\" \/>\n<meta property=\"og:description\" content=\"Larisa is currently doing a residency in Iceland as a part of the RO-CULTURE Program in collaboration with Artak350 where she will be working on a new project over the next three weeks.\" \/>\n<meta property=\"og:url\" content=\"https:\/\/www.aracartandresidency.com\/ro\/larisa-crunteanu-artak350-residency-2\/\" \/>\n<meta property=\"og:site_name\" content=\"Arac Art And Residency\" \/>\n<meta property=\"article:modified_time\" content=\"2022-01-28T13:49:05+00:00\" \/>\n<meta property=\"og:image\" content=\"https:\/\/www.aracartandresidency.com\/wp-content\/uploads\/2021\/12\/still-Under-the-Bridgel-scaled.jpg\" \/>\n\t<meta property=\"og:image:width\" content=\"2560\" \/>\n\t<meta property=\"og:image:height\" content=\"1438\" \/>\n\t<meta property=\"og:image:type\" content=\"image\/jpeg\" \/>\n<meta name=\"twitter:card\" content=\"summary_large_image\" \/>\n<meta name=\"twitter:label1\" content=\"Timp estimat pentru citire\" \/>\n\t<meta name=\"twitter:data1\" content=\"4 minute\" \/>\n<script type=\"application\/ld+json\" class=\"yoast-schema-graph\">{\"@context\":\"https:\/\/schema.org\",\"@graph\":[{\"@type\":\"WebPage\",\"@id\":\"https:\/\/www.aracartandresidency.com\/larisa-crunteanu-artak350-residency-2\/\",\"url\":\"https:\/\/www.aracartandresidency.com\/larisa-crunteanu-artak350-residency-2\/\",\"name\":\"Larisa Crun\u021beanu - Artak350 Residency - Arac Art And Residency\",\"isPartOf\":{\"@id\":\"https:\/\/www.aracartandresidency.com\/#website\"},\"primaryImageOfPage\":{\"@id\":\"https:\/\/www.aracartandresidency.com\/larisa-crunteanu-artak350-residency-2\/#primaryimage\"},\"image\":{\"@id\":\"https:\/\/www.aracartandresidency.com\/larisa-crunteanu-artak350-residency-2\/#primaryimage\"},\"thumbnailUrl\":\"https:\/\/www.aracartandresidency.com\/wp-content\/uploads\/2021\/12\/still-Under-the-Bridgel-scaled.jpg\",\"datePublished\":\"2021-12-08T11:58:53+00:00\",\"dateModified\":\"2022-01-28T13:49:05+00:00\",\"description\":\"Larisa is currently doing a residency in Iceland as a part of the RO-CULTURE Program in collaboration with Artak350 where she will be working on a new project over the next three weeks.\",\"breadcrumb\":{\"@id\":\"https:\/\/www.aracartandresidency.com\/larisa-crunteanu-artak350-residency-2\/#breadcrumb\"},\"inLanguage\":\"ro-RO\",\"potentialAction\":[{\"@type\":\"ReadAction\",\"target\":[\"https:\/\/www.aracartandresidency.com\/larisa-crunteanu-artak350-residency-2\/\"]}]},{\"@type\":\"ImageObject\",\"inLanguage\":\"ro-RO\",\"@id\":\"https:\/\/www.aracartandresidency.com\/larisa-crunteanu-artak350-residency-2\/#primaryimage\",\"url\":\"https:\/\/www.aracartandresidency.com\/wp-content\/uploads\/2021\/12\/still-Under-the-Bridgel-scaled.jpg\",\"contentUrl\":\"https:\/\/www.aracartandresidency.com\/wp-content\/uploads\/2021\/12\/still-Under-the-Bridgel-scaled.jpg\",\"width\":2560,\"height\":1438},{\"@type\":\"BreadcrumbList\",\"@id\":\"https:\/\/www.aracartandresidency.com\/larisa-crunteanu-artak350-residency-2\/#breadcrumb\",\"itemListElement\":[{\"@type\":\"ListItem\",\"position\":1,\"name\":\"Home\",\"item\":\"https:\/\/www.aracartandresidency.com\/\"},{\"@type\":\"ListItem\",\"position\":2,\"name\":\"Larisa Crun\u021beanu &#8211; Artak350 Residency\"}]},{\"@type\":\"WebSite\",\"@id\":\"https:\/\/www.aracartandresidency.com\/#website\",\"url\":\"https:\/\/www.aracartandresidency.com\/\",\"name\":\"Arac Art And Residency\",\"description\":\"\",\"potentialAction\":[{\"@type\":\"SearchAction\",\"target\":{\"@type\":\"EntryPoint\",\"urlTemplate\":\"https:\/\/www.aracartandresidency.com\/?s={search_term_string}\"},\"query-input\":{\"@type\":\"PropertyValueSpecification\",\"valueRequired\":true,\"valueName\":\"search_term_string\"}}],\"inLanguage\":\"ro-RO\"}]}<\/script>\n<!-- \/ Yoast SEO plugin. -->","yoast_head_json":{"title":"Larisa Crun\u021beanu - Artak350 Residency - Arac Art And Residency","description":"Larisa is currently doing a residency in Iceland as a part of the RO-CULTURE Program in collaboration with Artak350 where she will be working on a new project over the next three weeks.","robots":{"index":"index","follow":"follow","max-snippet":"max-snippet:-1","max-image-preview":"max-image-preview:large","max-video-preview":"max-video-preview:-1"},"canonical":"https:\/\/www.aracartandresidency.com\/ro\/larisa-crunteanu-artak350-residency-2\/","og_locale":"ro_RO","og_type":"article","og_title":"Larisa Crun\u021beanu - Artak350 Residency - Arac Art And Residency","og_description":"Larisa is currently doing a residency in Iceland as a part of the RO-CULTURE Program in collaboration with Artak350 where she will be working on a new project over the next three weeks.","og_url":"https:\/\/www.aracartandresidency.com\/ro\/larisa-crunteanu-artak350-residency-2\/","og_site_name":"Arac Art And Residency","article_modified_time":"2022-01-28T13:49:05+00:00","og_image":[{"width":2560,"height":1438,"url":"https:\/\/www.aracartandresidency.com\/wp-content\/uploads\/2021\/12\/still-Under-the-Bridgel-scaled.jpg","type":"image\/jpeg"}],"twitter_card":"summary_large_image","twitter_misc":{"Timp estimat pentru citire":"4 minute"},"schema":{"@context":"https:\/\/schema.org","@graph":[{"@type":"WebPage","@id":"https:\/\/www.aracartandresidency.com\/larisa-crunteanu-artak350-residency-2\/","url":"https:\/\/www.aracartandresidency.com\/larisa-crunteanu-artak350-residency-2\/","name":"Larisa Crun\u021beanu - Artak350 Residency - Arac Art And Residency","isPartOf":{"@id":"https:\/\/www.aracartandresidency.com\/#website"},"primaryImageOfPage":{"@id":"https:\/\/www.aracartandresidency.com\/larisa-crunteanu-artak350-residency-2\/#primaryimage"},"image":{"@id":"https:\/\/www.aracartandresidency.com\/larisa-crunteanu-artak350-residency-2\/#primaryimage"},"thumbnailUrl":"https:\/\/www.aracartandresidency.com\/wp-content\/uploads\/2021\/12\/still-Under-the-Bridgel-scaled.jpg","datePublished":"2021-12-08T11:58:53+00:00","dateModified":"2022-01-28T13:49:05+00:00","description":"Larisa is currently doing a residency in Iceland as a part of the RO-CULTURE Program in collaboration with Artak350 where she will be working on a new project over the next three weeks.","breadcrumb":{"@id":"https:\/\/www.aracartandresidency.com\/larisa-crunteanu-artak350-residency-2\/#breadcrumb"},"inLanguage":"ro-RO","potentialAction":[{"@type":"ReadAction","target":["https:\/\/www.aracartandresidency.com\/larisa-crunteanu-artak350-residency-2\/"]}]},{"@type":"ImageObject","inLanguage":"ro-RO","@id":"https:\/\/www.aracartandresidency.com\/larisa-crunteanu-artak350-residency-2\/#primaryimage","url":"https:\/\/www.aracartandresidency.com\/wp-content\/uploads\/2021\/12\/still-Under-the-Bridgel-scaled.jpg","contentUrl":"https:\/\/www.aracartandresidency.com\/wp-content\/uploads\/2021\/12\/still-Under-the-Bridgel-scaled.jpg","width":2560,"height":1438},{"@type":"BreadcrumbList","@id":"https:\/\/www.aracartandresidency.com\/larisa-crunteanu-artak350-residency-2\/#breadcrumb","itemListElement":[{"@type":"ListItem","position":1,"name":"Home","item":"https:\/\/www.aracartandresidency.com\/"},{"@type":"ListItem","position":2,"name":"Larisa Crun\u021beanu &#8211; Artak350 Residency"}]},{"@type":"WebSite","@id":"https:\/\/www.aracartandresidency.com\/#website","url":"https:\/\/www.aracartandresidency.com\/","name":"Arac Art And Residency","description":"","potentialAction":[{"@type":"SearchAction","target":{"@type":"EntryPoint","urlTemplate":"https:\/\/www.aracartandresidency.com\/?s={search_term_string}"},"query-input":{"@type":"PropertyValueSpecification","valueRequired":true,"valueName":"search_term_string"}}],"inLanguage":"ro-RO"}]}},"jetpack_sharing_enabled":true,"_links":{"self":[{"href":"https:\/\/www.aracartandresidency.com\/ro\/wp-json\/wp\/v2\/pages\/953","targetHints":{"allow":["GET"]}}],"collection":[{"href":"https:\/\/www.aracartandresidency.com\/ro\/wp-json\/wp\/v2\/pages"}],"about":[{"href":"https:\/\/www.aracartandresidency.com\/ro\/wp-json\/wp\/v2\/types\/page"}],"author":[{"embeddable":true,"href":"https:\/\/www.aracartandresidency.com\/ro\/wp-json\/wp\/v2\/users\/3"}],"replies":[{"embeddable":true,"href":"https:\/\/www.aracartandresidency.com\/ro\/wp-json\/wp\/v2\/comments?post=953"}],"version-history":[{"count":6,"href":"https:\/\/www.aracartandresidency.com\/ro\/wp-json\/wp\/v2\/pages\/953\/revisions"}],"predecessor-version":[{"id":1076,"href":"https:\/\/www.aracartandresidency.com\/ro\/wp-json\/wp\/v2\/pages\/953\/revisions\/1076"}],"wp:featuredmedia":[{"embeddable":true,"href":"https:\/\/www.aracartandresidency.com\/ro\/wp-json\/wp\/v2\/media\/955"}],"wp:attachment":[{"href":"https:\/\/www.aracartandresidency.com\/ro\/wp-json\/wp\/v2\/media?parent=953"}],"curies":[{"name":"wp","href":"https:\/\/api.w.org\/{rel}","templated":true}]}}