{"id":886,"date":"2021-10-25T15:28:02","date_gmt":"2021-10-25T15:28:02","guid":{"rendered":"https:\/\/www.aracartandresidency.com\/?page_id=886"},"modified":"2022-01-27T11:10:17","modified_gmt":"2022-01-27T11:10:17","slug":"temporal-parts","status":"publish","type":"page","link":"https:\/\/www.aracartandresidency.com\/ro\/residency\/temporal-parts\/","title":{"rendered":"Temporal Parts"},"content":{"rendered":"<p>[et_pb_section fb_built=&#8221;1&#8243; _builder_version=&#8221;4.5.1&#8243; _module_preset=&#8221;default&#8221; background_color=&#8221;#0000ee&#8221; background_image=&#8221;https:\/\/www.aracartandresidency.com\/wp-content\/uploads\/2021\/10\/vd-scaled.jpg&#8221; background_blend=&#8221;multiply&#8221; custom_margin=&#8221;||-93px|||&#8221; custom_padding=&#8221;100px||126px||false|false&#8221;][\/et_pb_section][et_pb_section fb_built=&#8221;1&#8243; _builder_version=&#8221;4.5.1&#8243; _module_preset=&#8221;default&#8221; custom_margin=&#8221;34px|||||&#8221; custom_padding=&#8221;45px|||||&#8221; custom_css_after=&#8221;display: block;||content: &#8221;;||width: 30px;||height:30px;||background:red;||border-radius: 50%;||position: absolute;||right: 10vw;||bottom: 10vh;&#8221;][et_pb_row column_structure=&#8221;2_5,3_5&#8243; _builder_version=&#8221;4.5.1&#8243; _module_preset=&#8221;default&#8221;][et_pb_column type=&#8221;2_5&#8243; _builder_version=&#8221;4.5.1&#8243; _module_preset=&#8221;default&#8221;][et_pb_image src=&#8221;https:\/\/www.aracartandresidency.com\/wp-content\/uploads\/2021\/10\/ds.jpg&#8221; title_text=&#8221;ds&#8221; module_class=&#8221;artist-picture&#8221; _builder_version=&#8221;4.5.1&#8243; _module_preset=&#8221;default&#8221; width=&#8221;44%&#8221; max_width=&#8221;44%&#8221;][\/et_pb_image][et_pb_text module_class=&#8221;artist-name&#8221; _builder_version=&#8221;4.5.1&#8243; _module_preset=&#8221;default&#8221; text_text_color=&#8221;#333333&#8243;]<\/p>\n<p>Anetta Mona Chisa<\/p>\n<p>[\/et_pb_text][et_pb_text _builder_version=&#8221;4.5.1&#8243; _module_preset=&#8221;default&#8221; text_text_color=&#8221;#333333&#8243;]<\/p>\n<p><b><span lang=\"EN-GB\">Anetta Mona Chisa<\/span><\/b><span lang=\"EN-GB\"> tr\u0103ie\u0219te \u0219i lucreaz\u0103 la Praga. \u00centre anii 1994 \u0219i 2000, a studiat la Academia de Arte Frumoase din Bratislava. \u00cen 2006, \u00eempreun\u0103 cu Lucia Tk\u00e1\u010dov\u00e1 a fost laureat\u0103 a Premiului Osk\u00e1r \u010cepan, iar \u00een 2011 a expus la cea de-a 54-a Bienal\u0103 de la Vene\u021bia \u00een expozi\u021bia Performing History (cu Lucia Tkacova \u0219i Ion Grigorescu).<\/span><\/p>\n<p><span lang=\"EN-GB\">Practica artistic\u0103 a Anettei Mona Chisa are loc adesea sub forma expozi\u021biilor \u0219i a instala\u021biilor colaborative, fiind preocupat\u0103 mai ales de  discontinuit\u0103\u021bile \u0219i transformarea contextului socio-politic est-european. Artista reflect\u0103 asupra schimb\u0103rii sistemelor de referin\u021b\u0103 \u00eentr-o lume care ader\u0103 din ce \u00een ce mai mult la constr\u00e2ngeri axiomatice \u00een dezvoltarea tehnologic\u0103, a sistemului apitalist \u0219i al individualismului radical.<br \/><\/span><\/p>\n<p><span lang=\"EN-GB\">Proiectele solo \u0219i colaborative ale Anettei Mona Chisa includ expozi\u021bii la Kunstraum Lakeside (2021), Kunsthalle Bratislava (2021), Museumcultuur Strombeek Gent (2019), Kunstraum Niederroesterreich, Viena (2017), Waterside Contemporary, Londra (2013); Galeria Christine Koenig, Viena (2011), Salonul de proiecte Bucure\u0219ti (2011) sau la Neuer Berliner Kunstverein, Berlin (2008), \u00een tranzit.sk, Bratislava (2006); Centre for Contemporary Art Futura, Praga (2006). Chisa a participat la expozi\u021bii de grup la Muzeul Na\u021bional de Art\u0103 Contemporan\u0103 din Bucure\u0219ti; la a 10-a Manifesta din Sankt\nPetersburg; \u00een Kunstrau Kreuzberg \/ Bethanien, Berlin; CONTEXT Art Miami; tranzit.ro, Bucuresti; Cultuurcentrum Strombeek, Grimbergen; Galeria Whitechapel, Londra; la a 3-a Bienala Interna\u021bional\u0103 de Art\u0103 T\u00e2n\u0103r\u0103 de la Moscova; \u00een Muzeul de Art\u0103, \u0141\u00f3d\u017a; Thyssen-Bornemisza Art Contemporary, Viena; MUMOK, Viena \u0219i la a 29-a Bienala de Arte Grafice din Ljubljana.\u00a0<a href=\"http:\/\/tranzit.sk\/\" target=\"_blank\" rel=\"noopener\" data-saferedirecturl=\"https:\/\/www.google.com\/url?q=http:\/\/tranzit.sk&amp;source=gmail&amp;ust=1635235222359000&amp;usg=AFQjCNGPgdIGFFzlW_aabiCzxZUqy6cUvQ\">tranzit.sk<\/a>, Bratislava (2006); Centre for Contermporary Art Futura, Prague (2006).\u00a0\u00a0Chisa participated in group exhibitions in National Museum of Contemporary Art in Bucharest; at the 10th Manifesta in St. Petersburg; in Kunstrau Kreuzberg\/Bethanien, Berlin; CONTEXT Art Miami;\u00a0<a href=\"http:\/\/tranzit.ro\/\" target=\"_blank\" rel=\"noopener\" data-saferedirecturl=\"https:\/\/www.google.com\/url?q=http:\/\/tranzit.ro&amp;source=gmail&amp;ust=1635235222359000&amp;usg=AFQjCNEbbEh-lVqdcaBoQmKjbY1yRYo2Ig\">tranzit.ro<\/a>, Bucharest; Cultuurcentrum Strombeek, Grimbergen; Whitechapel Gallery, London; at the 3rd Moscow International Biennale for Young Art; in Museum of Art, \u0141\u00f3d\u017a; Thyssen-Bornemisza Art Contemporary, Vienna; MUMOK, Vienna and at the 29th Ljubljana Biennial of Graphic Arts.<\/span><\/p>\n<p>[\/et_pb_text][\/et_pb_column][et_pb_column type=&#8221;3_5&#8243; _builder_version=&#8221;4.5.1&#8243; _module_preset=&#8221;default&#8221; custom_padding=&#8221;|||20px|false|false&#8221; custom_padding_tablet=&#8221;|||0px|false|false&#8221; custom_padding_phone=&#8221;&#8221; custom_padding_last_edited=&#8221;on|tablet&#8221; border_width_left=&#8221;1px&#8221; border_width_left_tablet=&#8221;0px&#8221; border_width_left_phone=&#8221;&#8221; border_width_left_last_edited=&#8221;on|tablet&#8221;][et_pb_text _builder_version=&#8221;4.5.1&#8243; _module_preset=&#8221;default&#8221; text_text_color=&#8221;#333&#8243; header_font=&#8221;|||on|||||&#8221; header_font_size=&#8221;50px&#8221; hover_enabled=&#8221;0&#8243;]<\/p>\n<h1 id=\"seo_h1_tag\" class=\"_5gmx\" data-testid=\"event-permalink-event-name\">Temporal Parts<\/h1>\n<p>3.11.2021-21.01.2022 @ Anca Poterasu Gallery<\/p>\n<p style=\"text-align: left;\">Vis\u0103m \u00een dimensiuni temporale elaborate \u0219i suntem modela\u021bi \u00een structuri pe care le punem \u00een mi\u0219care de la un \u00eenceput al unei lumi p\u00e2n\u0103 la sf\u00e2r\u0219itul alteia. Formele contorsionate dau na\u0219tere unor func\u021bii alterate: g\u00e2ndim un sistem osos \u0219i el ne urmeaz\u0103 impulsurile, ne \u00eentreb\u0103m ce este dincolo de recognoscibil \u0219i \u00eentindem bra\u021bele pentru a \u00eent\u00e2mpina necunoscutul. \u201e\u0218tiu c\u0103 totul a fost confuz\u201d, scrie Anne Boyer, \u201edar este aceea\u0219i confuzie ca atunci c\u00e2nd sunt sigur\u0103 c\u0103 fiecare persoan\u0103 care a tr\u0103it vreodat\u0103 \u0219tie exact la ce m\u0103 refer atunci c\u00e2nd spun c\u0103 m\u0103 simt ca un \u0219arpe ce se strecoar\u0103 pe o potec\u0103 \u00een soare, dar care apoi se dovede\u0219te a fi chiar pielea n\u0103p\u00e2rlit\u0103 r\u0103mas\u0103 \u00een urma \u0219arpelui.\u201d*<\/p>\n<p style=\"text-align: left;\">Anetta Mona Chisa urm\u0103re\u0219te defini\u021bia ambigu\u0103 \u00eentre identitate \u0219i multiplicitate, \u00eentre eu-rile l\u0103sate \u00een urm\u0103 \u0219i alteritatea celuilalt. Spa\u021biul galeriei devine simultan o minte colectiv\u0103, un cabinet de curiozit\u0103\u021bi, un p\u00e2ntec \u00een care zigo\u021bi-asteroizi sunt modela\u021bi de cerin\u021bele materiei, sau de imagina\u021bia artistei, sau de spa\u021biul dintre privire \u0219i percep\u021bie.<\/p>\n<p style=\"text-align: left;\">Corpuri noi \u0219i r\u0103m\u0103\u0219i\u021be atemporale coexist\u0103 \u00eentr-un peisaj imaginat la r\u0103scrucea dintre organic \u0219i anorganic. Chestion\u00e2nd modul \u00een care se creeaz\u0103 cunoa\u0219terea, Anetta Mona Chi\u0219a \u00ee\u0219i imagineaz\u0103 un sistem \u00een care diferen\u021bierea dintre art\u0103, \u0219tiin\u021b\u0103, tehnologie, peisaj, nu exist\u0103: reac\u021bii chimice creeaz\u0103 forma\u021biuni cristaline, \u00een timp ce alte structuri din ipsos sunt expuse ca piese turnate, agregate \u00een forme aproape fractale, sau altfel \u00een proces de revenire amorf, la \u00eenceputuri.<\/p>\n<p style=\"text-align: left;\">\u00cen spa\u021biul expozi\u021bional reapar \u00eentreb\u0103ri privind tehnici sculpturale \u0219i rolul artei \u00een a crea realit\u0103\u021bi ce devr\u0103jesc via\u021ba de zi-cu-zi \u00een sisteme predeterminate. Prin metonimii ale formelor \u0219i asocieri disparate, Temporal Parts se configureaz\u0103 ca un experiment al percep\u021biei, al unei straniet\u0103\u021bi colective dintr-un vis \u00een altul, fie \u0219i doar pentru a explora spa\u021biul dintre.\n\n\u201eS\u0103 vezi un \u0219arpe \u00eenseamn\u0103 s\u0103 te g\u00e2nde\u0219ti la felul \u00een care ochii \u0219arpelui str\u0103lucesc \u0219i c\u0103 s-ar putea ca el s\u0103 nu poat\u0103 vedea pentru un timp, pentru c\u0103 este acolo, \u00een transformare, c\u0103p\u0103t\u00e2nd o piele nou\u0103, sc\u0103p\u00e2nd de cea veche, pierdut \u00een procesul de a deveni altceva. \u201d **<\/p>\n<p style=\"text-align: left;\">*<br \/>*l** Citate din (Anne-Boyer, \u201eThe Undying\u201d)<\/p>\n<p style=\"text-align: left;\"><a href=\"https:\/\/fb.me\/e\/4CtBsNlMc\">Facebook event<\/a><\/p>\n<p>[\/et_pb_text][et_pb_gallery gallery_ids=&#8221;1039,1040,1041,1042,1043,1044,1045,1046,1047,1048,1049,1050,1051,1052,1053,1054,1055,1056,1057,1058,1059&#8243; posts_number=&#8221;15&#8243; show_title_and_caption=&#8221;off&#8221; module_class=&#8221;gallery-3&#8243; _builder_version=&#8221;4.5.1&#8243; _module_preset=&#8221;default&#8221; hover_enabled=&#8221;0&#8243; custom_css_gallery_item=&#8221;width: 30% !important;||margin: 0 5% 5% 0 !important;||clear: none!important;&#8221;][\/et_pb_gallery][et_pb_code _builder_version=&#8221;4.5.1&#8243; _module_preset=&#8221;default&#8221;]<\/p>\n<style><!-- [et_pb_line_break_holder] -->  .et_pb_gallery.gallery-3 .et_pb_gallery_item:nth-child(3n) {<!-- [et_pb_line_break_holder] -->    margin-right: 0!important;<!-- [et_pb_line_break_holder] -->  }<!-- [et_pb_line_break_holder] -->  .et_pb_section_1.et_pb_section {<!-- [et_pb_line_break_holder] -->    min-height: auto;<!-- [et_pb_line_break_holder] -->  }<!-- [et_pb_line_break_holder] -->  p {<!-- [et_pb_line_break_holder] -->    line-height: 1.5em;<!-- [et_pb_line_break_holder] -->    padding-bottom: 1.5em;<!-- [et_pb_line_break_holder] -->  }<!-- [et_pb_line_break_holder] -->  .artist-name {<!-- [et_pb_line_break_holder] -->    margin-bottom: 6px;<!-- [et_pb_line_break_holder] -->  }<!-- [et_pb_line_break_holder] --><\/style>\n<p>[\/et_pb_code][et_pb_code admin_label=&#8221;styles gallery&#8221; _builder_version=&#8221;4.5.1&#8243; _module_preset=&#8221;default&#8221;][\/et_pb_code][\/et_pb_column][\/et_pb_row][\/et_pb_section]<\/p>","protected":false},"excerpt":{"rendered":"<p>[et_pb_section fb_built=&#8221;1&#8243; _builder_version=&#8221;4.5.1&#8243; _module_preset=&#8221;default&#8221; background_color=&#8221;#0000ee&#8221; background_image=&#8221;https:\/\/www.aracartandresidency.com\/wp-content\/uploads\/2021\/10\/vd-scaled.jpg&#8221; background_blend=&#8221;multiply&#8221; custom_margin=&#8221;||-93px|||&#8221; custom_padding=&#8221;100px||126px||false|false&#8221;][\/et_pb_section][et_pb_section fb_built=&#8221;1&#8243; _builder_version=&#8221;4.5.1&#8243; _module_preset=&#8221;default&#8221; custom_margin=&#8221;34px|||||&#8221; custom_padding=&#8221;45px|||||&#8221; custom_css_after=&#8221;display: block;||content: &#8221;;||width: 30px;||height:30px;||background:red;||border-radius: 50%;||position: absolute;||right: 10vw;||bottom: 10vh;&#8221;][et_pb_row column_structure=&#8221;2_5,3_5&#8243; _builder_version=&#8221;4.5.1&#8243; _module_preset=&#8221;default&#8221;][et_pb_column type=&#8221;2_5&#8243; _builder_version=&#8221;4.5.1&#8243; _module_preset=&#8221;default&#8221;][et_pb_image src=&#8221;https:\/\/www.aracartandresidency.com\/wp-content\/uploads\/2021\/10\/ds.jpg&#8221; title_text=&#8221;ds&#8221; module_class=&#8221;artist-picture&#8221; _builder_version=&#8221;4.5.1&#8243; _module_preset=&#8221;default&#8221; width=&#8221;44%&#8221; max_width=&#8221;44%&#8221;][\/et_pb_image][et_pb_text module_class=&#8221;artist-name&#8221; _builder_version=&#8221;4.5.1&#8243; _module_preset=&#8221;default&#8221; text_text_color=&#8221;#333333&#8243;] Anetta Mona Chisa [\/et_pb_text][et_pb_text _builder_version=&#8221;4.5.1&#8243; _module_preset=&#8221;default&#8221; text_text_color=&#8221;#333333&#8243;] Anetta Mona Chisa (1975) is an artist who lives [&hellip;]<\/p>","protected":false},"author":3,"featured_media":0,"parent":39,"menu_order":0,"comment_status":"closed","ping_status":"closed","template":"","meta":{"_et_pb_use_builder":"on","_et_pb_old_content":"","_et_gb_content_width":"","footnotes":""},"class_list":["post-886","page","type-page","status-publish","hentry"],"yoast_head":"<!-- This site is optimized with the Yoast SEO plugin v26.5 - https:\/\/yoast.com\/wordpress\/plugins\/seo\/ -->\n<title>Temporal Parts - Arac Art And Residency<\/title>\n<meta name=\"description\" content=\"Temporal Parts solo show Anetta Mona Chisa presents the works developed by the artist during the 6 weeks residency in Bucharest.\" \/>\n<meta name=\"robots\" content=\"index, follow, max-snippet:-1, max-image-preview:large, max-video-preview:-1\" \/>\n<link rel=\"canonical\" href=\"https:\/\/www.aracartandresidency.com\/ro\/residency\/temporal-parts\/\" \/>\n<meta property=\"og:locale\" content=\"ro_RO\" \/>\n<meta property=\"og:type\" content=\"article\" \/>\n<meta property=\"og:title\" content=\"Temporal Parts - Arac Art And Residency\" \/>\n<meta property=\"og:description\" content=\"Temporal Parts solo show Anetta Mona Chisa presents the works developed by the artist during the 6 weeks residency in Bucharest.\" \/>\n<meta property=\"og:url\" content=\"https:\/\/www.aracartandresidency.com\/ro\/residency\/temporal-parts\/\" \/>\n<meta property=\"og:site_name\" content=\"Arac Art And Residency\" \/>\n<meta property=\"article:modified_time\" content=\"2022-01-27T11:10:17+00:00\" \/>\n<meta name=\"twitter:card\" content=\"summary_large_image\" \/>\n<meta name=\"twitter:label1\" content=\"Timp estimat pentru citire\" \/>\n\t<meta name=\"twitter:data1\" content=\"3 minute\" \/>\n<script type=\"application\/ld+json\" class=\"yoast-schema-graph\">{\"@context\":\"https:\/\/schema.org\",\"@graph\":[{\"@type\":\"WebPage\",\"@id\":\"https:\/\/www.aracartandresidency.com\/residency\/temporal-parts\/\",\"url\":\"https:\/\/www.aracartandresidency.com\/residency\/temporal-parts\/\",\"name\":\"Temporal Parts - Arac Art And Residency\",\"isPartOf\":{\"@id\":\"https:\/\/www.aracartandresidency.com\/#website\"},\"datePublished\":\"2021-10-25T15:28:02+00:00\",\"dateModified\":\"2022-01-27T11:10:17+00:00\",\"description\":\"Temporal Parts solo show Anetta Mona Chisa presents the works developed by the artist during the 6 weeks residency in Bucharest.\",\"breadcrumb\":{\"@id\":\"https:\/\/www.aracartandresidency.com\/residency\/temporal-parts\/#breadcrumb\"},\"inLanguage\":\"ro-RO\",\"potentialAction\":[{\"@type\":\"ReadAction\",\"target\":[\"https:\/\/www.aracartandresidency.com\/residency\/temporal-parts\/\"]}]},{\"@type\":\"BreadcrumbList\",\"@id\":\"https:\/\/www.aracartandresidency.com\/residency\/temporal-parts\/#breadcrumb\",\"itemListElement\":[{\"@type\":\"ListItem\",\"position\":1,\"name\":\"Home\",\"item\":\"https:\/\/www.aracartandresidency.com\/\"},{\"@type\":\"ListItem\",\"position\":2,\"name\":\"Residency\",\"item\":\"https:\/\/www.aracartandresidency.com\/residency\/\"},{\"@type\":\"ListItem\",\"position\":3,\"name\":\"Temporal Parts\"}]},{\"@type\":\"WebSite\",\"@id\":\"https:\/\/www.aracartandresidency.com\/#website\",\"url\":\"https:\/\/www.aracartandresidency.com\/\",\"name\":\"Arac Art And Residency\",\"description\":\"\",\"potentialAction\":[{\"@type\":\"SearchAction\",\"target\":{\"@type\":\"EntryPoint\",\"urlTemplate\":\"https:\/\/www.aracartandresidency.com\/?s={search_term_string}\"},\"query-input\":{\"@type\":\"PropertyValueSpecification\",\"valueRequired\":true,\"valueName\":\"search_term_string\"}}],\"inLanguage\":\"ro-RO\"}]}<\/script>\n<!-- \/ Yoast SEO plugin. -->","yoast_head_json":{"title":"Temporal Parts - Arac Art And Residency","description":"Temporal Parts solo show Anetta Mona Chisa presents the works developed by the artist during the 6 weeks residency in Bucharest.","robots":{"index":"index","follow":"follow","max-snippet":"max-snippet:-1","max-image-preview":"max-image-preview:large","max-video-preview":"max-video-preview:-1"},"canonical":"https:\/\/www.aracartandresidency.com\/ro\/residency\/temporal-parts\/","og_locale":"ro_RO","og_type":"article","og_title":"Temporal Parts - Arac Art And Residency","og_description":"Temporal Parts solo show Anetta Mona Chisa presents the works developed by the artist during the 6 weeks residency in Bucharest.","og_url":"https:\/\/www.aracartandresidency.com\/ro\/residency\/temporal-parts\/","og_site_name":"Arac Art And Residency","article_modified_time":"2022-01-27T11:10:17+00:00","twitter_card":"summary_large_image","twitter_misc":{"Timp estimat pentru citire":"3 minute"},"schema":{"@context":"https:\/\/schema.org","@graph":[{"@type":"WebPage","@id":"https:\/\/www.aracartandresidency.com\/residency\/temporal-parts\/","url":"https:\/\/www.aracartandresidency.com\/residency\/temporal-parts\/","name":"Temporal Parts - Arac Art And Residency","isPartOf":{"@id":"https:\/\/www.aracartandresidency.com\/#website"},"datePublished":"2021-10-25T15:28:02+00:00","dateModified":"2022-01-27T11:10:17+00:00","description":"Temporal Parts solo show Anetta Mona Chisa presents the works developed by the artist during the 6 weeks residency in Bucharest.","breadcrumb":{"@id":"https:\/\/www.aracartandresidency.com\/residency\/temporal-parts\/#breadcrumb"},"inLanguage":"ro-RO","potentialAction":[{"@type":"ReadAction","target":["https:\/\/www.aracartandresidency.com\/residency\/temporal-parts\/"]}]},{"@type":"BreadcrumbList","@id":"https:\/\/www.aracartandresidency.com\/residency\/temporal-parts\/#breadcrumb","itemListElement":[{"@type":"ListItem","position":1,"name":"Home","item":"https:\/\/www.aracartandresidency.com\/"},{"@type":"ListItem","position":2,"name":"Residency","item":"https:\/\/www.aracartandresidency.com\/residency\/"},{"@type":"ListItem","position":3,"name":"Temporal Parts"}]},{"@type":"WebSite","@id":"https:\/\/www.aracartandresidency.com\/#website","url":"https:\/\/www.aracartandresidency.com\/","name":"Arac Art And Residency","description":"","potentialAction":[{"@type":"SearchAction","target":{"@type":"EntryPoint","urlTemplate":"https:\/\/www.aracartandresidency.com\/?s={search_term_string}"},"query-input":{"@type":"PropertyValueSpecification","valueRequired":true,"valueName":"search_term_string"}}],"inLanguage":"ro-RO"}]}},"jetpack_sharing_enabled":true,"_links":{"self":[{"href":"https:\/\/www.aracartandresidency.com\/ro\/wp-json\/wp\/v2\/pages\/886","targetHints":{"allow":["GET"]}}],"collection":[{"href":"https:\/\/www.aracartandresidency.com\/ro\/wp-json\/wp\/v2\/pages"}],"about":[{"href":"https:\/\/www.aracartandresidency.com\/ro\/wp-json\/wp\/v2\/types\/page"}],"author":[{"embeddable":true,"href":"https:\/\/www.aracartandresidency.com\/ro\/wp-json\/wp\/v2\/users\/3"}],"replies":[{"embeddable":true,"href":"https:\/\/www.aracartandresidency.com\/ro\/wp-json\/wp\/v2\/comments?post=886"}],"version-history":[{"count":9,"href":"https:\/\/www.aracartandresidency.com\/ro\/wp-json\/wp\/v2\/pages\/886\/revisions"}],"predecessor-version":[{"id":1060,"href":"https:\/\/www.aracartandresidency.com\/ro\/wp-json\/wp\/v2\/pages\/886\/revisions\/1060"}],"up":[{"embeddable":true,"href":"https:\/\/www.aracartandresidency.com\/ro\/wp-json\/wp\/v2\/pages\/39"}],"wp:attachment":[{"href":"https:\/\/www.aracartandresidency.com\/ro\/wp-json\/wp\/v2\/media?parent=886"}],"curies":[{"name":"wp","href":"https:\/\/api.w.org\/{rel}","templated":true}]}}