{"id":551,"date":"2021-05-19T08:01:21","date_gmt":"2021-05-19T08:01:21","guid":{"rendered":"https:\/\/www.aracartandresidency.com\/?page_id=551"},"modified":"2021-12-08T12:03:40","modified_gmt":"2021-12-08T12:03:40","slug":"iceland-artak350-residency","status":"publish","type":"page","link":"https:\/\/www.aracartandresidency.com\/ro\/iceland-artak350-residency\/","title":{"rendered":"Iceland"},"content":{"rendered":"<p>[et_pb_section fb_built=&#8221;1&#8243; _builder_version=&#8221;4.5.1&#8243; _module_preset=&#8221;default&#8221; custom_padding=&#8221;0px|0px|0px|0px|false|false&#8221;][et_pb_row column_structure=&#8221;3_5,2_5&#8243; make_equal=&#8221;on&#8221; custom_padding_last_edited=&#8221;on|tablet&#8221; _builder_version=&#8221;4.5.1&#8243; _module_preset=&#8221;default&#8221; width=&#8221;100%&#8221; max_width=&#8221;2560px&#8221; custom_margin=&#8221;0px||0px||false|false&#8221; custom_padding=&#8221;0px||0px||false|false&#8221; custom_padding_tablet=&#8221;||||false|false&#8221; custom_padding_phone=&#8221;&#8221;][et_pb_column type=&#8221;3_5&#8243; _builder_version=&#8221;4.5.1&#8243; _module_preset=&#8221;default&#8221; background_color=&#8221;#F22525&#8243; custom_padding=&#8221;|||100px|false|false&#8221; custom_padding_tablet=&#8221;0px|50px|0px|50px|false|false&#8221; custom_padding_phone=&#8221;|20px||20px|false|false&#8221; custom_padding_last_edited=&#8221;on|tablet&#8221;][et_pb_text _builder_version=&#8221;4.5.1&#8243; _module_preset=&#8221;default&#8221; text_text_color=&#8221;#ffffff&#8221; header_font=&#8221;|||on|||||&#8221; header_text_color=&#8221;#ffffff&#8221; header_font_size=&#8221;85px&#8221; max_width=&#8221;700px&#8221; module_alignment=&#8221;right&#8221; custom_margin=&#8221;auto||auto||false|false&#8221; custom_padding=&#8221;100px|100px|100px||false|false&#8221; custom_padding_tablet=&#8221;50px|0px|50px||false|false&#8221; custom_padding_phone=&#8221;30px||30px||false|false&#8221; custom_padding_last_edited=&#8221;on|tablet&#8221; header_font_size_tablet=&#8221;50px&#8221; header_font_size_phone=&#8221;&#8221; header_font_size_last_edited=&#8221;on|tablet&#8221;]<\/p>\n<h1>ARAC ART &amp; RESIDENCY<span style=\"font-size: 14px;\">\u00a0<\/span><\/h1>\n<p style=\"text-align: left;\">\u00cen urm\u0103torii doi ani, ARAC, \u00een parteneriat cu reziden\u021ba ARTAK350, organizeaz\u0103 un proiect de anvergur\u0103 care are ca scop extinderea scenei de art\u0103 contemporan\u0103 local\u0103. Printr-o serie de evenimente culturale \u0219i reziden\u021be artistice, proiectul \u00ee\u0219i propune s\u0103 creeze noi leg\u0103turi \u0219i dialoguri \u00een cadrul comunit\u0103\u021bilor artistice rom\u00e2ne\u0219ti \u0219i islandeze. Doi arti\u0219ti rom\u00e2ni vor participa \u00een 2 reziden\u021be de c\u0103te 4 s\u0103pt\u0103m\u00e2ni \u00een Grundarfj\u00f6r\u00f0ur, Islanda. Pe m\u0103sur\u0103 ce exploreaz\u0103 \u0219i dezvolt\u0103 noi concepte \u0219i abord\u0103ri artistice diverse, ace\u0219tia vor lucra \u00eempreun\u0103 cu un curator local \u0219i cu echipa de reziden\u021b\u0103 ARTAK350 pentru expozi\u021bie \u00een Grundarfj\u00f6r\u00f0ur.<\/p>\n<p style=\"text-align: left;\">La \u00eentoarcerea \u00een Rom\u00e2nia, arti\u0219tii vor sus\u021bine o discu\u021bie despre reziden\u021ba \u00een Islanda la Bucure\u0219ti \u00een cadrul evenimentelor Insomnia Days and Nights.<\/p>\n<p>[\/et_pb_text][\/et_pb_column][et_pb_column type=&#8221;2_5&#8243; _builder_version=&#8221;4.5.1&#8243; _module_preset=&#8221;default&#8221;][et_pb_image src=&#8221;https:\/\/www.aracartandresidency.com\/wp-content\/themes\/arac\/img\/illustration-residencies.svg&#8221; force_fullwidth=&#8221;on&#8221; disabled_on=&#8221;on|on|off&#8221; _builder_version=&#8221;4.5.1&#8243; _module_preset=&#8221;default&#8221; custom_margin=&#8221;|||-50%|false|false&#8221; custom_padding=&#8221;50px||50px||false|false&#8221;][\/et_pb_image][\/et_pb_column][\/et_pb_row][\/et_pb_section][et_pb_section fb_built=&#8221;1&#8243; custom_padding_last_edited=&#8221;on|tablet&#8221; _builder_version=&#8221;4.5.1&#8243; _module_preset=&#8221;default&#8221; custom_padding_tablet=&#8221;0px||0px||false|false&#8221; custom_padding_phone=&#8221;&#8221;][et_pb_row column_structure=&#8221;1_2,1_2&#8243; _builder_version=&#8221;4.5.1&#8243; _module_preset=&#8221;default&#8221;][et_pb_column type=&#8221;1_2&#8243; _builder_version=&#8221;4.5.1&#8243; _module_preset=&#8221;default&#8221;][et_pb_image src=&#8221;https:\/\/www.aracartandresidency.com\/wp-content\/uploads\/2021\/05\/171707738_10226497535730782_5429593071762496549_n.jpg&#8221; title_text=&#8221;171707738_10226497535730782_5429593071762496549_n&#8221; _builder_version=&#8221;4.5.1&#8243; _module_preset=&#8221;default&#8221;][\/et_pb_image][\/et_pb_column][et_pb_column type=&#8221;1_2&#8243; _builder_version=&#8221;4.5.1&#8243; _module_preset=&#8221;default&#8221;][et_pb_text module_class=&#8221;open-call-texts&#8221; _builder_version=&#8221;4.5.1&#8243; _module_preset=&#8221;default&#8221; text_text_color=&#8221;#000000&#8243; text_font_size=&#8221;50px&#8221; text_line_height=&#8221;50px&#8221; link_text_align=&#8221;left&#8221; link_text_color=&#8221;#000000&#8243; link_font_size=&#8221;50px&#8221; link_line_height=&#8221;50px&#8221; header_2_font=&#8221;|||on|||||&#8221; header_2_text_color=&#8221;#000000&#8243; header_2_font_size=&#8221;50px&#8221; link_option_url=&#8221;https:\/\/www.aracartandresidency.com\/?page_id=631&#038;preview=true&#8221; text_font_size_tablet=&#8221;30px&#8221; text_font_size_phone=&#8221;&#8221; text_font_size_last_edited=&#8221;on|desktop&#8221; text_line_height_tablet=&#8221;30px&#8221; text_line_height_phone=&#8221;&#8221; text_line_height_last_edited=&#8221;on|tablet&#8221; link_font_size_tablet=&#8221;30px&#8221; link_font_size_phone=&#8221;&#8221; link_font_size_last_edited=&#8221;on|desktop&#8221; link_line_height_tablet=&#8221;30px&#8221; link_line_height_phone=&#8221;&#8221; link_line_height_last_edited=&#8221;on|tablet&#8221; header_2_font_size_tablet=&#8221;30px&#8221; header_2_font_size_phone=&#8221;&#8221; header_2_font_size_last_edited=&#8221;on|desktop&#8221;]<\/p>\n<div style=\"display: flex; justify-content: space-between;\">\n<h2 style=\"margin-top: 0;\">Adelina Ivan<\/h2>\n<div>\n<p><a href=\"https:\/\/www.aracartandresidency.com\/ro\/?page_id=631&amp;preview=true\">2021\u2192<\/a><\/p>\n<\/div>\n<\/div>\n<p>[\/et_pb_text][et_pb_text _builder_version=&#8221;4.5.1&#8243; _module_preset=&#8221;default&#8221;]<\/p>\n<p>Adelina Ivan va participa la o reziden\u021b\u0103 artistic\u0103 timp de 3 s\u0103pt\u0103m\u00e2ni la partenerul nostru Artak350 Residency \u00een Islanda \u00een perioada 13.05 - 31.05.2021.<\/p>\n<p>Adelina Ivan is a visual artist who works with light and memory through textiles, photography, installations and video. Her personal discourse explores the overlap of time, space and memory, their winding and intimate interactions. Just like the fabrics used in her works, time space and memory fold and unfold into sleek silky surfaces and solid depths. The identity discourse debates the concept of \u2018the other\u2019 by problematizing otherness and discussing how to perceive diversity.<\/p>\n<p>Photo by Andrei Becheru courtesy of Scena9<\/p>\n<p>&nbsp;<\/p>\n<p>&nbsp;<\/p>\n<p>[\/et_pb_text][\/et_pb_column][\/et_pb_row][et_pb_row column_structure=&#8221;1_2,1_2&#8243; _builder_version=&#8221;4.5.1&#8243; _module_preset=&#8221;default&#8221;][et_pb_column type=&#8221;1_2&#8243; _builder_version=&#8221;4.5.1&#8243; _module_preset=&#8221;default&#8221;][et_pb_image src=&#8221;https:\/\/www.aracartandresidency.com\/wp-content\/uploads\/2021\/12\/WhatsApp-Image-2021-12-08-at-13.34.15.jpeg&#8221; title_text=&#8221;WhatsApp Image 2021-12-08 at 13.34.15&#8243; _builder_version=&#8221;4.5.1&#8243; _module_preset=&#8221;default&#8221; hover_enabled=&#8221;0&#8243; url=&#8221;https:\/\/www.aracartandresidency.com\/larisa-crunteanu-artak350-residency-2\/&#8221;][\/et_pb_image][\/et_pb_column][et_pb_column type=&#8221;1_2&#8243; _builder_version=&#8221;4.5.1&#8243; _module_preset=&#8221;default&#8221;][et_pb_text module_class=&#8221;open-call-texts&#8221; _builder_version=&#8221;4.5.1&#8243; _module_preset=&#8221;default&#8221; text_text_color=&#8221;#000000&#8243; text_font_size=&#8221;50px&#8221; text_line_height=&#8221;50px&#8221; link_text_align=&#8221;left&#8221; link_text_color=&#8221;#000000&#8243; link_font_size=&#8221;50px&#8221; link_line_height=&#8221;50px&#8221; header_2_font=&#8221;|||on|||||&#8221; header_2_text_color=&#8221;#000000&#8243; header_2_font_size=&#8221;50px&#8221; link_option_url=&#8221;https:\/\/www.aracartandresidency.com\/larisa-crunteanu-artak350-residency-2\/&#8221; hover_enabled=&#8221;0&#8243; text_font_size_tablet=&#8221;30px&#8221; text_font_size_phone=&#8221;&#8221; text_font_size_last_edited=&#8221;on|desktop&#8221; text_line_height_tablet=&#8221;30px&#8221; text_line_height_phone=&#8221;&#8221; text_line_height_last_edited=&#8221;on|tablet&#8221; link_font_size_tablet=&#8221;30px&#8221; link_font_size_phone=&#8221;&#8221; link_font_size_last_edited=&#8221;on|desktop&#8221; link_line_height_tablet=&#8221;30px&#8221; link_line_height_phone=&#8221;&#8221; link_line_height_last_edited=&#8221;on|tablet&#8221; header_2_font_size_tablet=&#8221;30px&#8221; header_2_font_size_phone=&#8221;&#8221; header_2_font_size_last_edited=&#8221;on|desktop&#8221;]<\/p>\n<div style=\"display: flex; justify-content: space-between;\">\n<h2 style=\"margin-top: 0;\">Larisa Crun\u021beanu<\/h2>\n<div>\n<p><a href=\"https:\/\/www.aracartandresidency.com\/ro\/larisa-crunteanu-artak350-residency-2\/\">2021\u2192<\/a><\/p>\n<\/div>\n<\/div>\n<p>[\/et_pb_text][et_pb_text _builder_version=&#8221;4.5.1&#8243; _module_preset=&#8221;default&#8221; hover_enabled=&#8221;0&#8243; link_option_url=&#8221;https:\/\/www.aracartandresidency.com\/larisa-crunteanu-artak350-residency-2\/&#8221;]<\/p>\n<p>Larisa Crun\u021beanu will participate in a residency at our partner Artak350 Residency in Iceland from 03.12 &#8211; 20.12.2021.<\/p>\n<p>The artist&#8217;s practice as performer, video artist and sound collector moves from reality to fiction in an endless conversation with the viewer. Larisa Crun\u021beanu\u2019s works create contexts in which facts and memories are reactivated, encouraging a shared effort and the emergence of new practices.<\/p>\n<p>&nbsp;<\/p>\n<p>&nbsp;<\/p>\n<p>[\/et_pb_text][\/et_pb_column][\/et_pb_row][\/et_pb_section]<\/p>","protected":false},"excerpt":{"rendered":"<p>[et_pb_section fb_built=&#8221;1&#8243; _builder_version=&#8221;4.5.1&#8243; _module_preset=&#8221;default&#8221; custom_padding=&#8221;0px|0px|0px|0px|false|false&#8221;][et_pb_row column_structure=&#8221;3_5,2_5&#8243; make_equal=&#8221;on&#8221; custom_padding_last_edited=&#8221;on|tablet&#8221; _builder_version=&#8221;4.5.1&#8243; _module_preset=&#8221;default&#8221; width=&#8221;100%&#8221; max_width=&#8221;2560px&#8221; custom_margin=&#8221;0px||0px||false|false&#8221; custom_padding=&#8221;0px||0px||false|false&#8221; custom_padding_tablet=&#8221;||||false|false&#8221; custom_padding_phone=&#8221;&#8221;][et_pb_column type=&#8221;3_5&#8243; _builder_version=&#8221;4.5.1&#8243; _module_preset=&#8221;default&#8221; background_color=&#8221;#F22525&#8243; custom_padding=&#8221;|||100px|false|false&#8221; custom_padding_tablet=&#8221;0px|50px|0px|50px|false|false&#8221; custom_padding_phone=&#8221;|20px||20px|false|false&#8221; custom_padding_last_edited=&#8221;on|tablet&#8221;][et_pb_text _builder_version=&#8221;4.5.1&#8243; _module_preset=&#8221;default&#8221; text_text_color=&#8221;#ffffff&#8221; header_font=&#8221;|||on|||||&#8221; header_text_color=&#8221;#ffffff&#8221; header_font_size=&#8221;85px&#8221; max_width=&#8221;700px&#8221; module_alignment=&#8221;right&#8221; custom_margin=&#8221;auto||auto||false|false&#8221; custom_padding=&#8221;100px|100px|100px||false|false&#8221; custom_padding_tablet=&#8221;50px|0px|50px||false|false&#8221; custom_padding_phone=&#8221;30px||30px||false|false&#8221; custom_padding_last_edited=&#8221;on|tablet&#8221; header_font_size_tablet=&#8221;50px&#8221; header_font_size_phone=&#8221;&#8221; header_font_size_last_edited=&#8221;on|tablet&#8221;] ARAC ART &amp; RESIDENCY\u00a0 For the next two years, ARAC in partnership with ARTAK350 residency [&hellip;]<\/p>","protected":false},"author":1,"featured_media":625,"parent":0,"menu_order":0,"comment_status":"closed","ping_status":"closed","template":"","meta":{"_et_pb_use_builder":"on","_et_pb_old_content":"","_et_gb_content_width":"","footnotes":""},"class_list":["post-551","page","type-page","status-publish","has-post-thumbnail","hentry"],"yoast_head":"<!-- This site is optimized with the Yoast SEO plugin v26.5 - https:\/\/yoast.com\/wordpress\/plugins\/seo\/ -->\n<title>Iceland - Arac Art And Residency<\/title>\n<meta name=\"description\" content=\"ARAC ART &amp; RESIDENCY aims to introduce international artists and curators to the Romanian cultural environment.\" \/>\n<meta name=\"robots\" content=\"index, follow, max-snippet:-1, max-image-preview:large, max-video-preview:-1\" \/>\n<link rel=\"canonical\" href=\"https:\/\/www.aracartandresidency.com\/ro\/iceland-artak350-residency\/\" \/>\n<meta property=\"og:locale\" content=\"ro_RO\" \/>\n<meta property=\"og:type\" content=\"article\" \/>\n<meta property=\"og:title\" content=\"Iceland - Arac Art And Residency\" \/>\n<meta property=\"og:description\" content=\"ARAC ART &amp; RESIDENCY aims to introduce international artists and curators to the Romanian cultural environment.\" \/>\n<meta property=\"og:url\" content=\"https:\/\/www.aracartandresidency.com\/ro\/iceland-artak350-residency\/\" \/>\n<meta property=\"og:site_name\" content=\"Arac Art And Residency\" \/>\n<meta property=\"article:modified_time\" content=\"2021-12-08T12:03:40+00:00\" \/>\n<meta property=\"og:image\" content=\"https:\/\/www.aracartandresidency.com\/wp-content\/uploads\/2021\/05\/2.Artak-residency-01-01-2-scaled.jpg\" \/>\n\t<meta property=\"og:image:width\" content=\"2560\" \/>\n\t<meta property=\"og:image:height\" content=\"933\" \/>\n\t<meta property=\"og:image:type\" content=\"image\/jpeg\" \/>\n<meta name=\"twitter:card\" content=\"summary_large_image\" \/>\n<meta name=\"twitter:label1\" content=\"Timp estimat pentru citire\" \/>\n\t<meta name=\"twitter:data1\" content=\"2 minute\" \/>\n<script type=\"application\/ld+json\" class=\"yoast-schema-graph\">{\"@context\":\"https:\/\/schema.org\",\"@graph\":[{\"@type\":\"WebPage\",\"@id\":\"https:\/\/www.aracartandresidency.com\/iceland-artak350-residency\/\",\"url\":\"https:\/\/www.aracartandresidency.com\/iceland-artak350-residency\/\",\"name\":\"Iceland - Arac Art And Residency\",\"isPartOf\":{\"@id\":\"https:\/\/www.aracartandresidency.com\/#website\"},\"primaryImageOfPage\":{\"@id\":\"https:\/\/www.aracartandresidency.com\/iceland-artak350-residency\/#primaryimage\"},\"image\":{\"@id\":\"https:\/\/www.aracartandresidency.com\/iceland-artak350-residency\/#primaryimage\"},\"thumbnailUrl\":\"https:\/\/www.aracartandresidency.com\/wp-content\/uploads\/2021\/05\/2.Artak-residency-01-01-2-scaled.jpg\",\"datePublished\":\"2021-05-19T08:01:21+00:00\",\"dateModified\":\"2021-12-08T12:03:40+00:00\",\"description\":\"ARAC ART & RESIDENCY aims to introduce international artists and curators to the Romanian cultural environment.\",\"breadcrumb\":{\"@id\":\"https:\/\/www.aracartandresidency.com\/iceland-artak350-residency\/#breadcrumb\"},\"inLanguage\":\"ro-RO\",\"potentialAction\":[{\"@type\":\"ReadAction\",\"target\":[\"https:\/\/www.aracartandresidency.com\/iceland-artak350-residency\/\"]}]},{\"@type\":\"ImageObject\",\"inLanguage\":\"ro-RO\",\"@id\":\"https:\/\/www.aracartandresidency.com\/iceland-artak350-residency\/#primaryimage\",\"url\":\"https:\/\/www.aracartandresidency.com\/wp-content\/uploads\/2021\/05\/2.Artak-residency-01-01-2-scaled.jpg\",\"contentUrl\":\"https:\/\/www.aracartandresidency.com\/wp-content\/uploads\/2021\/05\/2.Artak-residency-01-01-2-scaled.jpg\",\"width\":2560,\"height\":933},{\"@type\":\"BreadcrumbList\",\"@id\":\"https:\/\/www.aracartandresidency.com\/iceland-artak350-residency\/#breadcrumb\",\"itemListElement\":[{\"@type\":\"ListItem\",\"position\":1,\"name\":\"Home\",\"item\":\"https:\/\/www.aracartandresidency.com\/\"},{\"@type\":\"ListItem\",\"position\":2,\"name\":\"Iceland\"}]},{\"@type\":\"WebSite\",\"@id\":\"https:\/\/www.aracartandresidency.com\/#website\",\"url\":\"https:\/\/www.aracartandresidency.com\/\",\"name\":\"Arac Art And Residency\",\"description\":\"\",\"potentialAction\":[{\"@type\":\"SearchAction\",\"target\":{\"@type\":\"EntryPoint\",\"urlTemplate\":\"https:\/\/www.aracartandresidency.com\/?s={search_term_string}\"},\"query-input\":{\"@type\":\"PropertyValueSpecification\",\"valueRequired\":true,\"valueName\":\"search_term_string\"}}],\"inLanguage\":\"ro-RO\"}]}<\/script>\n<!-- \/ Yoast SEO plugin. -->","yoast_head_json":{"title":"Iceland - Arac Art And Residency","description":"ARAC ART & RESIDENCY aims to introduce international artists and curators to the Romanian cultural environment.","robots":{"index":"index","follow":"follow","max-snippet":"max-snippet:-1","max-image-preview":"max-image-preview:large","max-video-preview":"max-video-preview:-1"},"canonical":"https:\/\/www.aracartandresidency.com\/ro\/iceland-artak350-residency\/","og_locale":"ro_RO","og_type":"article","og_title":"Iceland - Arac Art And Residency","og_description":"ARAC ART & RESIDENCY aims to introduce international artists and curators to the Romanian cultural environment.","og_url":"https:\/\/www.aracartandresidency.com\/ro\/iceland-artak350-residency\/","og_site_name":"Arac Art And Residency","article_modified_time":"2021-12-08T12:03:40+00:00","og_image":[{"width":2560,"height":933,"url":"https:\/\/www.aracartandresidency.com\/wp-content\/uploads\/2021\/05\/2.Artak-residency-01-01-2-scaled.jpg","type":"image\/jpeg"}],"twitter_card":"summary_large_image","twitter_misc":{"Timp estimat pentru citire":"2 minute"},"schema":{"@context":"https:\/\/schema.org","@graph":[{"@type":"WebPage","@id":"https:\/\/www.aracartandresidency.com\/iceland-artak350-residency\/","url":"https:\/\/www.aracartandresidency.com\/iceland-artak350-residency\/","name":"Iceland - Arac Art And Residency","isPartOf":{"@id":"https:\/\/www.aracartandresidency.com\/#website"},"primaryImageOfPage":{"@id":"https:\/\/www.aracartandresidency.com\/iceland-artak350-residency\/#primaryimage"},"image":{"@id":"https:\/\/www.aracartandresidency.com\/iceland-artak350-residency\/#primaryimage"},"thumbnailUrl":"https:\/\/www.aracartandresidency.com\/wp-content\/uploads\/2021\/05\/2.Artak-residency-01-01-2-scaled.jpg","datePublished":"2021-05-19T08:01:21+00:00","dateModified":"2021-12-08T12:03:40+00:00","description":"ARAC ART & RESIDENCY aims to introduce international artists and curators to the Romanian cultural environment.","breadcrumb":{"@id":"https:\/\/www.aracartandresidency.com\/iceland-artak350-residency\/#breadcrumb"},"inLanguage":"ro-RO","potentialAction":[{"@type":"ReadAction","target":["https:\/\/www.aracartandresidency.com\/iceland-artak350-residency\/"]}]},{"@type":"ImageObject","inLanguage":"ro-RO","@id":"https:\/\/www.aracartandresidency.com\/iceland-artak350-residency\/#primaryimage","url":"https:\/\/www.aracartandresidency.com\/wp-content\/uploads\/2021\/05\/2.Artak-residency-01-01-2-scaled.jpg","contentUrl":"https:\/\/www.aracartandresidency.com\/wp-content\/uploads\/2021\/05\/2.Artak-residency-01-01-2-scaled.jpg","width":2560,"height":933},{"@type":"BreadcrumbList","@id":"https:\/\/www.aracartandresidency.com\/iceland-artak350-residency\/#breadcrumb","itemListElement":[{"@type":"ListItem","position":1,"name":"Home","item":"https:\/\/www.aracartandresidency.com\/"},{"@type":"ListItem","position":2,"name":"Iceland"}]},{"@type":"WebSite","@id":"https:\/\/www.aracartandresidency.com\/#website","url":"https:\/\/www.aracartandresidency.com\/","name":"Arac Art And Residency","description":"","potentialAction":[{"@type":"SearchAction","target":{"@type":"EntryPoint","urlTemplate":"https:\/\/www.aracartandresidency.com\/?s={search_term_string}"},"query-input":{"@type":"PropertyValueSpecification","valueRequired":true,"valueName":"search_term_string"}}],"inLanguage":"ro-RO"}]}},"jetpack_sharing_enabled":true,"_links":{"self":[{"href":"https:\/\/www.aracartandresidency.com\/ro\/wp-json\/wp\/v2\/pages\/551","targetHints":{"allow":["GET"]}}],"collection":[{"href":"https:\/\/www.aracartandresidency.com\/ro\/wp-json\/wp\/v2\/pages"}],"about":[{"href":"https:\/\/www.aracartandresidency.com\/ro\/wp-json\/wp\/v2\/types\/page"}],"author":[{"embeddable":true,"href":"https:\/\/www.aracartandresidency.com\/ro\/wp-json\/wp\/v2\/users\/1"}],"replies":[{"embeddable":true,"href":"https:\/\/www.aracartandresidency.com\/ro\/wp-json\/wp\/v2\/comments?post=551"}],"version-history":[{"count":10,"href":"https:\/\/www.aracartandresidency.com\/ro\/wp-json\/wp\/v2\/pages\/551\/revisions"}],"predecessor-version":[{"id":962,"href":"https:\/\/www.aracartandresidency.com\/ro\/wp-json\/wp\/v2\/pages\/551\/revisions\/962"}],"wp:featuredmedia":[{"embeddable":true,"href":"https:\/\/www.aracartandresidency.com\/ro\/wp-json\/wp\/v2\/media\/625"}],"wp:attachment":[{"href":"https:\/\/www.aracartandresidency.com\/ro\/wp-json\/wp\/v2\/media?parent=551"}],"curies":[{"name":"wp","href":"https:\/\/api.w.org\/{rel}","templated":true}]}}