{"id":450,"date":"2021-04-15T11:27:52","date_gmt":"2021-04-15T11:27:52","guid":{"rendered":"https:\/\/www.aracartandresidency.com\/?page_id=450"},"modified":"2021-06-09T11:01:34","modified_gmt":"2021-06-09T11:01:34","slug":"solo-show-aurora-kiraly","status":"publish","type":"page","link":"https:\/\/www.aracartandresidency.com\/ro\/solo-show-aurora-kiraly\/","title":{"rendered":"Solo Show Aurora Kir\u00e1ly"},"content":{"rendered":"<p>[et_pb_section fb_built=&#8221;1&#8243; _builder_version=&#8221;4.5.1&#8243; _module_preset=&#8221;default&#8221; background_color=&#8221;#0000ee&#8221; background_image=&#8221;https:\/\/www.aracartandresidency.com\/wp-content\/uploads\/2021\/04\/Aurora-Kiraly_SD_SN_Balance-is-everything.2021-detail_2000-px-1.jpg&#8221; background_blend=&#8221;multiply&#8221; custom_margin=&#8221;||-93px|||&#8221; custom_padding=&#8221;100px||126px||false|false&#8221;][\/et_pb_section][et_pb_section fb_built=&#8221;1&#8243; _builder_version=&#8221;4.5.1&#8243; _module_preset=&#8221;default&#8221; custom_margin=&#8221;34px|||||&#8221; custom_padding=&#8221;45px|||||&#8221; custom_css_after=&#8221;display: block;||content: &#8221;;||width: 30px;||height:30px;||background:red;||border-radius: 50%;||position: absolute;||right: 10vw;||bottom: 10vh;&#8221;][et_pb_row column_structure=&#8221;2_5,3_5&#8243; _builder_version=&#8221;4.5.1&#8243; _module_preset=&#8221;default&#8221;][et_pb_column type=&#8221;2_5&#8243; _builder_version=&#8221;4.5.1&#8243; _module_preset=&#8221;default&#8221;][et_pb_image src=&#8221;https:\/\/www.aracartandresidency.com\/wp-content\/uploads\/2021\/04\/Portret-Aurora_by-Nicu-Ilfoveanu-1.jpg&#8221; alt=&#8221;aurora kiraly&#8221; title_text=&#8221;Portret Aurora_by Nicu Ilfoveanu&#8221; module_class=&#8221;artist-picture&#8221; _builder_version=&#8221;4.5.1&#8243; _module_preset=&#8221;default&#8221; width=&#8221;35%&#8221; max_width=&#8221;35%&#8221;][\/et_pb_image][et_pb_text module_class=&#8221;artist-name&#8221; _builder_version=&#8221;4.5.1&#8243; _module_preset=&#8221;default&#8221; text_text_color=&#8221;#333333&#8243;]Aurora Kir\u00e1ly<br \/>\n[\/et_pb_text][et_pb_text _builder_version=&#8221;4.5.1&#8243; _module_preset=&#8221;default&#8221; text_text_color=&#8221;#333333&#8243;]Aurora Kir\u00e1ly\u2019s artistic practice is focused mainly on photography as a way of building complex links between events, public and private sphere of experience. Working at the intersection of photography with textile art, drawing or installations, the artist is exploring how the mind records, relives, remembers. She is particularly interested in exploring feminist theories in relation with identity-making and the status of women in society.<\/p>\n<p>Artista pred\u0103 la Universitatea de Arte din Bucure\u0219ti \u0219i este cunoscut\u0103 pentru rolul s\u0103u \u00een sus\u021binerea \u0219i remodelarea scenei de art\u0103 cultural\u0103 din Bucure\u0219ti \u00een calitate de director artistic al asocia\u021biei Galeria Nou\u0103 (2001 - 2012).<\/p>\n<p>Lucr\u0103rile sale fac parte din colec\u021bii publice \u0219i private, prezentate \u00een urm\u0103toarele expozi\u021bii selectate: Dup\u0103 doisprezece ani. Produc\u021bia artistic\u0103 din Rom\u00e2nia \u00een 180 de lucr\u0103ri (Muzeul Na\u021bional de Art\u0103 Contemporan\u0103, RO, 2020 \u2013 2021); The Show That Never Was (Galeria Anca Potera\u0219u, RO, 2021); Corsete atunci \u0219i acum (Zina Gallery, RO, 2021); 4 | 14 | 26 grade est (Galeria Anca Potera\u0219u \u0219i l\u00edtost, BE, 2020); In Midst of the Worst, the Best of Times (SUMO \u2013 The Odd year la l\u00edtost Praga, CZ, 2020); O camer\u0103 doar a ei, (NADA Gallery Open NY Harlem CT Collective, US, 2020); \u00cen mijlocul furtunii (Galeria Anca Potera\u0219u, RO, 2019); Ex-East. Past and recent stories of the Romanian avant-gardes (Espace Niemeyer, Paris, FR, 2019);  Din unghiuri diferite (The National Museum of Contemporary Art, RO, 2018); Woman, All Too Woman \u2013 a 3a edi\u021bie a Baroc Urban (Muzeul de Art\u0103, Timi\u0219oara RO, 2018); Orient \u2013 Trauma &amp; Revival: Contemporary Encounters  (Kim? Laikmet\u012bg\u0101s m\u0101kslas centrs, Riga \/ BOZAR Centrul de Art\u0103 Contemporan\u0103, Bruxelles \/ Galeria Sztuki Wsp\u00f3\u0142czesnej Bunkier Sztuki, Cracovia, 2018); Conjuncturi (solo \u2013 show, Spinnerei Leipzig Project Space, DE, 2018); Geometrii construite. Spa\u021biu \/ Timp \/ Memorie (solo \u2013 show, Galeria Anca Potera\u0219u, RO,  2017); Via\u021ba - mod de \u00eentrebuin\u021bare (Bienala de art\u0103 contemporan\u0103 Art Encounters, RO, 2017); Reality Check (solo \u2013 show Calina Gallery, Timi\u0219oara RO, 2016); Ex Future (Arcub Gabroveni, RO, 2016); Our History about the Others. Bucure\u0219ti \u2013 Un ora\u0219 v\u0103zut prin patru lentile (Noaptea alb\u0103 a galeriilor  #10 la Scena9 RO, 2016); Girls with Ideas [Boys and Paintings] (Lateral ArtSpace, Paintbrush Factory, Cluj, RO, 2016); Brain Tatoos \u2013 A Map of Obssesions, (Institutul Cultural Rom\u00e2n Lisabona, PT, 2016); Cut &amp; Paste Histories (Alert Studio, Bucure\u0219ti, RO, 2015); WHAT ABOUT Y[OUR] MEMORY (The National Museum of Contemporary Art, RO, 2014); Good Girls \u2013 On Memory, Desire, Power (The National Museum of Contemporary Art, Bucure\u0219ti, RO, 2013); Duet ( Fortress Gallery, T\u00e2rgu Mure\u0219, RO, 2003); Arheologie feminin\u0103 (Centrul Interna\u021bional de Art\u0103 Contemporan\u0103 Bucure\u0219ti, RO, 2000); Melancolia (Centrul Cultural Sindan, Cluj, RO, 2000); Melancolia (GAD Photogallery, Bucure\u0219ti, RO, 2000); F\u0103r\u0103 titlu (Centrul Interna\u021bional de Art\u0103 Contemporan\u0103 Bucure\u0219ti, RO, 1999).<\/p>\n<p>Mai multe: <a href=\"https:\/\/ancapoterasu.com\/gallery-artists\/aurora-kiraly\/\">www.ancapoterasu.com\/aurora-kir\u00e1ly<\/a>[\/et_pb_text][\/et_pb_column][et_pb_column type=&#8221;3_5&#8243; _builder_version=&#8221;4.5.1&#8243; _module_preset=&#8221;default&#8221; custom_padding=&#8221;|||20px|false|false&#8221; custom_padding_tablet=&#8221;|||0px|false|false&#8221; custom_padding_phone=&#8221;&#8221; custom_padding_last_edited=&#8221;on|tablet&#8221; border_width_left=&#8221;1px&#8221; border_width_left_tablet=&#8221;0px&#8221; border_width_left_phone=&#8221;&#8221; border_width_left_last_edited=&#8221;on|tablet&#8221;][et_pb_text _builder_version=&#8221;4.5.1&#8243; _module_preset=&#8221;default&#8221; text_text_color=&#8221;#333&#8243; header_font=&#8221;|||on|||||&#8221; header_font_size=&#8221;50px&#8221;]<\/p>\n<h1 id=\"seo_h1_tag\" class=\"_5gmx\" data-testid=\"event-permalink-event-name\">de altundeva, altceva dec\u00e2t mine \u00eens\u0103mi<\/h1>\n<p>8.05 &#8211; 4.07.2021 @ Anca Poterasu Gallery<\/p>\n<p><em>Se \u00eent\u00e2mpl\u0103 ceva, dar p\u00e2n\u0103 c\u00e2nd observ\u0103m, a \u00eenceput f\u0103r\u0103 noi.\nAstfel, accesul nostru la \u00eenceput este \u00een mod necesar incomplet, fragmentar. (Peggy Phelan)<\/em><\/p>\n<p>Recuper\u0103m fragmente pe m\u0103sur\u0103 ce pove\u0219tile se ramific\u0103 \u00een urma amintirilor. Aurora Kir\u00e1ly este inspirat\u0103 de mecanismele memoriei, pornind de la istoria personal\u0103, de la filme \u0219i c\u0103r\u021bi citite, poezii \u0219i coregrafii ale artistelor pe care le admir\u0103. Expozi\u021bia \u00ee\u0219i creeaz\u0103 universul s\u0103u \u00een mi\u0219care, \u00een care siluete decupate \u00een desene \u0219i fotografii se materializeaz\u0103 \u00een spa\u021biul galeriei.<\/p>\n<p>Artista \u00ee\u0219i \u00eendreapt\u0103 aten\u021bia spre memoria subiectiv\u0103, momentele pe jum\u0103tate uitate, istoriile reinterpretate \u00een mintea noastr\u0103, conexiunile pe care le facem cu ceilal\u021bi.  \u00cen era noastr\u0103 digital\u0103 putem \u00eenregistra, p\u0103stra \u0219i reaccesa aproape fiecare detaliu al vie\u021bii noastre. \u0218i totu\u0219i, cu c\u00e2t ne gr\u0103bim s\u0103 ne colec\u021bion\u0103m mai repede trecutul, cu c\u00e2t acesta ni se arat\u0103 \u00een mai multe \u0219i mai multe fr\u00e2nturi, este din ce \u00een ce mai greu s\u0103 reunim o versiune a realit\u0103\u021bii oglindite \u00eenapoi c\u0103tre noi. Aurora Kir\u00e1ly preia astfel de reflexii, reconect\u00e2nd ceea ce este p\u0103strat \u00een amintire cu ceea ce se poate re-sim\u021bi, de la momente translucide, la mi\u0219c\u0103ri retrase \u00een g\u00e2nduri texturate. Cus\u0103turi, desene, de\u0219ir\u0103ri, asamblaje, ele devin rezultate ale unor ac\u021biuni performative ascunse \u00een modul \u00een care memoria lucreaz\u0103 asupra form\u0103rii \u0219i recuper\u0103rii identit\u0103\u021bii.<\/p>\n<p>Aurora Kir\u00e1ly urm\u0103re\u0219te aceast\u0103 leg\u0103tur\u0103 \u00eentre memorie, identitate \u0219i fotografie de-a lungul carierei sale, \u00eencep\u00e2nd cu seria Melancholia (1997 - 1999) \u0219i Viewfinder Mock-up (2016 - 2019), conect\u00e2ndu-se la mai recentele serii Soft Drawings ( 2020 - 2021) sau mai evident, Viewfinder Clash (2021). Experimentarea cu realizarea imaginilor \u0219i procesul timp-memorie conduce la un discurs vizual \u00een mai multe medii artistice, de la imagini efemere, p\u00e2n\u0103 la fotograme, colaje \u0219i obiecte \u00een materiale textile, instala\u021bii.<\/p>\n<p>Materializarea \u0219i de-materializarea imaginii, de la fotografie la corpuri din fetru \u0219i bumbac este un act asumat al Aurorei Kir\u00e1ly, conect\u00e2ndu-se la feminismul lui Louise Bourgeois sau al lui Tracey Emin, folosind elemente autobiografice. Expozi\u021bia ofer\u0103 o istorie alternativ\u0103 a fotografiei, prin nara\u021biuni subiective, devenind complice \u0219i aduc\u00e2nd un omagiu istoriei performance-ului feminin \u0219i feminist.  Investigarea propriei vie\u021bi \u0219i experien\u021be personale conduce la instala\u021bii precum seria 50\u2019s sau Soft Despair (2020), ce exprim\u0103 st\u0103ri conflictuale, \u00eendoial\u0103, durere \u0219i transform\u0103ri ale corpului \u00een timp. Mi\u0219c\u0103rile de dans \u0219i teatrale ale artistelor precum Yvonne Rainer sau Mette Ingvartsen sunt cusute \u00een m\u0103rime natural\u0103 \u00een siluete matlasate ce urmeaz\u0103 conturul corpului Aurorei Kir\u00e1ly. Un \u021bip\u0103t t\u0103cut, salturi, mi\u0219c\u0103rile sunt transferate \u00een instala\u021bii mute, cu at\u00e2t mai puternice pentru vocile recognoscibile din \u00een\u0103untrul nostru, nerostite, pasive sau sub efectul autocenzurii. Formele textile se \u00eenf\u0103\u0219oar\u0103 una \u00een jurul celeilalte, form\u00e2nd un al doilea corp de gesturi fluide, o entitate colectiv\u0103 a \u00eemb\u0103tr\u00e2nirii, a rela\u021biei dintre corpul locuit \u0219i capacit\u0103\u021bile sale de exprimare<\/p>\n<p>Realizate din fetru, bumbac, sau alte materiale din haine reciclate, colajele din Soft Drawings_Subconscious Narratives ale Aurorei Kir\u00e1ly exploreaz\u0103 rela\u021biile din via\u021ba de familie. Suprafe\u021bele plane, suprapuneri de texturi \u0219i transparen\u021be se reunesc \u00eentr-un proces profund psihologic, exprim\u00e2nd ambivalen\u021ba dorin\u021bei de confort \u0219i evadare. O scen\u0103 dintr-un serial TV celebru, sau o compozi\u021bie pe care o putem recunoa\u0219te \u00een orice album de familie, lumina care se refract\u0103 dintr-un acoperi\u0219 transparent \u00eentr-un muzeu \u2013 sunt momente \u0219i momente care se adun\u0103 t\u0103cut, dar statornic \u00een umbra marilor evenimente.<\/p>\n<p>Se creeaz\u0103 o \u021bes\u0103tur\u0103 invizibil\u0103 a dup\u0103-amiezilor lene\u0219e, a discu\u021biilor frivole, a ceea ce este aproape uitat din noi, pentru un eu dintr-un moment important, sau pentru un noi, sau pentru altceva complet str\u0103in.<\/p>\n<p>________________________________________<\/p>\n<p>*Everything without exception which is of value in me comes from somewhere other than myself, not as a gift but as a loan which must be ceaselessly renewed. (Simone Weil, Gravity and Grace, \u201dThe Self\u201d, Taylor &amp; Francis e-Library, 2003, p. 31.)<\/p>\n<p>**Peggy Phelan \u00een \u201dScrisori.Dwelling\u201d, \u00een Adrian Heathfield, Out of Now: The Lifeworks of Tehching Hsieeh, 2009, p. 342.<\/p>\n<p>_____________________________________________________<\/p>\n<p style=\"text-align: left;\"><a href=\"https:\/\/www.facebook.com\/events\/830011721195449\">Facebook event<\/a><\/p>\n<p>[\/et_pb_text][et_pb_gallery gallery_ids=&#8221;508,509,510,511,512,513,514,515,516,517,519,521,523,524,525,526,528,531,532,534,535,536,537,538,539,541,542,543,544&#8243; posts_number=&#8221;15&#8243; show_title_and_caption=&#8221;off&#8221; module_class=&#8221;gallery-3&#8243; _builder_version=&#8221;4.5.1&#8243; _module_preset=&#8221;default&#8221; custom_css_gallery_item=&#8221;width: 30% !important;||margin: 0 5% 5% 0 !important;||clear: none!important;&#8221;][\/et_pb_gallery][et_pb_code _builder_version=&#8221;4.5.1&#8243; _module_preset=&#8221;default&#8221;]<\/p>\n<style><!-- [et_pb_line_break_holder] -->  .et_pb_gallery.gallery-3 .et_pb_gallery_item:nth-child(3n) {<!-- [et_pb_line_break_holder] -->    margin-right: 0!important;<!-- [et_pb_line_break_holder] -->  }<!-- [et_pb_line_break_holder] -->  .et_pb_section_1.et_pb_section {<!-- [et_pb_line_break_holder] -->    min-height: auto;<!-- [et_pb_line_break_holder] -->  }<!-- [et_pb_line_break_holder] -->  p {<!-- [et_pb_line_break_holder] -->    line-height: 1.5em;<!-- [et_pb_line_break_holder] -->    padding-bottom: 1.5em;<!-- [et_pb_line_break_holder] -->  }<!-- [et_pb_line_break_holder] -->  .artist-name {<!-- [et_pb_line_break_holder] -->    margin-bottom: 6px;<!-- [et_pb_line_break_holder] -->  }<!-- [et_pb_line_break_holder] --><\/style>\n<p>[\/et_pb_code][et_pb_code admin_label=&#8221;styles gallery&#8221; _builder_version=&#8221;4.5.1&#8243; _module_preset=&#8221;default&#8221;][\/et_pb_code][et_pb_video src=&#8221;https:\/\/www.youtube.com\/watch?v=XmVezD0vdvk&#038;ab_channel=arac&#8221; _builder_version=&#8221;4.5.1&#8243; _module_preset=&#8221;default&#8221;][\/et_pb_video][\/et_pb_column][\/et_pb_row][\/et_pb_section]<\/p>","protected":false},"excerpt":{"rendered":"<p>[et_pb_section fb_built=&#8221;1&#8243; _builder_version=&#8221;4.5.1&#8243; _module_preset=&#8221;default&#8221; background_color=&#8221;#0000ee&#8221; background_image=&#8221;https:\/\/www.aracartandresidency.com\/wp-content\/uploads\/2021\/04\/Aurora-Kiraly_SD_SN_Balance-is-everything.2021-detail_2000-px-1.jpg&#8221; background_blend=&#8221;multiply&#8221; custom_margin=&#8221;||-93px|||&#8221; custom_padding=&#8221;100px||126px||false|false&#8221;][\/et_pb_section][et_pb_section fb_built=&#8221;1&#8243; _builder_version=&#8221;4.5.1&#8243; _module_preset=&#8221;default&#8221; custom_margin=&#8221;34px|||||&#8221; custom_padding=&#8221;45px|||||&#8221; custom_css_after=&#8221;display: block;||content: &#8221;;||width: 30px;||height:30px;||background:red;||border-radius: 50%;||position: absolute;||right: 10vw;||bottom: 10vh;&#8221;][et_pb_row column_structure=&#8221;2_5,3_5&#8243; _builder_version=&#8221;4.5.1&#8243; _module_preset=&#8221;default&#8221;][et_pb_column type=&#8221;2_5&#8243; _builder_version=&#8221;4.5.1&#8243; _module_preset=&#8221;default&#8221;][et_pb_image src=&#8221;https:\/\/www.aracartandresidency.com\/wp-content\/uploads\/2021\/04\/Portret-Aurora_by-Nicu-Ilfoveanu-1.jpg&#8221; alt=&#8221;aurora kiraly&#8221; title_text=&#8221;Portret Aurora_by Nicu Ilfoveanu&#8221; module_class=&#8221;artist-picture&#8221; _builder_version=&#8221;4.5.1&#8243; _module_preset=&#8221;default&#8221; width=&#8221;35%&#8221; max_width=&#8221;35%&#8221;][\/et_pb_image][et_pb_text module_class=&#8221;artist-name&#8221; _builder_version=&#8221;4.5.1&#8243; _module_preset=&#8221;default&#8221; text_text_color=&#8221;#333333&#8243;]Aurora Kir\u00e1ly [\/et_pb_text][et_pb_text _builder_version=&#8221;4.5.1&#8243; _module_preset=&#8221;default&#8221; text_text_color=&#8221;#333333&#8243;]Aurora Kir\u00e1ly\u2019s artistic practice is focused mainly [&hellip;]<\/p>","protected":false},"author":3,"featured_media":487,"parent":0,"menu_order":0,"comment_status":"closed","ping_status":"closed","template":"","meta":{"_et_pb_use_builder":"on","_et_pb_old_content":"","_et_gb_content_width":"","footnotes":""},"class_list":["post-450","page","type-page","status-publish","has-post-thumbnail","hentry"],"yoast_head":"<!-- This site is optimized with the Yoast SEO plugin v26.5 - https:\/\/yoast.com\/wordpress\/plugins\/seo\/ -->\n<title>Solo Show Aurora Kir\u00e1ly - Arac Art And Residency<\/title>\n<meta name=\"description\" content=\"Aurora Kir\u00e1ly Solo Show: from somewhere other than myself, at Anca Poterasu Gallery Bucharest Photography Textile Art\" \/>\n<meta name=\"robots\" content=\"index, follow, max-snippet:-1, max-image-preview:large, max-video-preview:-1\" \/>\n<link rel=\"canonical\" href=\"https:\/\/www.aracartandresidency.com\/ro\/solo-show-aurora-kiraly\/\" \/>\n<meta property=\"og:locale\" content=\"ro_RO\" \/>\n<meta property=\"og:type\" content=\"article\" \/>\n<meta property=\"og:title\" content=\"Solo Show Aurora Kir\u00e1ly - Arac Art And Residency\" \/>\n<meta property=\"og:description\" content=\"Aurora Kir\u00e1ly Solo Show: from somewhere other than myself, at Anca Poterasu Gallery Bucharest Photography Textile Art\" \/>\n<meta property=\"og:url\" content=\"https:\/\/www.aracartandresidency.com\/ro\/solo-show-aurora-kiraly\/\" \/>\n<meta property=\"og:site_name\" content=\"Arac Art And Residency\" \/>\n<meta property=\"article:modified_time\" content=\"2021-06-09T11:01:34+00:00\" \/>\n<meta property=\"og:image\" content=\"https:\/\/www.aracartandresidency.com\/wp-content\/uploads\/2021\/04\/KIA4398_lowrez.jpg\" \/>\n\t<meta property=\"og:image:width\" content=\"1629\" \/>\n\t<meta property=\"og:image:height\" content=\"2000\" \/>\n\t<meta property=\"og:image:type\" content=\"image\/jpeg\" \/>\n<meta name=\"twitter:card\" content=\"summary_large_image\" \/>\n<meta name=\"twitter:label1\" content=\"Timp estimat pentru citire\" \/>\n\t<meta name=\"twitter:data1\" content=\"6 minute\" \/>\n<script type=\"application\/ld+json\" class=\"yoast-schema-graph\">{\"@context\":\"https:\/\/schema.org\",\"@graph\":[{\"@type\":\"WebPage\",\"@id\":\"https:\/\/www.aracartandresidency.com\/solo-show-aurora-kiraly\/\",\"url\":\"https:\/\/www.aracartandresidency.com\/solo-show-aurora-kiraly\/\",\"name\":\"Solo Show Aurora Kir\u00e1ly - Arac Art And Residency\",\"isPartOf\":{\"@id\":\"https:\/\/www.aracartandresidency.com\/#website\"},\"primaryImageOfPage\":{\"@id\":\"https:\/\/www.aracartandresidency.com\/solo-show-aurora-kiraly\/#primaryimage\"},\"image\":{\"@id\":\"https:\/\/www.aracartandresidency.com\/solo-show-aurora-kiraly\/#primaryimage\"},\"thumbnailUrl\":\"https:\/\/www.aracartandresidency.com\/wp-content\/uploads\/2021\/04\/KIA4398_lowrez.jpg\",\"datePublished\":\"2021-04-15T11:27:52+00:00\",\"dateModified\":\"2021-06-09T11:01:34+00:00\",\"description\":\"Aurora Kir\u00e1ly Solo Show: from somewhere other than myself, at Anca Poterasu Gallery Bucharest Photography Textile Art\",\"breadcrumb\":{\"@id\":\"https:\/\/www.aracartandresidency.com\/solo-show-aurora-kiraly\/#breadcrumb\"},\"inLanguage\":\"ro-RO\",\"potentialAction\":[{\"@type\":\"ReadAction\",\"target\":[\"https:\/\/www.aracartandresidency.com\/solo-show-aurora-kiraly\/\"]}]},{\"@type\":\"ImageObject\",\"inLanguage\":\"ro-RO\",\"@id\":\"https:\/\/www.aracartandresidency.com\/solo-show-aurora-kiraly\/#primaryimage\",\"url\":\"https:\/\/www.aracartandresidency.com\/wp-content\/uploads\/2021\/04\/KIA4398_lowrez.jpg\",\"contentUrl\":\"https:\/\/www.aracartandresidency.com\/wp-content\/uploads\/2021\/04\/KIA4398_lowrez.jpg\",\"width\":1629,\"height\":2000},{\"@type\":\"BreadcrumbList\",\"@id\":\"https:\/\/www.aracartandresidency.com\/solo-show-aurora-kiraly\/#breadcrumb\",\"itemListElement\":[{\"@type\":\"ListItem\",\"position\":1,\"name\":\"Home\",\"item\":\"https:\/\/www.aracartandresidency.com\/\"},{\"@type\":\"ListItem\",\"position\":2,\"name\":\"Solo Show Aurora Kir\u00e1ly\"}]},{\"@type\":\"WebSite\",\"@id\":\"https:\/\/www.aracartandresidency.com\/#website\",\"url\":\"https:\/\/www.aracartandresidency.com\/\",\"name\":\"Arac Art And Residency\",\"description\":\"\",\"potentialAction\":[{\"@type\":\"SearchAction\",\"target\":{\"@type\":\"EntryPoint\",\"urlTemplate\":\"https:\/\/www.aracartandresidency.com\/?s={search_term_string}\"},\"query-input\":{\"@type\":\"PropertyValueSpecification\",\"valueRequired\":true,\"valueName\":\"search_term_string\"}}],\"inLanguage\":\"ro-RO\"}]}<\/script>\n<!-- \/ Yoast SEO plugin. -->","yoast_head_json":{"title":"Solo Show Aurora Kir\u00e1ly - Arac Art And Residency","description":"Aurora Kir\u00e1ly Solo Show: from somewhere other than myself, at Anca Poterasu Gallery Bucharest Photography Textile Art","robots":{"index":"index","follow":"follow","max-snippet":"max-snippet:-1","max-image-preview":"max-image-preview:large","max-video-preview":"max-video-preview:-1"},"canonical":"https:\/\/www.aracartandresidency.com\/ro\/solo-show-aurora-kiraly\/","og_locale":"ro_RO","og_type":"article","og_title":"Solo Show Aurora Kir\u00e1ly - Arac Art And Residency","og_description":"Aurora Kir\u00e1ly Solo Show: from somewhere other than myself, at Anca Poterasu Gallery Bucharest Photography Textile Art","og_url":"https:\/\/www.aracartandresidency.com\/ro\/solo-show-aurora-kiraly\/","og_site_name":"Arac Art And Residency","article_modified_time":"2021-06-09T11:01:34+00:00","og_image":[{"width":1629,"height":2000,"url":"https:\/\/www.aracartandresidency.com\/wp-content\/uploads\/2021\/04\/KIA4398_lowrez.jpg","type":"image\/jpeg"}],"twitter_card":"summary_large_image","twitter_misc":{"Timp estimat pentru citire":"6 minute"},"schema":{"@context":"https:\/\/schema.org","@graph":[{"@type":"WebPage","@id":"https:\/\/www.aracartandresidency.com\/solo-show-aurora-kiraly\/","url":"https:\/\/www.aracartandresidency.com\/solo-show-aurora-kiraly\/","name":"Solo Show Aurora Kir\u00e1ly - Arac Art And Residency","isPartOf":{"@id":"https:\/\/www.aracartandresidency.com\/#website"},"primaryImageOfPage":{"@id":"https:\/\/www.aracartandresidency.com\/solo-show-aurora-kiraly\/#primaryimage"},"image":{"@id":"https:\/\/www.aracartandresidency.com\/solo-show-aurora-kiraly\/#primaryimage"},"thumbnailUrl":"https:\/\/www.aracartandresidency.com\/wp-content\/uploads\/2021\/04\/KIA4398_lowrez.jpg","datePublished":"2021-04-15T11:27:52+00:00","dateModified":"2021-06-09T11:01:34+00:00","description":"Aurora Kir\u00e1ly Solo Show: from somewhere other than myself, at Anca Poterasu Gallery Bucharest Photography Textile Art","breadcrumb":{"@id":"https:\/\/www.aracartandresidency.com\/solo-show-aurora-kiraly\/#breadcrumb"},"inLanguage":"ro-RO","potentialAction":[{"@type":"ReadAction","target":["https:\/\/www.aracartandresidency.com\/solo-show-aurora-kiraly\/"]}]},{"@type":"ImageObject","inLanguage":"ro-RO","@id":"https:\/\/www.aracartandresidency.com\/solo-show-aurora-kiraly\/#primaryimage","url":"https:\/\/www.aracartandresidency.com\/wp-content\/uploads\/2021\/04\/KIA4398_lowrez.jpg","contentUrl":"https:\/\/www.aracartandresidency.com\/wp-content\/uploads\/2021\/04\/KIA4398_lowrez.jpg","width":1629,"height":2000},{"@type":"BreadcrumbList","@id":"https:\/\/www.aracartandresidency.com\/solo-show-aurora-kiraly\/#breadcrumb","itemListElement":[{"@type":"ListItem","position":1,"name":"Home","item":"https:\/\/www.aracartandresidency.com\/"},{"@type":"ListItem","position":2,"name":"Solo Show Aurora Kir\u00e1ly"}]},{"@type":"WebSite","@id":"https:\/\/www.aracartandresidency.com\/#website","url":"https:\/\/www.aracartandresidency.com\/","name":"Arac Art And Residency","description":"","potentialAction":[{"@type":"SearchAction","target":{"@type":"EntryPoint","urlTemplate":"https:\/\/www.aracartandresidency.com\/?s={search_term_string}"},"query-input":{"@type":"PropertyValueSpecification","valueRequired":true,"valueName":"search_term_string"}}],"inLanguage":"ro-RO"}]}},"jetpack_sharing_enabled":true,"_links":{"self":[{"href":"https:\/\/www.aracartandresidency.com\/ro\/wp-json\/wp\/v2\/pages\/450","targetHints":{"allow":["GET"]}}],"collection":[{"href":"https:\/\/www.aracartandresidency.com\/ro\/wp-json\/wp\/v2\/pages"}],"about":[{"href":"https:\/\/www.aracartandresidency.com\/ro\/wp-json\/wp\/v2\/types\/page"}],"author":[{"embeddable":true,"href":"https:\/\/www.aracartandresidency.com\/ro\/wp-json\/wp\/v2\/users\/3"}],"replies":[{"embeddable":true,"href":"https:\/\/www.aracartandresidency.com\/ro\/wp-json\/wp\/v2\/comments?post=450"}],"version-history":[{"count":10,"href":"https:\/\/www.aracartandresidency.com\/ro\/wp-json\/wp\/v2\/pages\/450\/revisions"}],"predecessor-version":[{"id":703,"href":"https:\/\/www.aracartandresidency.com\/ro\/wp-json\/wp\/v2\/pages\/450\/revisions\/703"}],"wp:featuredmedia":[{"embeddable":true,"href":"https:\/\/www.aracartandresidency.com\/ro\/wp-json\/wp\/v2\/media\/487"}],"wp:attachment":[{"href":"https:\/\/www.aracartandresidency.com\/ro\/wp-json\/wp\/v2\/media?parent=450"}],"curies":[{"name":"wp","href":"https:\/\/api.w.org\/{rel}","templated":true}]}}