{"id":1749,"date":"2022-05-09T12:00:25","date_gmt":"2022-05-09T12:00:25","guid":{"rendered":"https:\/\/www.aracartandresidency.com\/?page_id=1749"},"modified":"2022-05-18T09:27:53","modified_gmt":"2022-05-18T09:27:53","slug":"insomnia-nights-adrian-notz","status":"publish","type":"page","link":"https:\/\/www.aracartandresidency.com\/ro\/insomnia-nights-adrian-notz\/","title":{"rendered":"Insomnia Nights &#8211; Adrian Notz"},"content":{"rendered":"<p>[et_pb_section fb_built=&#8221;1&#8243; admin_label=&#8221;Section&#8221; _builder_version=&#8221;4.5.1&#8243; _module_preset=&#8221;default&#8221; background_color=&#8221;#0000ee&#8221; background_image=&#8221;https:\/\/www.aracartandresidency.com\/wp-content\/uploads\/2022\/05\/The-Rethoric-of-the-Mask-STILL-07wwww.jpg&#8221; background_blend=&#8221;multiply&#8221; custom_margin=&#8221;||-93px|||&#8221; custom_padding=&#8221;100px||126px||false|false&#8221;][\/et_pb_section][et_pb_section fb_built=&#8221;1&#8243; _builder_version=&#8221;4.5.1&#8243; _module_preset=&#8221;default&#8221; custom_margin=&#8221;34px|||||&#8221; custom_padding=&#8221;0px||||false|false&#8221; custom_css_after=&#8221;display: block;||content: &#8221;;||width: 30px;||height:30px;||background:red;||border-radius: 50%;||position: absolute;||right: 10vw;||bottom: 10vh;&#8221;][et_pb_row column_structure=&#8221;2_5,3_5&#8243; _builder_version=&#8221;4.5.1&#8243; _module_preset=&#8221;default&#8221; custom_padding=&#8221;||0px||false|false&#8221;][et_pb_column type=&#8221;2_5&#8243; _builder_version=&#8221;4.5.1&#8243; _module_preset=&#8221;default&#8221;][et_pb_image src=&#8221;https:\/\/www.aracartandresidency.com\/wp-content\/uploads\/2022\/05\/unnamed-scaled.jpg&#8221; title_text=&#8221;unnamed&#8221; module_class=&#8221;artist-picture&#8221; _builder_version=&#8221;4.5.1&#8243; _module_preset=&#8221;default&#8221; width=&#8221;32%&#8221; max_width=&#8221;32%&#8221;][\/et_pb_image][et_pb_text module_class=&#8221;artist-name&#8221; _builder_version=&#8221;4.5.1&#8243; _module_preset=&#8221;default&#8221; text_text_color=&#8221;#ffffff&#8221;]<\/p>\n<p><b>Adrian Notz<\/b><\/p>\n<p>[\/et_pb_text][et_pb_text module_class=&#8221;artist-name&#8221; _builder_version=&#8221;4.5.1&#8243; _module_preset=&#8221;default&#8221; text_text_color=&#8221;#ffffff&#8221;]<\/p>\n<p style=\"font-weight: 400;\"><span style=\"font-weight: 400;\">Adrian Notz (*1977 la Zurich) este curator la ETH AI Center \u0219i la Tichy Ocean Foundation, curator al celei de-a 5-a Bienale Art Encounters 2023, Timi\u0219oara, Rom\u00e2nia, mentor pentru strategia \u0219i viziunea creativ\u0103 la Centrul European de Art\u0103 Contemporan\u0103 din Cluj (ECCA), Diplomat al Statului NSK, Rege al Regatului Elgaland-Vargland \u0219i Chevalier de la Tombe de Bakunin. Din 2012-2019 a fost director artistic al Cabaret Voltaire din Zurich. A lucrat acolo mai \u00eent\u00e2i ca asistent curatorial \u0219i ca co-director. <\/span><\/p>\n<p style=\"font-weight: 400;\"><span style=\"font-weight: 400;\">Din 2010 p\u00e2n\u0103 \u00een 2015 a fost \u0219eful Departamentului de Arte Plastice la \u0218coala de Design din St. Gallen. Notz a organizat \u0219i curatat numeroase expozi\u021bii, evenimente, conferin\u021be, ac\u021biuni \u0219i interven\u021bii cu arti\u0219ti interna\u021bionali, activi\u0219ti \u0219i g\u00e2nditori \u00een Cabaret Voltaire, precum \u0219i la nivel interna\u021bional de pe tot globul.<\/span><\/p>\n<p>[\/et_pb_text][\/et_pb_column][et_pb_column type=&#8221;3_5&#8243; _builder_version=&#8221;4.5.1&#8243; _module_preset=&#8221;default&#8221; custom_padding=&#8221;|||20px|false|false&#8221; custom_padding_tablet=&#8221;|||0px|false|false&#8221; custom_padding_phone=&#8221;&#8221; custom_padding_last_edited=&#8221;on|tablet&#8221; border_width_left=&#8221;1px&#8221; border_width_left_tablet=&#8221;0px&#8221; border_width_left_phone=&#8221;&#8221; border_width_left_last_edited=&#8221;on|tablet&#8221;][et_pb_text admin_label=&#8221;Text&#8221; _builder_version=&#8221;4.5.1&#8243; _module_preset=&#8221;default&#8221; text_text_color=&#8221;#ffffff&#8221; header_font=&#8221;|||on|||||&#8221; header_text_color=&#8221;#ffffff&#8221; header_font_size=&#8221;50px&#8221; custom_margin=&#8221;||-1px||false|false&#8221; custom_padding=&#8221;||0px||false|false&#8221;]<\/p>\n<h1 id=\"seo_h1_tag\" class=\"_5gmx\" data-testid=\"event-permalink-event-name\"><b>In Mask Language, the symbol for the two sides of the mask is: \/}\/<\/b><\/h1>\n<p>13.05.2022 l Curator Talk l Anca Poterasu Gallery<\/p>\n<div>\n<p>Dup\u0103 proiec\u021bia filmului lui Carlos Amorales, The Rhetoric of the Mask (2021), curatorul Adrian Notz se va angaja \u00eentr-un dialog cu artistul despre m\u0103\u0219tile pe care le purt\u0103m \u00een lumea real\u0103, pe platformele virtuale, sinele nostru digital, pe al\u021bii no\u0219tri interfa\u021ba\u021bi.<\/p>\n<p>\"\u00cen acela\u0219i timp cu discu\u021bia de la mijlocul anilor '90 despre deschiderea lumii artei occidentale c\u0103tre arti\u0219tii non-occidentali, care era centrat\u0103 pe identitate \u0219i pe modul \u00een care aceasta trebuia s\u0103 fie reprezentat\u0103 prin intermediul lucr\u0103rilor de art\u0103 \u0219i al individului, internetul a fost adoptat \u00een Europa la scar\u0103 mare.<\/p>\n<p>\u00cen anii '90, au devenit importante \u00eentreb\u0103rile legate despre sine \u0219i de mai \u00eenseamn\u0103 aceasta \u00een lumea virtual\u0103 \u0219i de modul \u00een care se vor \u00eentrep\u0103trunde sferele private \u0219i publice. Din acest punct de vedere, identitatea fictiv\u0103 pe care o inventasem \u0219i pe care o interpretam era \u00een concordan\u021b\u0103 cu ideea de avatar ca mijloc de auto-reprezentare care putea fi proiectat \u00een lumea multistratificat\u0103 a internetului. Deoarece o masc\u0103 este, prin defini\u021bie, un strat \u00eentre interior \u0219i exterior, ea a fost instrumentul ideal pentru a cerceta acest nou spa\u021biu care devenea accesibil cet\u0103\u021benilor din \u00eentreaga lume.<\/p>\n<p>Am devenit interesat de modul \u00een care acest strat liminal func\u021biona ca fiind situat \"\u00eentre\" sine \u0219i cel\u0103lalt, public \u0219i privat, fapt \u0219i fic\u021biune, art\u0103 \u0219i realitate. Am \u00een\u021beles c\u0103 masca nu este doar o imagine de reprezentare, ci \u0219i un instrument de performan\u021b\u0103 \u00eentr-un timp \u0219i spa\u021biu dat, care se define\u0219c ca o \u00eent\u00e2lnire a dou\u0103 versiuni ale existen\u021bei: realul \u0219i virtualul. \u00cen ultimii dou\u0103zeci de ani, aceste dou\u0103 lumi existen\u021biale s-au contopit \u0219i au devenit imposibil de distins. Societatea este reprezentat\u0103 \u00een mediile sociale \u0219i invers, fiecare aliment\u00e2ndu-se reciproc, ca \u0219i cum ar forma un circuit \u00eenchis. Fiecare nou\u0103 genera\u021bie se obi\u0219nuie\u0219te tot mai mult cu fuziunea celor dou\u0103 lumi \u0219i nu mai distinge diferen\u021bele dintre cele dou\u0103 ordini simbolice. Este ca \u0219i cum masca a devenit un strat poros - sau pur \u0219i simplu a disp\u0103rut.\" - text publicat cu ocazia expozi\u021biei personale a artistului Carlos Amorales, care a avut loc anul acesta la Stedelijk Museum, \u00een Amsterdam. V\u0103 invit\u0103m s\u0103 citi\u021bi mai multe aici: <a href=\"https:\/\/www.stedelijk.nl\/en\/digdeeper\/factory-manifesto\">https:\/\/www.stedelijk.nl\/en\/digdeeper\/factory-manifesto\u00a0<\/a><\/p>\n<\/div>\n<div>\u00a0<\/div>\n<div><a href=\"https:\/\/fb.me\/e\/oWSyFHmTj\">Facebook event<\/a><\/div>\n<div>\u00a0<\/div>\n<div>\u00a0<\/div>\n<div>\u00a0<\/div>\n<div>\u00a0<\/div>\n<div>\u00a0<\/div>\n<div>\u00a0<\/div>\n<div>\u00a0<\/div>\n<p>[\/et_pb_text][et_pb_gallery gallery_ids=&#8221;1838,1840,1841,1842,1843,1844&#8243; posts_number=&#8221;15&#8243; show_title_and_caption=&#8221;off&#8221; module_class=&#8221;gallery-3&#8243; _builder_version=&#8221;4.5.1&#8243; _module_preset=&#8221;default&#8221; custom_css_gallery_item=&#8221;width: 30% !important;||margin: 0 5% 5% 0 !important;||clear: none!important;&#8221;][\/et_pb_gallery][et_pb_code _builder_version=&#8221;4.5.1&#8243; _module_preset=&#8221;default&#8221;]<\/p>\n<style><!-- [et_pb_line_break_holder] -->  .et_pb_gallery.gallery-3 .et_pb_gallery_item:nth-child(3n) {<!-- [et_pb_line_break_holder] -->    margin-right: 0!important;<!-- [et_pb_line_break_holder] -->  }<!-- [et_pb_line_break_holder] -->  .et_pb_section_1.et_pb_section {<!-- [et_pb_line_break_holder] -->    min-height: auto;<!-- [et_pb_line_break_holder] -->  }<!-- [et_pb_line_break_holder] -->  p {<!-- [et_pb_line_break_holder] -->    line-height: 1.5em;<!-- [et_pb_line_break_holder] -->    padding-bottom: 1.5em;<!-- [et_pb_line_break_holder] -->  }<!-- [et_pb_line_break_holder] -->  .artist-name {<!-- [et_pb_line_break_holder] -->    margin-bottom: 6px;<!-- [et_pb_line_break_holder] -->  }<!-- [et_pb_line_break_holder] --><\/style>\n<p>[\/et_pb_code][et_pb_code admin_label=&#8221;styles gallery&#8221; _builder_version=&#8221;4.5.1&#8243; _module_preset=&#8221;default&#8221;][\/et_pb_code][\/et_pb_column][\/et_pb_row][\/et_pb_section]<\/p>","protected":false},"excerpt":{"rendered":"<p>[et_pb_section fb_built=&#8221;1&#8243; admin_label=&#8221;Section&#8221; _builder_version=&#8221;4.5.1&#8243; _module_preset=&#8221;default&#8221; background_color=&#8221;#0000ee&#8221; background_image=&#8221;https:\/\/www.aracartandresidency.com\/wp-content\/uploads\/2022\/05\/The-Rethoric-of-the-Mask-STILL-07wwww.jpg&#8221; background_blend=&#8221;multiply&#8221; custom_margin=&#8221;||-93px|||&#8221; custom_padding=&#8221;100px||126px||false|false&#8221;][\/et_pb_section][et_pb_section fb_built=&#8221;1&#8243; _builder_version=&#8221;4.5.1&#8243; _module_preset=&#8221;default&#8221; custom_margin=&#8221;34px|||||&#8221; custom_padding=&#8221;0px||||false|false&#8221; custom_css_after=&#8221;display: block;||content: &#8221;;||width: 30px;||height:30px;||background:red;||border-radius: 50%;||position: absolute;||right: 10vw;||bottom: 10vh;&#8221;][et_pb_row column_structure=&#8221;2_5,3_5&#8243; _builder_version=&#8221;4.5.1&#8243; _module_preset=&#8221;default&#8221; custom_padding=&#8221;||0px||false|false&#8221;][et_pb_column type=&#8221;2_5&#8243; _builder_version=&#8221;4.5.1&#8243; _module_preset=&#8221;default&#8221;][et_pb_image src=&#8221;https:\/\/www.aracartandresidency.com\/wp-content\/uploads\/2022\/05\/unnamed-scaled.jpg&#8221; title_text=&#8221;unnamed&#8221; module_class=&#8221;artist-picture&#8221; _builder_version=&#8221;4.5.1&#8243; _module_preset=&#8221;default&#8221; width=&#8221;32%&#8221; max_width=&#8221;32%&#8221;][\/et_pb_image][et_pb_text module_class=&#8221;artist-name&#8221; _builder_version=&#8221;4.5.1&#8243; _module_preset=&#8221;default&#8221; text_text_color=&#8221;#ffffff&#8221;] Adrian Notz [\/et_pb_text][et_pb_text module_class=&#8221;artist-name&#8221; _builder_version=&#8221;4.5.1&#8243; _module_preset=&#8221;default&#8221; text_text_color=&#8221;#ffffff&#8221;] Adrian Notz (*1977 in Zurich) is curator [&hellip;]<\/p>","protected":false},"author":3,"featured_media":1753,"parent":0,"menu_order":0,"comment_status":"closed","ping_status":"closed","template":"","meta":{"_et_pb_use_builder":"on","_et_pb_old_content":"","_et_gb_content_width":"","footnotes":""},"class_list":["post-1749","page","type-page","status-publish","has-post-thumbnail","hentry"],"yoast_head":"<!-- This site is optimized with the Yoast SEO plugin v26.5 - https:\/\/yoast.com\/wordpress\/plugins\/seo\/ -->\n<title>Insomnia Nights - Adrian Notz - Arac Art And Residency<\/title>\n<meta name=\"description\" content=\"Insomnia Nights &amp; Days, with special guest Adelina Ivan, on Wednesday, 16th February, starting at 18.00h, at Anca Poterasu Gallery (Popa Soare 26, Bucharest). The event is titled after the solo show of the artist in Iceland, curated by Lisa Attensperger, during the artist&#039;s residency at ARTAK350, on the Grundarfjordur peninsula.Following the screening of Carlos Amorales&#039;s film, The Rhetoric of the Mask (2021), curator Adrian Notz will engage in a dialogue with the artist on the masks we wear in the real world, on virtual platforms, our digital selves, our interfaced others.\" \/>\n<meta name=\"robots\" content=\"index, follow, max-snippet:-1, max-image-preview:large, max-video-preview:-1\" \/>\n<link rel=\"canonical\" href=\"https:\/\/www.aracartandresidency.com\/ro\/insomnia-nights-adrian-notz\/\" \/>\n<meta property=\"og:locale\" content=\"ro_RO\" \/>\n<meta property=\"og:type\" content=\"article\" \/>\n<meta property=\"og:title\" content=\"Insomnia Nights - Adrian Notz - Arac Art And Residency\" \/>\n<meta property=\"og:description\" content=\"Insomnia Nights &amp; Days, with special guest Adelina Ivan, on Wednesday, 16th February, starting at 18.00h, at Anca Poterasu Gallery (Popa Soare 26, Bucharest). The event is titled after the solo show of the artist in Iceland, curated by Lisa Attensperger, during the artist&#039;s residency at ARTAK350, on the Grundarfjordur peninsula.Following the screening of Carlos Amorales&#039;s film, The Rhetoric of the Mask (2021), curator Adrian Notz will engage in a dialogue with the artist on the masks we wear in the real world, on virtual platforms, our digital selves, our interfaced others.\" \/>\n<meta property=\"og:url\" content=\"https:\/\/www.aracartandresidency.com\/ro\/insomnia-nights-adrian-notz\/\" \/>\n<meta property=\"og:site_name\" content=\"Arac Art And Residency\" \/>\n<meta property=\"article:modified_time\" content=\"2022-05-18T09:27:53+00:00\" \/>\n<meta property=\"og:image\" content=\"https:\/\/www.aracartandresidency.com\/wp-content\/uploads\/2022\/05\/postare-Adrian-01-01-01-scaled.jpg\" \/>\n\t<meta property=\"og:image:width\" content=\"2560\" \/>\n\t<meta property=\"og:image:height\" content=\"2560\" \/>\n\t<meta property=\"og:image:type\" content=\"image\/jpeg\" \/>\n<meta name=\"twitter:card\" content=\"summary_large_image\" \/>\n<meta name=\"twitter:label1\" content=\"Timp estimat pentru citire\" \/>\n\t<meta name=\"twitter:data1\" content=\"3 minute\" \/>\n<script type=\"application\/ld+json\" class=\"yoast-schema-graph\">{\"@context\":\"https:\/\/schema.org\",\"@graph\":[{\"@type\":\"WebPage\",\"@id\":\"https:\/\/www.aracartandresidency.com\/insomnia-nights-adrian-notz\/\",\"url\":\"https:\/\/www.aracartandresidency.com\/insomnia-nights-adrian-notz\/\",\"name\":\"Insomnia Nights - Adrian Notz - Arac Art And Residency\",\"isPartOf\":{\"@id\":\"https:\/\/www.aracartandresidency.com\/#website\"},\"primaryImageOfPage\":{\"@id\":\"https:\/\/www.aracartandresidency.com\/insomnia-nights-adrian-notz\/#primaryimage\"},\"image\":{\"@id\":\"https:\/\/www.aracartandresidency.com\/insomnia-nights-adrian-notz\/#primaryimage\"},\"thumbnailUrl\":\"https:\/\/www.aracartandresidency.com\/wp-content\/uploads\/2022\/05\/postare-Adrian-01-01-01-scaled.jpg\",\"datePublished\":\"2022-05-09T12:00:25+00:00\",\"dateModified\":\"2022-05-18T09:27:53+00:00\",\"description\":\"Insomnia Nights & Days, with special guest Adelina Ivan, on Wednesday, 16th February, starting at 18.00h, at Anca Poterasu Gallery (Popa Soare 26, Bucharest). The event is titled after the solo show of the artist in Iceland, curated by Lisa Attensperger, during the artist's residency at ARTAK350, on the Grundarfjordur peninsula.Following the screening of Carlos Amorales's film, The Rhetoric of the Mask (2021), curator Adrian Notz will engage in a dialogue with the artist on the masks we wear in the real world, on virtual platforms, our digital selves, our interfaced others.\",\"breadcrumb\":{\"@id\":\"https:\/\/www.aracartandresidency.com\/insomnia-nights-adrian-notz\/#breadcrumb\"},\"inLanguage\":\"ro-RO\",\"potentialAction\":[{\"@type\":\"ReadAction\",\"target\":[\"https:\/\/www.aracartandresidency.com\/insomnia-nights-adrian-notz\/\"]}]},{\"@type\":\"ImageObject\",\"inLanguage\":\"ro-RO\",\"@id\":\"https:\/\/www.aracartandresidency.com\/insomnia-nights-adrian-notz\/#primaryimage\",\"url\":\"https:\/\/www.aracartandresidency.com\/wp-content\/uploads\/2022\/05\/postare-Adrian-01-01-01-scaled.jpg\",\"contentUrl\":\"https:\/\/www.aracartandresidency.com\/wp-content\/uploads\/2022\/05\/postare-Adrian-01-01-01-scaled.jpg\",\"width\":2560,\"height\":2560},{\"@type\":\"BreadcrumbList\",\"@id\":\"https:\/\/www.aracartandresidency.com\/insomnia-nights-adrian-notz\/#breadcrumb\",\"itemListElement\":[{\"@type\":\"ListItem\",\"position\":1,\"name\":\"Home\",\"item\":\"https:\/\/www.aracartandresidency.com\/\"},{\"@type\":\"ListItem\",\"position\":2,\"name\":\"Insomnia Nights &#8211; Adrian Notz\"}]},{\"@type\":\"WebSite\",\"@id\":\"https:\/\/www.aracartandresidency.com\/#website\",\"url\":\"https:\/\/www.aracartandresidency.com\/\",\"name\":\"Arac Art And Residency\",\"description\":\"\",\"potentialAction\":[{\"@type\":\"SearchAction\",\"target\":{\"@type\":\"EntryPoint\",\"urlTemplate\":\"https:\/\/www.aracartandresidency.com\/?s={search_term_string}\"},\"query-input\":{\"@type\":\"PropertyValueSpecification\",\"valueRequired\":true,\"valueName\":\"search_term_string\"}}],\"inLanguage\":\"ro-RO\"}]}<\/script>\n<!-- \/ Yoast SEO plugin. -->","yoast_head_json":{"title":"Insomnia Nights - Adrian Notz - Arac Art And Residency","description":"Insomnia Nights & Days, with special guest Adelina Ivan, on Wednesday, 16th February, starting at 18.00h, at Anca Poterasu Gallery (Popa Soare 26, Bucharest). The event is titled after the solo show of the artist in Iceland, curated by Lisa Attensperger, during the artist's residency at ARTAK350, on the Grundarfjordur peninsula.Following the screening of Carlos Amorales's film, The Rhetoric of the Mask (2021), curator Adrian Notz will engage in a dialogue with the artist on the masks we wear in the real world, on virtual platforms, our digital selves, our interfaced others.","robots":{"index":"index","follow":"follow","max-snippet":"max-snippet:-1","max-image-preview":"max-image-preview:large","max-video-preview":"max-video-preview:-1"},"canonical":"https:\/\/www.aracartandresidency.com\/ro\/insomnia-nights-adrian-notz\/","og_locale":"ro_RO","og_type":"article","og_title":"Insomnia Nights - Adrian Notz - Arac Art And Residency","og_description":"Insomnia Nights & Days, with special guest Adelina Ivan, on Wednesday, 16th February, starting at 18.00h, at Anca Poterasu Gallery (Popa Soare 26, Bucharest). The event is titled after the solo show of the artist in Iceland, curated by Lisa Attensperger, during the artist's residency at ARTAK350, on the Grundarfjordur peninsula.Following the screening of Carlos Amorales's film, The Rhetoric of the Mask (2021), curator Adrian Notz will engage in a dialogue with the artist on the masks we wear in the real world, on virtual platforms, our digital selves, our interfaced others.","og_url":"https:\/\/www.aracartandresidency.com\/ro\/insomnia-nights-adrian-notz\/","og_site_name":"Arac Art And Residency","article_modified_time":"2022-05-18T09:27:53+00:00","og_image":[{"width":2560,"height":2560,"url":"https:\/\/www.aracartandresidency.com\/wp-content\/uploads\/2022\/05\/postare-Adrian-01-01-01-scaled.jpg","type":"image\/jpeg"}],"twitter_card":"summary_large_image","twitter_misc":{"Timp estimat pentru citire":"3 minute"},"schema":{"@context":"https:\/\/schema.org","@graph":[{"@type":"WebPage","@id":"https:\/\/www.aracartandresidency.com\/insomnia-nights-adrian-notz\/","url":"https:\/\/www.aracartandresidency.com\/insomnia-nights-adrian-notz\/","name":"Insomnia Nights - Adrian Notz - Arac Art And Residency","isPartOf":{"@id":"https:\/\/www.aracartandresidency.com\/#website"},"primaryImageOfPage":{"@id":"https:\/\/www.aracartandresidency.com\/insomnia-nights-adrian-notz\/#primaryimage"},"image":{"@id":"https:\/\/www.aracartandresidency.com\/insomnia-nights-adrian-notz\/#primaryimage"},"thumbnailUrl":"https:\/\/www.aracartandresidency.com\/wp-content\/uploads\/2022\/05\/postare-Adrian-01-01-01-scaled.jpg","datePublished":"2022-05-09T12:00:25+00:00","dateModified":"2022-05-18T09:27:53+00:00","description":"Insomnia Nights & Days, with special guest Adelina Ivan, on Wednesday, 16th February, starting at 18.00h, at Anca Poterasu Gallery (Popa Soare 26, Bucharest). The event is titled after the solo show of the artist in Iceland, curated by Lisa Attensperger, during the artist's residency at ARTAK350, on the Grundarfjordur peninsula.Following the screening of Carlos Amorales's film, The Rhetoric of the Mask (2021), curator Adrian Notz will engage in a dialogue with the artist on the masks we wear in the real world, on virtual platforms, our digital selves, our interfaced others.","breadcrumb":{"@id":"https:\/\/www.aracartandresidency.com\/insomnia-nights-adrian-notz\/#breadcrumb"},"inLanguage":"ro-RO","potentialAction":[{"@type":"ReadAction","target":["https:\/\/www.aracartandresidency.com\/insomnia-nights-adrian-notz\/"]}]},{"@type":"ImageObject","inLanguage":"ro-RO","@id":"https:\/\/www.aracartandresidency.com\/insomnia-nights-adrian-notz\/#primaryimage","url":"https:\/\/www.aracartandresidency.com\/wp-content\/uploads\/2022\/05\/postare-Adrian-01-01-01-scaled.jpg","contentUrl":"https:\/\/www.aracartandresidency.com\/wp-content\/uploads\/2022\/05\/postare-Adrian-01-01-01-scaled.jpg","width":2560,"height":2560},{"@type":"BreadcrumbList","@id":"https:\/\/www.aracartandresidency.com\/insomnia-nights-adrian-notz\/#breadcrumb","itemListElement":[{"@type":"ListItem","position":1,"name":"Home","item":"https:\/\/www.aracartandresidency.com\/"},{"@type":"ListItem","position":2,"name":"Insomnia Nights &#8211; Adrian Notz"}]},{"@type":"WebSite","@id":"https:\/\/www.aracartandresidency.com\/#website","url":"https:\/\/www.aracartandresidency.com\/","name":"Arac Art And Residency","description":"","potentialAction":[{"@type":"SearchAction","target":{"@type":"EntryPoint","urlTemplate":"https:\/\/www.aracartandresidency.com\/?s={search_term_string}"},"query-input":{"@type":"PropertyValueSpecification","valueRequired":true,"valueName":"search_term_string"}}],"inLanguage":"ro-RO"}]}},"jetpack_sharing_enabled":true,"_links":{"self":[{"href":"https:\/\/www.aracartandresidency.com\/ro\/wp-json\/wp\/v2\/pages\/1749","targetHints":{"allow":["GET"]}}],"collection":[{"href":"https:\/\/www.aracartandresidency.com\/ro\/wp-json\/wp\/v2\/pages"}],"about":[{"href":"https:\/\/www.aracartandresidency.com\/ro\/wp-json\/wp\/v2\/types\/page"}],"author":[{"embeddable":true,"href":"https:\/\/www.aracartandresidency.com\/ro\/wp-json\/wp\/v2\/users\/3"}],"replies":[{"embeddable":true,"href":"https:\/\/www.aracartandresidency.com\/ro\/wp-json\/wp\/v2\/comments?post=1749"}],"version-history":[{"count":10,"href":"https:\/\/www.aracartandresidency.com\/ro\/wp-json\/wp\/v2\/pages\/1749\/revisions"}],"predecessor-version":[{"id":1846,"href":"https:\/\/www.aracartandresidency.com\/ro\/wp-json\/wp\/v2\/pages\/1749\/revisions\/1846"}],"wp:featuredmedia":[{"embeddable":true,"href":"https:\/\/www.aracartandresidency.com\/ro\/wp-json\/wp\/v2\/media\/1753"}],"wp:attachment":[{"href":"https:\/\/www.aracartandresidency.com\/ro\/wp-json\/wp\/v2\/media?parent=1749"}],"curies":[{"name":"wp","href":"https:\/\/api.w.org\/{rel}","templated":true}]}}