{"id":1732,"date":"2022-05-09T11:40:03","date_gmt":"2022-05-09T11:40:03","guid":{"rendered":"https:\/\/www.aracartandresidency.com\/?page_id=1732"},"modified":"2022-05-17T14:46:29","modified_gmt":"2022-05-17T14:46:29","slug":"insomnia-nights-carlos-amorales","status":"publish","type":"page","link":"https:\/\/www.aracartandresidency.com\/ro\/insomnia-nights-carlos-amorales\/","title":{"rendered":"Insomnia Nights &#8211; Carlos Amorales"},"content":{"rendered":"<p>[et_pb_section fb_built=&#8221;1&#8243; admin_label=&#8221;Section&#8221; _builder_version=&#8221;4.5.1&#8243; _module_preset=&#8221;default&#8221; background_color=&#8221;#0000ee&#8221; background_image=&#8221;https:\/\/www.aracartandresidency.com\/wp-content\/uploads\/2022\/05\/The-Rethoric-of-the-Mask-STILL-07.jpg&#8221; background_blend=&#8221;multiply&#8221; custom_margin=&#8221;||-93px|||&#8221; custom_padding=&#8221;100px||126px||false|false&#8221;][\/et_pb_section][et_pb_section fb_built=&#8221;1&#8243; _builder_version=&#8221;4.5.1&#8243; _module_preset=&#8221;default&#8221; custom_margin=&#8221;34px|||||&#8221; custom_padding=&#8221;0px||||false|false&#8221; custom_css_after=&#8221;display: block;||content: &#8221;;||width: 30px;||height:30px;||background:red;||border-radius: 50%;||position: absolute;||right: 10vw;||bottom: 10vh;&#8221;][et_pb_row column_structure=&#8221;2_5,3_5&#8243; _builder_version=&#8221;4.5.1&#8243; _module_preset=&#8221;default&#8221; custom_padding=&#8221;||0px||false|false&#8221;][et_pb_column type=&#8221;2_5&#8243; _builder_version=&#8221;4.5.1&#8243; _module_preset=&#8221;default&#8221;][et_pb_image src=&#8221;https:\/\/www.aracartandresidency.com\/wp-content\/uploads\/2022\/05\/Carlos_Amorales_portrait_2022-scaled.jpg&#8221; title_text=&#8221;Carlos_Amorales_portrait_2022&#8243; module_class=&#8221;artist-picture&#8221; _builder_version=&#8221;4.5.1&#8243; _module_preset=&#8221;default&#8221; width=&#8221;32%&#8221; max_width=&#8221;32%&#8221;][\/et_pb_image][et_pb_text module_class=&#8221;artist-name&#8221; _builder_version=&#8221;4.5.1&#8243; _module_preset=&#8221;default&#8221; text_text_color=&#8221;#ffffff&#8221;]<\/p>\n<p><b>Carlos Amorales<\/b><\/p>\n<p>[\/et_pb_text][et_pb_text module_class=&#8221;artist-name&#8221; _builder_version=&#8221;4.5.1&#8243; _module_preset=&#8221;default&#8221; text_text_color=&#8221;#ffffff&#8221;]<\/p>\n<p style=\"font-weight: 400;\">Carlos Amorales (Carlos Amorales, 1970, tr\u0103ie\u0219te \u0219i lucreaz\u0103 \u00een Mexico City)<\/p>\n<p style=\"font-weight: 400;\">Artistul a studiat artele vizuale la Gerrit Rietveld Academie \u0219i Rijksakademie van Beeldende Kunsten, ambele \u00een ora\u0219ul Amsterdam, Olanda. Ha a realizat reziden\u021be artistice la Atelier Calder en Sach\u00e9 (2012) \u0219i MAC\/VAL en Vitry-sur-Seine (2011) \u00een Francia \u0219i ca parte a programului Smithsonian Artist Research Fellowship din Washington (2010), Statele Unite.<\/p>\n<p style=\"font-weight: 400;\">Cele mai ample cercet\u0103ri din opera sa cuprind Los Amorales (1996-2001), Liquid Archive (1999-2010), Nuevos Ricos (2004-2009) \u0219i o explorare tipografic\u0103 \u00een leg\u0103tur\u0103 cu cinema-ul (2013-prezent).<\/p>\n<p style=\"font-weight: 400;\">Dintre numeroasele sale expozi\u021bii individuale, putem aminti: Fabrica, Muzeul Stedelijk (Amsterdam, Olanda, 2019-2020); Axiome pentru ac\u021biune, MUAC, UNAM (M\u00e9xico, 2018) \u0219i MARCO (Monterrey, 2019); Instrumente de lucru, MAMM, (Medell\u00edn, 2017); Anti Tropicalia, Museo de Arte y Dise\u00f1o (Costa Rica, 2015); Black Cloud, Power Plant, (Toronto, 2015); El Esplendor Geom\u00e9trico, Kurimanzutto (M\u00e9xico, 2015), Germinal, Museo Tamayo (Mexico City, 2013); Nuevos Ricos, Kunsthalle Fridericianum (Kassel, 2010); Four Animations, Five Drawings and a Plague, Muzeul de Art\u0103 din Philadelphia (2008); Discarded Spider, Cincinnati Art Center (2008).<\/p>\n<p style=\"font-weight: 400;\">Unele dintre cele mai remarcabile expozi\u021bii colective ale sale includ: Under the Same Sun. Art From Latin America Today, Muzeul Guggenheim (New York, 2014); New Perspectives in Latin American Art, MoMA (New York, 2007); Mexico City: An Exhibition About The Exchange Rate of Bodies and Values, MoMA PS1 (New York, 2002); \u0219i spectacole ca Amorales vs. Amorales, Centre Georges Pompidou (Paris 2001), SF MoMA (San Francisco, 2003) \u0219i Tate Modern (Londra, 2003). <br \/>\u00cen plus, a reprezentat Mexicul la cea de-a 57-a Bienal\u0103 de la Vene\u021bia cu proiectul Life in the Folds, iar Olanda \u00een aceea\u0219i Bienal\u0103 \u00een 2003. A mai participat la bienale precum Manifesta 9 (Belgia, 2012), Biennale de la Habana (Cuba, 2015 \u0219i 2009), Performa (New York, 2007), Bienala de la Berlin (2001 \u0219i 2014), Manif d\u00b4art 8 The Qu\u00e9bec Biennal 2017.<\/p>\n<p style=\"font-weight: 400;\">Lucr\u0103rile sale sunt disponibile \u00een colec\u021bii interna\u021bionale precum Museo Tamayo \u0219i Museo Universitario de Arte Contempor\u00e1neo, Mexico City: Tate Modern, Londra; Muzeul de Art\u0103 Modern\u0103 \u0219i Muzeul Guggenheim, New York; Walker Art Center, Minneapolis; Muzeul Boijmans van Beuningen, Rotterdam; printre al\u021bii.<\/p>\n<p>[\/et_pb_text][\/et_pb_column][et_pb_column type=&#8221;3_5&#8243; _builder_version=&#8221;4.5.1&#8243; _module_preset=&#8221;default&#8221; custom_padding=&#8221;|||20px|false|false&#8221; custom_padding_tablet=&#8221;|||0px|false|false&#8221; custom_padding_phone=&#8221;&#8221; custom_padding_last_edited=&#8221;on|tablet&#8221; border_width_left=&#8221;1px&#8221; border_width_left_tablet=&#8221;0px&#8221; border_width_left_phone=&#8221;&#8221; border_width_left_last_edited=&#8221;on|tablet&#8221;][et_pb_text admin_label=&#8221;Text&#8221; _builder_version=&#8221;4.5.1&#8243; _module_preset=&#8221;default&#8221; text_text_color=&#8221;#ffffff&#8221; header_font=&#8221;|||on|||||&#8221; header_text_color=&#8221;#ffffff&#8221; header_font_size=&#8221;50px&#8221; custom_margin=&#8221;||-1px||false|false&#8221; custom_padding=&#8221;||0px||false|false&#8221;]<\/p>\n<h1 id=\"seo_h1_tag\" class=\"_5gmx\" data-testid=\"event-permalink-event-name\"><b>The Rhetoric of the Mask<\/b><\/h1>\n<p>13.05.2022 l Artist talk l Anca Poterasu Gallery<\/p>\n<p>&nbsp;<\/p>\n<div>\n<p>Artistul Carlos Amorales, invitat special la seria de evenimente Insomnia, va prezenta una dintre cele mai recente lucr\u0103ri, The Rhetoric of the Mask (video 4K, 2021, 26'20''). Lucrarea video \u00eenregistreaz\u0103 diverse ac\u021biuni ale lui Amorales, purt\u00e2nd o serie de m\u0103\u0219ti, \u00een fa\u021ba unui ecran de computer, at\u00e2t o camer\u0103 c\u00e2t \u0219i o oglind\u0103. \u00cen timpul celui de-al doilea an al pandemiei, artistul a montat un mic platou de filmare \u00een studioul s\u0103u pentru a se \u00eenregistra pe Zoom folosind fundalurile virtuale pentru a crea scenarii care reproduc \u0219i, \u00een acela\u0219i timp, ascund spa\u021biul privat, multiplic\u00e2nd \u00een acela\u0219i timp imaginea artistului, cre\u00e2nd un joc de straturi vizuale \u00een care masca este o resurs\u0103 formal\u0103 \u0219i un mijloc de reflec\u021bie.<\/p>\n<p>\u00cen timpul performance-ului pe Zoom, artistul expune teoriile sale asupra func\u021bionalit\u0103\u021bii m\u0103\u0219tii ca instrument sociopolitic care produce un spa\u021biu liminal \u00eentre concepte opuse. \u00cen acela\u0219i timp, cu un ton vizionar, el speculeaz\u0103 asupra ocup\u0103rii spa\u021biului privat individual prin implementarea de algoritmi ce func\u021bioneaz\u0103 \u00eentr-o nou\u0103 logic\u0103 colonialist\u0103 rezultat\u0103 din domina\u021bia tehnologic\u0103 a celor care de\u021bin controlul asupra resurselor financiare \u0219i de putere, care abandoneaz\u0103 \u00een rachetele lor lumea noastr\u0103 \u00een pericol de extinc\u021bie.<\/p>\n<p>Carlos Amorales este un artist multidisciplinar care exploreaz\u0103 limitele limbajului \u0219i ale sistemelor de traducere pentru a se aventura \u00een domeniul experimentului cultural. El folose\u0219te produc\u021bia grafic\u0103 ca instrument pentru a dezvolta structuri lingvistice \u0219i modele de lucru alternative care permit noi forme de interpretare \u0219i \u00eencurajeaz\u0103 colectivitatea. \u00cen proiectele sale, Amorales examineaz\u0103 procesele de construc\u021bie a identit\u0103\u021bii, propune o resemnificare constant\u0103 a formelor prezente \u00een lucr\u0103rile sale \u0219i provoac\u0103 o confruntare \u00eentre art\u0103 \u0219i cultura pop. Procesele sale de cercetare sunt complexe; ele se bazeaz\u0103 pe un repertoriu amplu de metodologii empirice pentru a dezvolta proiecte ample care conjug\u0103 referin\u021be istorice, culturale \u0219i personale. Practica sa se extinde la medii diverse precum desenul, pictura, sculptura sau colajul; precum \u0219i la performance, instala\u021bie, anima\u021bie, art\u0103 sonor\u0103, film, scris, printre alte formate netradi\u021bionale.<\/p>\n<p>Film details:\u00a0 Artist:Carlos Amorales (1970), The Rhetoric of the Mask, 2021, Video 4K, color with sound, 26:20 min<\/p>\n<p>&nbsp;<\/p>\n<\/div>\n<div>\u00a0<\/div>\n<div><a href=\"https:\/\/fb.me\/e\/52w7KrjXE\">Facebook event<\/a><\/div>\n<div>\u00a0<\/div>\n<div>\u00a0<\/div>\n<div>\u00a0<\/div>\n<div>\u00a0<\/div>\n<div>\u00a0<\/div>\n<div>\u00a0<\/div>\n<div>\u00a0<\/div>\n<p>[\/et_pb_text][et_pb_gallery gallery_ids=&#8221;1825,1826,1827,1828,1829,1830,1831,1832,1833,1834,1835&#8243; posts_number=&#8221;15&#8243; show_title_and_caption=&#8221;off&#8221; module_class=&#8221;gallery-3&#8243; _builder_version=&#8221;4.5.1&#8243; _module_preset=&#8221;default&#8221; hover_enabled=&#8221;0&#8243; custom_css_gallery_item=&#8221;width: 30% !important;||margin: 0 5% 5% 0 !important;||clear: none!important;&#8221;][\/et_pb_gallery][et_pb_code _builder_version=&#8221;4.5.1&#8243; _module_preset=&#8221;default&#8221;]<\/p>\n<style><!-- [et_pb_line_break_holder] -->  .et_pb_gallery.gallery-3 .et_pb_gallery_item:nth-child(3n) {<!-- [et_pb_line_break_holder] -->    margin-right: 0!important;<!-- [et_pb_line_break_holder] -->  }<!-- [et_pb_line_break_holder] -->  .et_pb_section_1.et_pb_section {<!-- [et_pb_line_break_holder] -->    min-height: auto;<!-- [et_pb_line_break_holder] -->  }<!-- [et_pb_line_break_holder] -->  p {<!-- [et_pb_line_break_holder] -->    line-height: 1.5em;<!-- [et_pb_line_break_holder] -->    padding-bottom: 1.5em;<!-- [et_pb_line_break_holder] -->  }<!-- [et_pb_line_break_holder] -->  .artist-name {<!-- [et_pb_line_break_holder] -->    margin-bottom: 6px;<!-- [et_pb_line_break_holder] -->  }<!-- [et_pb_line_break_holder] --><\/style>\n<p>[\/et_pb_code][et_pb_code admin_label=&#8221;styles gallery&#8221; _builder_version=&#8221;4.5.1&#8243; _module_preset=&#8221;default&#8221;][\/et_pb_code][\/et_pb_column][\/et_pb_row][\/et_pb_section]<\/p>","protected":false},"excerpt":{"rendered":"<p>[et_pb_section fb_built=&#8221;1&#8243; admin_label=&#8221;Section&#8221; _builder_version=&#8221;4.5.1&#8243; _module_preset=&#8221;default&#8221; background_color=&#8221;#0000ee&#8221; background_image=&#8221;https:\/\/www.aracartandresidency.com\/wp-content\/uploads\/2022\/05\/The-Rethoric-of-the-Mask-STILL-07.jpg&#8221; background_blend=&#8221;multiply&#8221; custom_margin=&#8221;||-93px|||&#8221; custom_padding=&#8221;100px||126px||false|false&#8221;][\/et_pb_section][et_pb_section fb_built=&#8221;1&#8243; _builder_version=&#8221;4.5.1&#8243; _module_preset=&#8221;default&#8221; custom_margin=&#8221;34px|||||&#8221; custom_padding=&#8221;0px||||false|false&#8221; custom_css_after=&#8221;display: block;||content: &#8221;;||width: 30px;||height:30px;||background:red;||border-radius: 50%;||position: absolute;||right: 10vw;||bottom: 10vh;&#8221;][et_pb_row column_structure=&#8221;2_5,3_5&#8243; _builder_version=&#8221;4.5.1&#8243; _module_preset=&#8221;default&#8221; custom_padding=&#8221;||0px||false|false&#8221;][et_pb_column type=&#8221;2_5&#8243; _builder_version=&#8221;4.5.1&#8243; _module_preset=&#8221;default&#8221;][et_pb_image src=&#8221;https:\/\/www.aracartandresidency.com\/wp-content\/uploads\/2022\/05\/Carlos_Amorales_portrait_2022-scaled.jpg&#8221; title_text=&#8221;Carlos_Amorales_portrait_2022&#8243; module_class=&#8221;artist-picture&#8221; _builder_version=&#8221;4.5.1&#8243; _module_preset=&#8221;default&#8221; width=&#8221;32%&#8221; max_width=&#8221;32%&#8221;][\/et_pb_image][et_pb_text module_class=&#8221;artist-name&#8221; _builder_version=&#8221;4.5.1&#8243; _module_preset=&#8221;default&#8221; text_text_color=&#8221;#ffffff&#8221;] Carlos Amorales [\/et_pb_text][et_pb_text module_class=&#8221;artist-name&#8221; _builder_version=&#8221;4.5.1&#8243; _module_preset=&#8221;default&#8221; text_text_color=&#8221;#ffffff&#8221;] Carlos Amorales (Carlos Amorales, 1970, lives and [&hellip;]<\/p>","protected":false},"author":3,"featured_media":1737,"parent":0,"menu_order":0,"comment_status":"closed","ping_status":"closed","template":"","meta":{"_et_pb_use_builder":"on","_et_pb_old_content":"","_et_gb_content_width":"","footnotes":""},"class_list":["post-1732","page","type-page","status-publish","has-post-thumbnail","hentry"],"yoast_head":"<!-- This site is optimized with the Yoast SEO plugin v26.5 - https:\/\/yoast.com\/wordpress\/plugins\/seo\/ -->\n<title>Insomnia Nights - Carlos Amorales - Arac Art And Residency<\/title>\n<meta name=\"description\" content=\"Artist Carlos Amorales will be presenting for our next Insomnia event, one of his most recent works, The Rhetoric of the Mask.\" \/>\n<meta name=\"robots\" content=\"index, follow, max-snippet:-1, max-image-preview:large, max-video-preview:-1\" \/>\n<link rel=\"canonical\" href=\"https:\/\/www.aracartandresidency.com\/ro\/insomnia-nights-carlos-amorales\/\" \/>\n<meta property=\"og:locale\" content=\"ro_RO\" \/>\n<meta property=\"og:type\" content=\"article\" \/>\n<meta property=\"og:title\" content=\"Insomnia Nights - Carlos Amorales - Arac Art And Residency\" \/>\n<meta property=\"og:description\" content=\"Artist Carlos Amorales will be presenting for our next Insomnia event, one of his most recent works, The Rhetoric of the Mask.\" \/>\n<meta property=\"og:url\" content=\"https:\/\/www.aracartandresidency.com\/ro\/insomnia-nights-carlos-amorales\/\" \/>\n<meta property=\"og:site_name\" content=\"Arac Art And Residency\" \/>\n<meta property=\"article:modified_time\" content=\"2022-05-17T14:46:29+00:00\" \/>\n<meta property=\"og:image\" content=\"https:\/\/www.aracartandresidency.com\/wp-content\/uploads\/2022\/05\/postare-carlos-01-scaled.jpg\" \/>\n\t<meta property=\"og:image:width\" content=\"2560\" \/>\n\t<meta property=\"og:image:height\" content=\"2560\" \/>\n\t<meta property=\"og:image:type\" content=\"image\/jpeg\" \/>\n<meta name=\"twitter:card\" content=\"summary_large_image\" \/>\n<meta name=\"twitter:label1\" content=\"Timp estimat pentru citire\" \/>\n\t<meta name=\"twitter:data1\" content=\"4 minute\" \/>\n<script type=\"application\/ld+json\" class=\"yoast-schema-graph\">{\"@context\":\"https:\/\/schema.org\",\"@graph\":[{\"@type\":\"WebPage\",\"@id\":\"https:\/\/www.aracartandresidency.com\/insomnia-nights-carlos-amorales\/\",\"url\":\"https:\/\/www.aracartandresidency.com\/insomnia-nights-carlos-amorales\/\",\"name\":\"Insomnia Nights - Carlos Amorales - Arac Art And Residency\",\"isPartOf\":{\"@id\":\"https:\/\/www.aracartandresidency.com\/#website\"},\"primaryImageOfPage\":{\"@id\":\"https:\/\/www.aracartandresidency.com\/insomnia-nights-carlos-amorales\/#primaryimage\"},\"image\":{\"@id\":\"https:\/\/www.aracartandresidency.com\/insomnia-nights-carlos-amorales\/#primaryimage\"},\"thumbnailUrl\":\"https:\/\/www.aracartandresidency.com\/wp-content\/uploads\/2022\/05\/postare-carlos-01-scaled.jpg\",\"datePublished\":\"2022-05-09T11:40:03+00:00\",\"dateModified\":\"2022-05-17T14:46:29+00:00\",\"description\":\"Artist Carlos Amorales will be presenting for our next Insomnia event, one of his most recent works, The Rhetoric of the Mask.\",\"breadcrumb\":{\"@id\":\"https:\/\/www.aracartandresidency.com\/insomnia-nights-carlos-amorales\/#breadcrumb\"},\"inLanguage\":\"ro-RO\",\"potentialAction\":[{\"@type\":\"ReadAction\",\"target\":[\"https:\/\/www.aracartandresidency.com\/insomnia-nights-carlos-amorales\/\"]}]},{\"@type\":\"ImageObject\",\"inLanguage\":\"ro-RO\",\"@id\":\"https:\/\/www.aracartandresidency.com\/insomnia-nights-carlos-amorales\/#primaryimage\",\"url\":\"https:\/\/www.aracartandresidency.com\/wp-content\/uploads\/2022\/05\/postare-carlos-01-scaled.jpg\",\"contentUrl\":\"https:\/\/www.aracartandresidency.com\/wp-content\/uploads\/2022\/05\/postare-carlos-01-scaled.jpg\",\"width\":2560,\"height\":2560},{\"@type\":\"BreadcrumbList\",\"@id\":\"https:\/\/www.aracartandresidency.com\/insomnia-nights-carlos-amorales\/#breadcrumb\",\"itemListElement\":[{\"@type\":\"ListItem\",\"position\":1,\"name\":\"Home\",\"item\":\"https:\/\/www.aracartandresidency.com\/\"},{\"@type\":\"ListItem\",\"position\":2,\"name\":\"Insomnia Nights &#8211; Carlos Amorales\"}]},{\"@type\":\"WebSite\",\"@id\":\"https:\/\/www.aracartandresidency.com\/#website\",\"url\":\"https:\/\/www.aracartandresidency.com\/\",\"name\":\"Arac Art And Residency\",\"description\":\"\",\"potentialAction\":[{\"@type\":\"SearchAction\",\"target\":{\"@type\":\"EntryPoint\",\"urlTemplate\":\"https:\/\/www.aracartandresidency.com\/?s={search_term_string}\"},\"query-input\":{\"@type\":\"PropertyValueSpecification\",\"valueRequired\":true,\"valueName\":\"search_term_string\"}}],\"inLanguage\":\"ro-RO\"}]}<\/script>\n<!-- \/ Yoast SEO plugin. -->","yoast_head_json":{"title":"Insomnia Nights - Carlos Amorales - Arac Art And Residency","description":"Artist Carlos Amorales will be presenting for our next Insomnia event, one of his most recent works, The Rhetoric of the Mask.","robots":{"index":"index","follow":"follow","max-snippet":"max-snippet:-1","max-image-preview":"max-image-preview:large","max-video-preview":"max-video-preview:-1"},"canonical":"https:\/\/www.aracartandresidency.com\/ro\/insomnia-nights-carlos-amorales\/","og_locale":"ro_RO","og_type":"article","og_title":"Insomnia Nights - Carlos Amorales - Arac Art And Residency","og_description":"Artist Carlos Amorales will be presenting for our next Insomnia event, one of his most recent works, The Rhetoric of the Mask.","og_url":"https:\/\/www.aracartandresidency.com\/ro\/insomnia-nights-carlos-amorales\/","og_site_name":"Arac Art And Residency","article_modified_time":"2022-05-17T14:46:29+00:00","og_image":[{"width":2560,"height":2560,"url":"https:\/\/www.aracartandresidency.com\/wp-content\/uploads\/2022\/05\/postare-carlos-01-scaled.jpg","type":"image\/jpeg"}],"twitter_card":"summary_large_image","twitter_misc":{"Timp estimat pentru citire":"4 minute"},"schema":{"@context":"https:\/\/schema.org","@graph":[{"@type":"WebPage","@id":"https:\/\/www.aracartandresidency.com\/insomnia-nights-carlos-amorales\/","url":"https:\/\/www.aracartandresidency.com\/insomnia-nights-carlos-amorales\/","name":"Insomnia Nights - Carlos Amorales - Arac Art And Residency","isPartOf":{"@id":"https:\/\/www.aracartandresidency.com\/#website"},"primaryImageOfPage":{"@id":"https:\/\/www.aracartandresidency.com\/insomnia-nights-carlos-amorales\/#primaryimage"},"image":{"@id":"https:\/\/www.aracartandresidency.com\/insomnia-nights-carlos-amorales\/#primaryimage"},"thumbnailUrl":"https:\/\/www.aracartandresidency.com\/wp-content\/uploads\/2022\/05\/postare-carlos-01-scaled.jpg","datePublished":"2022-05-09T11:40:03+00:00","dateModified":"2022-05-17T14:46:29+00:00","description":"Artist Carlos Amorales will be presenting for our next Insomnia event, one of his most recent works, The Rhetoric of the Mask.","breadcrumb":{"@id":"https:\/\/www.aracartandresidency.com\/insomnia-nights-carlos-amorales\/#breadcrumb"},"inLanguage":"ro-RO","potentialAction":[{"@type":"ReadAction","target":["https:\/\/www.aracartandresidency.com\/insomnia-nights-carlos-amorales\/"]}]},{"@type":"ImageObject","inLanguage":"ro-RO","@id":"https:\/\/www.aracartandresidency.com\/insomnia-nights-carlos-amorales\/#primaryimage","url":"https:\/\/www.aracartandresidency.com\/wp-content\/uploads\/2022\/05\/postare-carlos-01-scaled.jpg","contentUrl":"https:\/\/www.aracartandresidency.com\/wp-content\/uploads\/2022\/05\/postare-carlos-01-scaled.jpg","width":2560,"height":2560},{"@type":"BreadcrumbList","@id":"https:\/\/www.aracartandresidency.com\/insomnia-nights-carlos-amorales\/#breadcrumb","itemListElement":[{"@type":"ListItem","position":1,"name":"Home","item":"https:\/\/www.aracartandresidency.com\/"},{"@type":"ListItem","position":2,"name":"Insomnia Nights &#8211; Carlos Amorales"}]},{"@type":"WebSite","@id":"https:\/\/www.aracartandresidency.com\/#website","url":"https:\/\/www.aracartandresidency.com\/","name":"Arac Art And Residency","description":"","potentialAction":[{"@type":"SearchAction","target":{"@type":"EntryPoint","urlTemplate":"https:\/\/www.aracartandresidency.com\/?s={search_term_string}"},"query-input":{"@type":"PropertyValueSpecification","valueRequired":true,"valueName":"search_term_string"}}],"inLanguage":"ro-RO"}]}},"jetpack_sharing_enabled":true,"_links":{"self":[{"href":"https:\/\/www.aracartandresidency.com\/ro\/wp-json\/wp\/v2\/pages\/1732","targetHints":{"allow":["GET"]}}],"collection":[{"href":"https:\/\/www.aracartandresidency.com\/ro\/wp-json\/wp\/v2\/pages"}],"about":[{"href":"https:\/\/www.aracartandresidency.com\/ro\/wp-json\/wp\/v2\/types\/page"}],"author":[{"embeddable":true,"href":"https:\/\/www.aracartandresidency.com\/ro\/wp-json\/wp\/v2\/users\/3"}],"replies":[{"embeddable":true,"href":"https:\/\/www.aracartandresidency.com\/ro\/wp-json\/wp\/v2\/comments?post=1732"}],"version-history":[{"count":9,"href":"https:\/\/www.aracartandresidency.com\/ro\/wp-json\/wp\/v2\/pages\/1732\/revisions"}],"predecessor-version":[{"id":1836,"href":"https:\/\/www.aracartandresidency.com\/ro\/wp-json\/wp\/v2\/pages\/1732\/revisions\/1836"}],"wp:featuredmedia":[{"embeddable":true,"href":"https:\/\/www.aracartandresidency.com\/ro\/wp-json\/wp\/v2\/media\/1737"}],"wp:attachment":[{"href":"https:\/\/www.aracartandresidency.com\/ro\/wp-json\/wp\/v2\/media?parent=1732"}],"curies":[{"name":"wp","href":"https:\/\/api.w.org\/{rel}","templated":true}]}}