{"id":1672,"date":"2022-04-28T11:50:15","date_gmt":"2022-04-28T11:50:15","guid":{"rendered":"https:\/\/www.aracartandresidency.com\/?page_id=1672"},"modified":"2022-05-31T12:23:39","modified_gmt":"2022-05-31T12:23:39","slug":"bucharest-experience-by-linda-peitz","status":"publish","type":"page","link":"https:\/\/www.aracartandresidency.com\/ro\/residency\/bucharest-experience-by-linda-peitz\/","title":{"rendered":"Arta textil\u0103 din Bucure\u0219ti"},"content":{"rendered":"<p>[et_pb_section fb_built=&#8221;1&#8243; _builder_version=&#8221;4.5.1&#8243; _module_preset=&#8221;default&#8221; background_color=&#8221;#0000ee&#8221; background_image=&#8221;https:\/\/www.aracartandresidency.com\/wp-content\/uploads\/2022\/04\/ll.jpg&#8221; background_blend=&#8221;multiply&#8221; custom_margin=&#8221;||-93px|||&#8221; custom_padding=&#8221;100px||126px||false|false&#8221;][\/et_pb_section][et_pb_section fb_built=&#8221;1&#8243; _builder_version=&#8221;4.5.1&#8243; _module_preset=&#8221;default&#8221; custom_margin=&#8221;34px|||||&#8221; custom_padding=&#8221;45px|||||&#8221; custom_css_after=&#8221;display: block;||content: &#8221;;||width: 30px;||height:30px;||background:red;||border-radius: 50%;||position: absolute;||right: 10vw;||bottom: 10vh;&#8221;][et_pb_row column_structure=&#8221;2_5,3_5&#8243; _builder_version=&#8221;4.5.1&#8243; _module_preset=&#8221;default&#8221;][et_pb_column type=&#8221;2_5&#8243; _builder_version=&#8221;4.5.1&#8243; _module_preset=&#8221;default&#8221;][et_pb_image src=&#8221;https:\/\/www.aracartandresidency.com\/wp-content\/uploads\/2022\/04\/Linda-Peitz_Photo-by-Lukas-Preuss-scaled.jpg&#8221; title_text=&#8221;Linda Peitz_Photo by Lukas Preuss&#8221; module_class=&#8221;artist-picture&#8221; _builder_version=&#8221;4.5.1&#8243; _module_preset=&#8221;default&#8221; width=&#8221;44%&#8221; max_width=&#8221;44%&#8221;][\/et_pb_image][et_pb_text module_class=&#8221;artist-name&#8221; _builder_version=&#8221;4.5.1&#8243; _module_preset=&#8221;default&#8221; text_text_color=&#8221;#333333&#8243;]<\/p>\n<p>Linda Peitz<\/p>\n<p>[\/et_pb_text][et_pb_text _builder_version=&#8221;4.5.1&#8243; _module_preset=&#8221;default&#8221; text_text_color=&#8221;#333333&#8243;]<\/p>\n<p>Linda Peitz este director de crea\u021bie, manager de proiect \u0219i curator \u0219i locuie\u0219te la Berlin. Este fondatoarea \u0219i directoarea CCCCCOMAe.V. (Curational Collective Connecting Concepts of Communication and Art) din 2020 \u0219i curatoare \u0219i manager de expozi\u021bii la Galeria Ebensperger. \u00cen calitate de curator \u0219i manager de expozi\u021bie la galeria Ebensoperger, cu sediul la Berlin \u0219i \u00een Austria, Linda Peitz este responsabil\u0103 de programul curatorial al expozi\u021biilor, de leg\u0103turile artistice din cadrul galeriei \u0219i de reprezentarea galeriei pe scena de art\u0103 interna\u021bional\u0103.\n\u00cen perioada decembrie 2022 \u0219i ianuarie 2023, Linda Peitz a fost curatoarea \u00een reziden\u021b\u0103 \u00een Bucure\u0219ti, \u00een cadrul programului ARAC ART &amp; RESIDENCY.<\/p>\n<p>[\/et_pb_text][\/et_pb_column][et_pb_column type=&#8221;3_5&#8243; _builder_version=&#8221;4.5.1&#8243; _module_preset=&#8221;default&#8221; custom_padding=&#8221;|||20px|false|false&#8221; custom_padding_tablet=&#8221;|||0px|false|false&#8221; custom_padding_phone=&#8221;&#8221; custom_padding_last_edited=&#8221;on|tablet&#8221; border_width_left=&#8221;1px&#8221; border_width_left_tablet=&#8221;0px&#8221; border_width_left_phone=&#8221;&#8221; border_width_left_last_edited=&#8221;on|tablet&#8221;][et_pb_text _builder_version=&#8221;4.5.1&#8243; _module_preset=&#8221;default&#8221; text_text_color=&#8221;#333&#8243; header_font=&#8221;|||on|||||&#8221; header_font_size=&#8221;50px&#8221; hover_enabled=&#8221;0&#8243;]<\/p>\n<h1 id=\"seo_h1_tag\" class=\"_5gmx\" data-testid=\"event-permalink-event-name\">Arta textil\u0103 din Bucure\u0219ti<\/h1>\n<p>Linda Peitz<\/p>\n<p style=\"text-align: left;\">\u00cen timpul reziden\u021bei mele la ARAC ART &amp; RESIDENCY \u00een Bucure\u0219ti, m-am concentrat asupra scenei artistice din ora\u0219 \u0219i m-am \u00eent\u00e2lnit cu c\u00e2\u021biva arti\u0219ti locali. Reziden\u021ba a fost extrem de informativ\u0103 \u0219i chiar mi-a oferit \u0219ansa de a aprofunda temele mele de interes, cum ar fi modul \u00een care arta contemporan\u0103 este conectat\u0103 cu problematici socio-politice.<\/p>\n<p style=\"text-align: left;\">Am fost \u00een mod special intrigat\u0103 de opera artistei rom\u00e2no-americane Megan Dominescu, cu care m-am \u00eent\u00e2lnit de nenum\u0103rate ori, \u0219i de felul \u00een care cro\u0219etarea covoarelor \u0219i tehnicile sale \u00een mediul artei textile \u00eei permit s\u0103 realizeze cu umor, dar \u0219i celeritate, comentarii sociale curajoase, amuzante \u0219i pertinente asupra stilului de via\u021b\u0103 capitalist, a\u0219a cum este ilustrat \u00een industria de publicitate \u0219i de mass-media. M\u0103 \u00eentrebam cum textilele pot fi catalizatoare ale proceselor socioculturale \u0219i am putut s\u0103 intru \u00een detaliile istoriilor de art\u0103 textil\u0103 \u00een Rom\u00e2nia, at\u00e2t \u00een arta modern\u0103, c\u00e2t \u0219i cea contemporan\u0103.<\/p>\n<p style=\"text-align: left;\">Arta textil\u0103 a fost mereu o cale de a spune o poveste. \u00cen mod similar cu ceramica, sticl\u0103ria sau arhitectura, a fost considerat\u0103 mult timp un me\u0219te\u0219ug decorativ \u00een loc s\u0103 fie considerat\u0103 ca o form\u0103 de art\u0103 \u00een sine \u0219i a fost adeseori asociat\u0103 mai degrab\u0103 cu femeile dec\u00e2t cu b\u0103rba\u021bii. De la \u021beserea covoarelor, la art\u0103 cu fibre, tapi\u021berie, \u00eempletire, broderie \u0219i tricotaj, rolul semnificativ societal al textilelor devine des \u00eent\u00e2lnit \u00een \u00eembr\u0103c\u0103minte, design, \u0219tiin\u021b\u0103 \u0219i tehnologie. \u00cen lucr\u0103rile lui Megan Dominescu am sim\u021bit c\u0103 situa\u021biile cotidiene c\u00e2t \u0219i cele \u00eenc\u0103rcate politic pot deveni relevante prin folosirea materialelor textile: prin transformarea unui material banal \u0219i a unei tehnici tradi\u021bionale, practica artistei subimneaz\u0103 prejudec\u0103\u021bi \u0219i preconcep\u021bii.<\/p>\n<p style=\"text-align: left;\">A fost fascinant s\u0103 m\u0103 apropii de scenele \u0219i temele lucr\u0103rilor ei prin experien\u021ba str\u0103zilor \u0219i a vie\u021bii urbane \u00een Bucure\u0219ti: de la panouri stradale \u0219i arhitectura toaletelor publice, la reclamele pentru cluburi \u0219i spa\u021bii de masaj erotic, o parte adeseori ascuns\u0103, dar care face parte din realitatea social\u0103 a unui ora\u0219. Dialogul cu artista Megan Dominescu m-a ajutat la fel de bine s\u0103 \u00een\u021beleg anumite p\u0103r\u021bi ale istoriei Rom\u00e2niei \u0219i a oamenilor ce tr\u0103iesc acolo. C\u0103tre finalul c\u0103l\u0103toriei mele \u00een Bucure\u0219ti am devenit interesat\u0103 de a-mi explica activitatea lui Megan \u00eentr-un context mai larg al istoriei artei. Temele la care vreau s\u0103 mai lucrez ar fi astfel: cum se pozi\u021bioneaz\u0103 opera ei \u00een istoria artei textile (prin prisma arti\u0219tilor contemporani precum Anni Albers \u0219i Sheila Hicks)? Ce exemple de art\u0103 textil\u0103 mai avem \u00een zilele noastre?<\/p>\n<p style=\"text-align: left;\"><a href=\"https:\/\/www.aracartandresidency.com\/ro\/linda-peitz-insomnia-nights\/\">Insomnia Nights l Curator &#8211; talk with Linda Peitz\u00a0<\/a><\/p>\n<p>[\/et_pb_text][et_pb_gallery gallery_ids=&#8221;1666,1677,1678,1679,1681&#8243; posts_number=&#8221;15&#8243; show_title_and_caption=&#8221;off&#8221; module_class=&#8221;gallery-3&#8243; _builder_version=&#8221;4.5.1&#8243; _module_preset=&#8221;default&#8221; custom_css_gallery_item=&#8221;width: 30% !important;||margin: 0 5% 5% 0 !important;||clear: none!important;&#8221;][\/et_pb_gallery][et_pb_code _builder_version=&#8221;4.5.1&#8243; _module_preset=&#8221;default&#8221;]<\/p>\n<style><!-- [et_pb_line_break_holder] -->  .et_pb_gallery.gallery-3 .et_pb_gallery_item:nth-child(3n) {<!-- [et_pb_line_break_holder] -->    margin-right: 0!important;<!-- [et_pb_line_break_holder] -->  }<!-- [et_pb_line_break_holder] -->  .et_pb_section_1.et_pb_section {<!-- [et_pb_line_break_holder] -->    min-height: auto;<!-- [et_pb_line_break_holder] -->  }<!-- [et_pb_line_break_holder] -->  p {<!-- [et_pb_line_break_holder] -->    line-height: 1.5em;<!-- [et_pb_line_break_holder] -->    padding-bottom: 1.5em;<!-- [et_pb_line_break_holder] -->  }<!-- [et_pb_line_break_holder] -->  .artist-name {<!-- [et_pb_line_break_holder] -->    margin-bottom: 6px;<!-- [et_pb_line_break_holder] -->  }<!-- [et_pb_line_break_holder] --><\/style>\n<p>[\/et_pb_code][et_pb_code admin_label=&#8221;styles gallery&#8221; _builder_version=&#8221;4.5.1&#8243; _module_preset=&#8221;default&#8221;][\/et_pb_code][\/et_pb_column][\/et_pb_row][\/et_pb_section]<\/p>","protected":false},"excerpt":{"rendered":"<p>[et_pb_section fb_built=&#8221;1&#8243; _builder_version=&#8221;4.5.1&#8243; _module_preset=&#8221;default&#8221; background_color=&#8221;#0000ee&#8221; background_image=&#8221;https:\/\/www.aracartandresidency.com\/wp-content\/uploads\/2022\/04\/ll.jpg&#8221; background_blend=&#8221;multiply&#8221; custom_margin=&#8221;||-93px|||&#8221; custom_padding=&#8221;100px||126px||false|false&#8221;][\/et_pb_section][et_pb_section fb_built=&#8221;1&#8243; _builder_version=&#8221;4.5.1&#8243; _module_preset=&#8221;default&#8221; custom_margin=&#8221;34px|||||&#8221; custom_padding=&#8221;45px|||||&#8221; custom_css_after=&#8221;display: block;||content: &#8221;;||width: 30px;||height:30px;||background:red;||border-radius: 50%;||position: absolute;||right: 10vw;||bottom: 10vh;&#8221;][et_pb_row column_structure=&#8221;2_5,3_5&#8243; _builder_version=&#8221;4.5.1&#8243; _module_preset=&#8221;default&#8221;][et_pb_column type=&#8221;2_5&#8243; _builder_version=&#8221;4.5.1&#8243; _module_preset=&#8221;default&#8221;][et_pb_image src=&#8221;https:\/\/www.aracartandresidency.com\/wp-content\/uploads\/2022\/04\/Linda-Peitz_Photo-by-Lukas-Preuss-scaled.jpg&#8221; title_text=&#8221;Linda Peitz_Photo by Lukas Preuss&#8221; module_class=&#8221;artist-picture&#8221; _builder_version=&#8221;4.5.1&#8243; _module_preset=&#8221;default&#8221; width=&#8221;44%&#8221; max_width=&#8221;44%&#8221;][\/et_pb_image][et_pb_text module_class=&#8221;artist-name&#8221; _builder_version=&#8221;4.5.1&#8243; _module_preset=&#8221;default&#8221; text_text_color=&#8221;#333333&#8243;] Linda Peitz [\/et_pb_text][et_pb_text _builder_version=&#8221;4.5.1&#8243; _module_preset=&#8221;default&#8221; text_text_color=&#8221;#333333&#8243;] Linda Peitz is a creative director, [&hellip;]<\/p>","protected":false},"author":3,"featured_media":0,"parent":39,"menu_order":0,"comment_status":"closed","ping_status":"closed","template":"","meta":{"_et_pb_use_builder":"on","_et_pb_old_content":"","_et_gb_content_width":"","footnotes":""},"class_list":["post-1672","page","type-page","status-publish","hentry"],"yoast_head":"<!-- This site is optimized with the Yoast SEO plugin v26.5 - https:\/\/yoast.com\/wordpress\/plugins\/seo\/ -->\n<title>Textile art in Bucharest - Arac Art And Residency<\/title>\n<meta name=\"description\" content=\"Presenting Bucharest experience by Linda Peitz. The curator was part of ARAC ART &amp; RESIDENCY, 2021.\" \/>\n<meta name=\"robots\" content=\"index, follow, max-snippet:-1, max-image-preview:large, max-video-preview:-1\" \/>\n<link rel=\"canonical\" href=\"https:\/\/www.aracartandresidency.com\/ro\/residency\/bucharest-experience-by-linda-peitz\/\" \/>\n<meta property=\"og:locale\" content=\"ro_RO\" \/>\n<meta property=\"og:type\" content=\"article\" \/>\n<meta property=\"og:title\" content=\"Textile art in Bucharest - Arac Art And Residency\" \/>\n<meta property=\"og:description\" content=\"Presenting Bucharest experience by Linda Peitz. The curator was part of ARAC ART &amp; RESIDENCY, 2021.\" \/>\n<meta property=\"og:url\" content=\"https:\/\/www.aracartandresidency.com\/ro\/residency\/bucharest-experience-by-linda-peitz\/\" \/>\n<meta property=\"og:site_name\" content=\"Arac Art And Residency\" \/>\n<meta property=\"article:modified_time\" content=\"2022-05-31T12:23:39+00:00\" \/>\n<meta name=\"twitter:card\" content=\"summary_large_image\" \/>\n<meta name=\"twitter:label1\" content=\"Timp estimat pentru citire\" \/>\n\t<meta name=\"twitter:data1\" content=\"3 minute\" \/>\n<script type=\"application\/ld+json\" class=\"yoast-schema-graph\">{\"@context\":\"https:\/\/schema.org\",\"@graph\":[{\"@type\":\"WebPage\",\"@id\":\"https:\/\/www.aracartandresidency.com\/residency\/bucharest-experience-by-linda-peitz\/\",\"url\":\"https:\/\/www.aracartandresidency.com\/residency\/bucharest-experience-by-linda-peitz\/\",\"name\":\"Textile art in Bucharest - Arac Art And Residency\",\"isPartOf\":{\"@id\":\"https:\/\/www.aracartandresidency.com\/#website\"},\"datePublished\":\"2022-04-28T11:50:15+00:00\",\"dateModified\":\"2022-05-31T12:23:39+00:00\",\"description\":\"Presenting Bucharest experience by Linda Peitz. The curator was part of ARAC ART & RESIDENCY, 2021.\",\"breadcrumb\":{\"@id\":\"https:\/\/www.aracartandresidency.com\/residency\/bucharest-experience-by-linda-peitz\/#breadcrumb\"},\"inLanguage\":\"ro-RO\",\"potentialAction\":[{\"@type\":\"ReadAction\",\"target\":[\"https:\/\/www.aracartandresidency.com\/residency\/bucharest-experience-by-linda-peitz\/\"]}]},{\"@type\":\"BreadcrumbList\",\"@id\":\"https:\/\/www.aracartandresidency.com\/residency\/bucharest-experience-by-linda-peitz\/#breadcrumb\",\"itemListElement\":[{\"@type\":\"ListItem\",\"position\":1,\"name\":\"Home\",\"item\":\"https:\/\/www.aracartandresidency.com\/\"},{\"@type\":\"ListItem\",\"position\":2,\"name\":\"Residency\",\"item\":\"https:\/\/www.aracartandresidency.com\/residency\/\"},{\"@type\":\"ListItem\",\"position\":3,\"name\":\"Textile art in Bucharest\"}]},{\"@type\":\"WebSite\",\"@id\":\"https:\/\/www.aracartandresidency.com\/#website\",\"url\":\"https:\/\/www.aracartandresidency.com\/\",\"name\":\"Arac Art And Residency\",\"description\":\"\",\"potentialAction\":[{\"@type\":\"SearchAction\",\"target\":{\"@type\":\"EntryPoint\",\"urlTemplate\":\"https:\/\/www.aracartandresidency.com\/?s={search_term_string}\"},\"query-input\":{\"@type\":\"PropertyValueSpecification\",\"valueRequired\":true,\"valueName\":\"search_term_string\"}}],\"inLanguage\":\"ro-RO\"}]}<\/script>\n<!-- \/ Yoast SEO plugin. -->","yoast_head_json":{"title":"Textile art in Bucharest - Arac Art And Residency","description":"Presenting Bucharest experience by Linda Peitz. The curator was part of ARAC ART & RESIDENCY, 2021.","robots":{"index":"index","follow":"follow","max-snippet":"max-snippet:-1","max-image-preview":"max-image-preview:large","max-video-preview":"max-video-preview:-1"},"canonical":"https:\/\/www.aracartandresidency.com\/ro\/residency\/bucharest-experience-by-linda-peitz\/","og_locale":"ro_RO","og_type":"article","og_title":"Textile art in Bucharest - Arac Art And Residency","og_description":"Presenting Bucharest experience by Linda Peitz. The curator was part of ARAC ART & RESIDENCY, 2021.","og_url":"https:\/\/www.aracartandresidency.com\/ro\/residency\/bucharest-experience-by-linda-peitz\/","og_site_name":"Arac Art And Residency","article_modified_time":"2022-05-31T12:23:39+00:00","twitter_card":"summary_large_image","twitter_misc":{"Timp estimat pentru citire":"3 minute"},"schema":{"@context":"https:\/\/schema.org","@graph":[{"@type":"WebPage","@id":"https:\/\/www.aracartandresidency.com\/residency\/bucharest-experience-by-linda-peitz\/","url":"https:\/\/www.aracartandresidency.com\/residency\/bucharest-experience-by-linda-peitz\/","name":"Textile art in Bucharest - Arac Art And Residency","isPartOf":{"@id":"https:\/\/www.aracartandresidency.com\/#website"},"datePublished":"2022-04-28T11:50:15+00:00","dateModified":"2022-05-31T12:23:39+00:00","description":"Presenting Bucharest experience by Linda Peitz. The curator was part of ARAC ART & RESIDENCY, 2021.","breadcrumb":{"@id":"https:\/\/www.aracartandresidency.com\/residency\/bucharest-experience-by-linda-peitz\/#breadcrumb"},"inLanguage":"ro-RO","potentialAction":[{"@type":"ReadAction","target":["https:\/\/www.aracartandresidency.com\/residency\/bucharest-experience-by-linda-peitz\/"]}]},{"@type":"BreadcrumbList","@id":"https:\/\/www.aracartandresidency.com\/residency\/bucharest-experience-by-linda-peitz\/#breadcrumb","itemListElement":[{"@type":"ListItem","position":1,"name":"Home","item":"https:\/\/www.aracartandresidency.com\/"},{"@type":"ListItem","position":2,"name":"Residency","item":"https:\/\/www.aracartandresidency.com\/residency\/"},{"@type":"ListItem","position":3,"name":"Textile art in Bucharest"}]},{"@type":"WebSite","@id":"https:\/\/www.aracartandresidency.com\/#website","url":"https:\/\/www.aracartandresidency.com\/","name":"Arac Art And Residency","description":"","potentialAction":[{"@type":"SearchAction","target":{"@type":"EntryPoint","urlTemplate":"https:\/\/www.aracartandresidency.com\/?s={search_term_string}"},"query-input":{"@type":"PropertyValueSpecification","valueRequired":true,"valueName":"search_term_string"}}],"inLanguage":"ro-RO"}]}},"jetpack_sharing_enabled":true,"_links":{"self":[{"href":"https:\/\/www.aracartandresidency.com\/ro\/wp-json\/wp\/v2\/pages\/1672","targetHints":{"allow":["GET"]}}],"collection":[{"href":"https:\/\/www.aracartandresidency.com\/ro\/wp-json\/wp\/v2\/pages"}],"about":[{"href":"https:\/\/www.aracartandresidency.com\/ro\/wp-json\/wp\/v2\/types\/page"}],"author":[{"embeddable":true,"href":"https:\/\/www.aracartandresidency.com\/ro\/wp-json\/wp\/v2\/users\/3"}],"replies":[{"embeddable":true,"href":"https:\/\/www.aracartandresidency.com\/ro\/wp-json\/wp\/v2\/comments?post=1672"}],"version-history":[{"count":10,"href":"https:\/\/www.aracartandresidency.com\/ro\/wp-json\/wp\/v2\/pages\/1672\/revisions"}],"predecessor-version":[{"id":1914,"href":"https:\/\/www.aracartandresidency.com\/ro\/wp-json\/wp\/v2\/pages\/1672\/revisions\/1914"}],"up":[{"embeddable":true,"href":"https:\/\/www.aracartandresidency.com\/ro\/wp-json\/wp\/v2\/pages\/39"}],"wp:attachment":[{"href":"https:\/\/www.aracartandresidency.com\/ro\/wp-json\/wp\/v2\/media?parent=1672"}],"curies":[{"name":"wp","href":"https:\/\/api.w.org\/{rel}","templated":true}]}}