{"id":1625,"date":"2022-04-26T08:16:52","date_gmt":"2022-04-26T08:16:52","guid":{"rendered":"https:\/\/www.aracartandresidency.com\/?page_id=1625"},"modified":"2022-05-17T08:48:03","modified_gmt":"2022-05-17T08:48:03","slug":"linda-peitz-insomnia-nights","status":"publish","type":"page","link":"https:\/\/www.aracartandresidency.com\/ro\/linda-peitz-insomnia-nights\/","title":{"rendered":"Insomnia Nights &#8211; Linda Peitz"},"content":{"rendered":"<p>[et_pb_section fb_built=&#8221;1&#8243; _builder_version=&#8221;4.5.1&#8243; _module_preset=&#8221;default&#8221; background_color=&#8221;#0000ee&#8221; background_image=&#8221;https:\/\/www.aracartandresidency.com\/wp-content\/uploads\/2022\/04\/thank-you-thank-you-site-1-700&#215;525-2.jpg&#8221; background_blend=&#8221;multiply&#8221; custom_margin=&#8221;||-93px|||&#8221; custom_padding=&#8221;100px||126px||false|false&#8221;][\/et_pb_section][et_pb_section fb_built=&#8221;1&#8243; _builder_version=&#8221;4.5.1&#8243; _module_preset=&#8221;default&#8221; background_color=&#8221;#000000&#8243; custom_margin=&#8221;34px|||||&#8221; custom_padding=&#8221;45px|||||&#8221; custom_css_after=&#8221;display: block;||content: &#8221;;||width: 30px;||height:30px;||background:red;||border-radius: 50%;||position: absolute;||right: 10vw;||bottom: 10vh;&#8221;][et_pb_row column_structure=&#8221;2_5,3_5&#8243; _builder_version=&#8221;4.5.1&#8243; _module_preset=&#8221;default&#8221; background_color=&#8221;#000000&#8243;][et_pb_column type=&#8221;2_5&#8243; _builder_version=&#8221;4.5.1&#8243; _module_preset=&#8221;default&#8221;][et_pb_image src=&#8221;https:\/\/www.aracartandresidency.com\/wp-content\/uploads\/2022\/04\/Linda-Peitz_Photo-by-Lukas-Preuss-scaled.jpg&#8221; alt=&#8221;Adelina Ivan&#8221; title_text=&#8221;Linda Peitz_Photo by Lukas Preuss&#8221; module_class=&#8221;artist-picture&#8221; _builder_version=&#8221;4.5.1&#8243; _module_preset=&#8221;default&#8221; width=&#8221;43%&#8221; max_width=&#8221;43%&#8221;][\/et_pb_image][et_pb_text module_class=&#8221;artist-name&#8221; _builder_version=&#8221;4.5.1&#8243; _module_preset=&#8221;default&#8221; text_text_color=&#8221;#ffffff&#8221;]<\/p>\n<p><b>Linda Peitz<\/b><\/p>\n<p>[\/et_pb_text][et_pb_text _builder_version=&#8221;4.5.1&#8243; _module_preset=&#8221;default&#8221; text_text_color=&#8221;#ffffff&#8221;]<\/p>\n<p>Linda Peitz este director de crea\u021bie, manager de proiect \u0219i curator \u0219i locuie\u0219te la Berlin. Este fondatoarea \u0219i directoarea CCCCCOMAe.V. (Curational Collective Connecting Concepts of Communication and Art) din 2020 \u0219i curatoare \u0219i manager de expozi\u021bii la Galeria Ebensperger. \u00cen calitate de curator \u0219i manager de expozi\u021bie la galeria Ebensoperger, cu sediul la Berlin \u0219i \u00een Austria, Linda Peitz este responsabil\u0103 de programul curatorial al expozi\u021biilor, de leg\u0103turile artistice din cadrul galeriei \u0219i de reprezentarea galeriei pe scena de art\u0103 interna\u021bional\u0103.\n\u00cen perioada decembrie 2022 \u0219i ianuarie 2023, Linda Peitz a fost curatoarea \u00een reziden\u021b\u0103 \u00een Bucure\u0219ti, \u00een cadrul programului ARAC ART &amp; RESIDENCY.<\/p>\n<p>[\/et_pb_text][\/et_pb_column][et_pb_column type=&#8221;3_5&#8243; _builder_version=&#8221;4.5.1&#8243; _module_preset=&#8221;default&#8221; custom_padding=&#8221;|||20px|false|false&#8221; custom_padding_tablet=&#8221;|||0px|false|false&#8221; custom_padding_phone=&#8221;&#8221; custom_padding_last_edited=&#8221;on|tablet&#8221; border_width_left=&#8221;1px&#8221; border_width_left_tablet=&#8221;0px&#8221; border_width_left_phone=&#8221;&#8221; border_width_left_last_edited=&#8221;on|tablet&#8221;][et_pb_text _builder_version=&#8221;4.5.1&#8243; _module_preset=&#8221;default&#8221; text_text_color=&#8221;#ffffff&#8221; header_font=&#8221;|||on|||||&#8221; header_text_color=&#8221;#ffffff&#8221; header_font_size=&#8221;50px&#8221;]<\/p>\n<h1 id=\"seo_h1_tag\" class=\"_5gmx\" data-testid=\"event-permalink-event-name\"><b>Manipulating Fabric<\/b><\/h1>\n<p>07.05.2022 @ online talk<\/p>\n<p style=\"text-align: left;\">Textilele au fost \u00eentotdeauna un mijloc de a spune pove\u0219ti. La fel ca \u0219i ceramica, designul sticlei sau arhitectura, lucrul cu materialele textile a fost mult timp redus la me\u0219te\u0219uguri decorative \u00een loc s\u0103 fie considerat art\u0103 propriu-zis\u0103 \u0219i a fost adesea asociat mai degrab\u0103 cu femeile dec\u00e2t cu b\u0103rba\u021bii.\nDe la cro\u0219etarea covoarelor, la arta fibrelor, tapiserie, \u021bes\u0103torie, broderie \u0219i tricotaje, rolul semnificativ din punct de vedere social al materialelor textile devine, de asemenea, evident \u00een \u00eembr\u0103c\u0103minte, design, \u0219tiin\u021b\u0103 \u0219i tehnologie.\n\u00cen cazul lucr\u0103rilor lui Megan Dominescu, curatoarea Linda Peitz a apreciat modul \u00een care situa\u021biile cotidiene \u0219i cu nuan\u021be politice pot deveni relevante prin utilizarea \u021bes\u0103turilor textile: prin transformarea unui material \u0219i a unei tehnici cotidiene \u00eentr-un mijloc de exprimare, submin\u00e2ndu-i \u00een acela\u0219i timp atributele tradi\u021bionale \u0219i valorificarea moral\u0103.<\/p>\n<p style=\"text-align: left;\"><a href=\"https:\/\/fb.me\/e\/1Jjvu0I4T\">Facebook event<\/a><\/p>\n<p><a href=\"https:\/\/www.aracartandresidency.com\/ro\/residency\/bucharest-experience-by-linda-peitz\/\">TEXT ON EXPERIENCE IN BUCHAREST<\/a><\/p>\n<p>[\/et_pb_text][et_pb_video _builder_version=&#8221;4.5.1&#8243; _module_preset=&#8221;default&#8221; src=&#8221;https:\/\/youtu.be\/f3SXUoSYiA0&#8243; hover_enabled=&#8221;0&#8243;][\/et_pb_video][\/et_pb_column][\/et_pb_row][\/et_pb_section]<\/p>","protected":false},"excerpt":{"rendered":"<p>[et_pb_section fb_built=&#8221;1&#8243; _builder_version=&#8221;4.5.1&#8243; _module_preset=&#8221;default&#8221; background_color=&#8221;#0000ee&#8221; background_image=&#8221;https:\/\/www.aracartandresidency.com\/wp-content\/uploads\/2022\/04\/thank-you-thank-you-site-1-700&#215;525-2.jpg&#8221; background_blend=&#8221;multiply&#8221; custom_margin=&#8221;||-93px|||&#8221; custom_padding=&#8221;100px||126px||false|false&#8221;][\/et_pb_section][et_pb_section fb_built=&#8221;1&#8243; _builder_version=&#8221;4.5.1&#8243; _module_preset=&#8221;default&#8221; background_color=&#8221;#000000&#8243; custom_margin=&#8221;34px|||||&#8221; custom_padding=&#8221;45px|||||&#8221; custom_css_after=&#8221;display: block;||content: &#8221;;||width: 30px;||height:30px;||background:red;||border-radius: 50%;||position: absolute;||right: 10vw;||bottom: 10vh;&#8221;][et_pb_row column_structure=&#8221;2_5,3_5&#8243; _builder_version=&#8221;4.5.1&#8243; _module_preset=&#8221;default&#8221; background_color=&#8221;#000000&#8243;][et_pb_column type=&#8221;2_5&#8243; _builder_version=&#8221;4.5.1&#8243; _module_preset=&#8221;default&#8221;][et_pb_image src=&#8221;https:\/\/www.aracartandresidency.com\/wp-content\/uploads\/2022\/04\/Linda-Peitz_Photo-by-Lukas-Preuss-scaled.jpg&#8221; alt=&#8221;Adelina Ivan&#8221; title_text=&#8221;Linda Peitz_Photo by Lukas Preuss&#8221; module_class=&#8221;artist-picture&#8221; _builder_version=&#8221;4.5.1&#8243; _module_preset=&#8221;default&#8221; width=&#8221;43%&#8221; max_width=&#8221;43%&#8221;][\/et_pb_image][et_pb_text module_class=&#8221;artist-name&#8221; _builder_version=&#8221;4.5.1&#8243; _module_preset=&#8221;default&#8221; text_text_color=&#8221;#ffffff&#8221;] Linda Peitz [\/et_pb_text][et_pb_text _builder_version=&#8221;4.5.1&#8243; _module_preset=&#8221;default&#8221; text_text_color=&#8221;#ffffff&#8221;] Linda Peitz [&hellip;]<\/p>","protected":false},"author":3,"featured_media":1628,"parent":0,"menu_order":0,"comment_status":"closed","ping_status":"closed","template":"","meta":{"_et_pb_use_builder":"on","_et_pb_old_content":"","_et_gb_content_width":"","footnotes":""},"class_list":["post-1625","page","type-page","status-publish","has-post-thumbnail","hentry"],"yoast_head":"<!-- This site is optimized with the Yoast SEO plugin v26.5 - https:\/\/yoast.com\/wordpress\/plugins\/seo\/ -->\n<title>Insomnia Nights - Linda Peitz - Arac Art And Residency<\/title>\n<meta name=\"description\" content=\"Linda Peitz - Insomnia Nights - a talk on the social and political relevance of textiles in contemporary art.\" \/>\n<meta name=\"robots\" content=\"index, follow, max-snippet:-1, max-image-preview:large, max-video-preview:-1\" \/>\n<link rel=\"canonical\" href=\"https:\/\/www.aracartandresidency.com\/ro\/linda-peitz-insomnia-nights\/\" \/>\n<meta property=\"og:locale\" content=\"ro_RO\" \/>\n<meta property=\"og:type\" content=\"article\" \/>\n<meta property=\"og:title\" content=\"Insomnia Nights - Linda Peitz - Arac Art And Residency\" \/>\n<meta property=\"og:description\" content=\"Linda Peitz - Insomnia Nights - a talk on the social and political relevance of textiles in contemporary art.\" \/>\n<meta property=\"og:url\" content=\"https:\/\/www.aracartandresidency.com\/ro\/linda-peitz-insomnia-nights\/\" \/>\n<meta property=\"og:site_name\" content=\"Arac Art And Residency\" \/>\n<meta property=\"article:modified_time\" content=\"2022-05-17T08:48:03+00:00\" \/>\n<meta property=\"og:image\" content=\"https:\/\/www.aracartandresidency.com\/wp-content\/uploads\/2022\/04\/thank-you-thank-you-site-1-700x525-1.jpg\" \/>\n\t<meta property=\"og:image:width\" content=\"700\" \/>\n\t<meta property=\"og:image:height\" content=\"525\" \/>\n\t<meta property=\"og:image:type\" content=\"image\/jpeg\" \/>\n<meta name=\"twitter:card\" content=\"summary_large_image\" \/>\n<meta name=\"twitter:label1\" content=\"Timp estimat pentru citire\" \/>\n\t<meta name=\"twitter:data1\" content=\"2 minute\" \/>\n<script type=\"application\/ld+json\" class=\"yoast-schema-graph\">{\"@context\":\"https:\/\/schema.org\",\"@graph\":[{\"@type\":\"WebPage\",\"@id\":\"https:\/\/www.aracartandresidency.com\/linda-peitz-insomnia-nights\/\",\"url\":\"https:\/\/www.aracartandresidency.com\/linda-peitz-insomnia-nights\/\",\"name\":\"Insomnia Nights - Linda Peitz - Arac Art And Residency\",\"isPartOf\":{\"@id\":\"https:\/\/www.aracartandresidency.com\/#website\"},\"primaryImageOfPage\":{\"@id\":\"https:\/\/www.aracartandresidency.com\/linda-peitz-insomnia-nights\/#primaryimage\"},\"image\":{\"@id\":\"https:\/\/www.aracartandresidency.com\/linda-peitz-insomnia-nights\/#primaryimage\"},\"thumbnailUrl\":\"https:\/\/www.aracartandresidency.com\/wp-content\/uploads\/2022\/04\/thank-you-thank-you-site-1-700x525-1.jpg\",\"datePublished\":\"2022-04-26T08:16:52+00:00\",\"dateModified\":\"2022-05-17T08:48:03+00:00\",\"description\":\"Linda Peitz - Insomnia Nights - a talk on the social and political relevance of textiles in contemporary art.\",\"breadcrumb\":{\"@id\":\"https:\/\/www.aracartandresidency.com\/linda-peitz-insomnia-nights\/#breadcrumb\"},\"inLanguage\":\"ro-RO\",\"potentialAction\":[{\"@type\":\"ReadAction\",\"target\":[\"https:\/\/www.aracartandresidency.com\/linda-peitz-insomnia-nights\/\"]}]},{\"@type\":\"ImageObject\",\"inLanguage\":\"ro-RO\",\"@id\":\"https:\/\/www.aracartandresidency.com\/linda-peitz-insomnia-nights\/#primaryimage\",\"url\":\"https:\/\/www.aracartandresidency.com\/wp-content\/uploads\/2022\/04\/thank-you-thank-you-site-1-700x525-1.jpg\",\"contentUrl\":\"https:\/\/www.aracartandresidency.com\/wp-content\/uploads\/2022\/04\/thank-you-thank-you-site-1-700x525-1.jpg\",\"width\":700,\"height\":525},{\"@type\":\"BreadcrumbList\",\"@id\":\"https:\/\/www.aracartandresidency.com\/linda-peitz-insomnia-nights\/#breadcrumb\",\"itemListElement\":[{\"@type\":\"ListItem\",\"position\":1,\"name\":\"Home\",\"item\":\"https:\/\/www.aracartandresidency.com\/\"},{\"@type\":\"ListItem\",\"position\":2,\"name\":\"Insomnia Nights &#8211; Linda Peitz\"}]},{\"@type\":\"WebSite\",\"@id\":\"https:\/\/www.aracartandresidency.com\/#website\",\"url\":\"https:\/\/www.aracartandresidency.com\/\",\"name\":\"Arac Art And Residency\",\"description\":\"\",\"potentialAction\":[{\"@type\":\"SearchAction\",\"target\":{\"@type\":\"EntryPoint\",\"urlTemplate\":\"https:\/\/www.aracartandresidency.com\/?s={search_term_string}\"},\"query-input\":{\"@type\":\"PropertyValueSpecification\",\"valueRequired\":true,\"valueName\":\"search_term_string\"}}],\"inLanguage\":\"ro-RO\"}]}<\/script>\n<!-- \/ Yoast SEO plugin. -->","yoast_head_json":{"title":"Insomnia Nights - Linda Peitz - Arac Art And Residency","description":"Linda Peitz - Insomnia Nights - a talk on the social and political relevance of textiles in contemporary art.","robots":{"index":"index","follow":"follow","max-snippet":"max-snippet:-1","max-image-preview":"max-image-preview:large","max-video-preview":"max-video-preview:-1"},"canonical":"https:\/\/www.aracartandresidency.com\/ro\/linda-peitz-insomnia-nights\/","og_locale":"ro_RO","og_type":"article","og_title":"Insomnia Nights - Linda Peitz - Arac Art And Residency","og_description":"Linda Peitz - Insomnia Nights - a talk on the social and political relevance of textiles in contemporary art.","og_url":"https:\/\/www.aracartandresidency.com\/ro\/linda-peitz-insomnia-nights\/","og_site_name":"Arac Art And Residency","article_modified_time":"2022-05-17T08:48:03+00:00","og_image":[{"width":700,"height":525,"url":"https:\/\/www.aracartandresidency.com\/wp-content\/uploads\/2022\/04\/thank-you-thank-you-site-1-700x525-1.jpg","type":"image\/jpeg"}],"twitter_card":"summary_large_image","twitter_misc":{"Timp estimat pentru citire":"2 minute"},"schema":{"@context":"https:\/\/schema.org","@graph":[{"@type":"WebPage","@id":"https:\/\/www.aracartandresidency.com\/linda-peitz-insomnia-nights\/","url":"https:\/\/www.aracartandresidency.com\/linda-peitz-insomnia-nights\/","name":"Insomnia Nights - Linda Peitz - Arac Art And Residency","isPartOf":{"@id":"https:\/\/www.aracartandresidency.com\/#website"},"primaryImageOfPage":{"@id":"https:\/\/www.aracartandresidency.com\/linda-peitz-insomnia-nights\/#primaryimage"},"image":{"@id":"https:\/\/www.aracartandresidency.com\/linda-peitz-insomnia-nights\/#primaryimage"},"thumbnailUrl":"https:\/\/www.aracartandresidency.com\/wp-content\/uploads\/2022\/04\/thank-you-thank-you-site-1-700x525-1.jpg","datePublished":"2022-04-26T08:16:52+00:00","dateModified":"2022-05-17T08:48:03+00:00","description":"Linda Peitz - Insomnia Nights - a talk on the social and political relevance of textiles in contemporary art.","breadcrumb":{"@id":"https:\/\/www.aracartandresidency.com\/linda-peitz-insomnia-nights\/#breadcrumb"},"inLanguage":"ro-RO","potentialAction":[{"@type":"ReadAction","target":["https:\/\/www.aracartandresidency.com\/linda-peitz-insomnia-nights\/"]}]},{"@type":"ImageObject","inLanguage":"ro-RO","@id":"https:\/\/www.aracartandresidency.com\/linda-peitz-insomnia-nights\/#primaryimage","url":"https:\/\/www.aracartandresidency.com\/wp-content\/uploads\/2022\/04\/thank-you-thank-you-site-1-700x525-1.jpg","contentUrl":"https:\/\/www.aracartandresidency.com\/wp-content\/uploads\/2022\/04\/thank-you-thank-you-site-1-700x525-1.jpg","width":700,"height":525},{"@type":"BreadcrumbList","@id":"https:\/\/www.aracartandresidency.com\/linda-peitz-insomnia-nights\/#breadcrumb","itemListElement":[{"@type":"ListItem","position":1,"name":"Home","item":"https:\/\/www.aracartandresidency.com\/"},{"@type":"ListItem","position":2,"name":"Insomnia Nights &#8211; Linda Peitz"}]},{"@type":"WebSite","@id":"https:\/\/www.aracartandresidency.com\/#website","url":"https:\/\/www.aracartandresidency.com\/","name":"Arac Art And Residency","description":"","potentialAction":[{"@type":"SearchAction","target":{"@type":"EntryPoint","urlTemplate":"https:\/\/www.aracartandresidency.com\/?s={search_term_string}"},"query-input":{"@type":"PropertyValueSpecification","valueRequired":true,"valueName":"search_term_string"}}],"inLanguage":"ro-RO"}]}},"jetpack_sharing_enabled":true,"_links":{"self":[{"href":"https:\/\/www.aracartandresidency.com\/ro\/wp-json\/wp\/v2\/pages\/1625","targetHints":{"allow":["GET"]}}],"collection":[{"href":"https:\/\/www.aracartandresidency.com\/ro\/wp-json\/wp\/v2\/pages"}],"about":[{"href":"https:\/\/www.aracartandresidency.com\/ro\/wp-json\/wp\/v2\/types\/page"}],"author":[{"embeddable":true,"href":"https:\/\/www.aracartandresidency.com\/ro\/wp-json\/wp\/v2\/users\/3"}],"replies":[{"embeddable":true,"href":"https:\/\/www.aracartandresidency.com\/ro\/wp-json\/wp\/v2\/comments?post=1625"}],"version-history":[{"count":9,"href":"https:\/\/www.aracartandresidency.com\/ro\/wp-json\/wp\/v2\/pages\/1625\/revisions"}],"predecessor-version":[{"id":1813,"href":"https:\/\/www.aracartandresidency.com\/ro\/wp-json\/wp\/v2\/pages\/1625\/revisions\/1813"}],"wp:featuredmedia":[{"embeddable":true,"href":"https:\/\/www.aracartandresidency.com\/ro\/wp-json\/wp\/v2\/media\/1628"}],"wp:attachment":[{"href":"https:\/\/www.aracartandresidency.com\/ro\/wp-json\/wp\/v2\/media?parent=1625"}],"curies":[{"name":"wp","href":"https:\/\/api.w.org\/{rel}","templated":true}]}}